{"id":292,"date":"2021-05-19T06:48:25","date_gmt":"2021-05-19T06:48:25","guid":{"rendered":"https:\/\/cms.indutech-seidl.de\/?page_id=292"},"modified":"2021-05-28T07:52:37","modified_gmt":"2021-05-28T07:52:37","slug":"chp-7-3","status":"publish","type":"page","link":"https:\/\/cms.indutech-seidl.de\/index.php\/chp-7-3\/","title":{"rendered":"CHP-7"},"content":{"rendered":"\t\t<div data-elementor-type=\"wp-page\" data-elementor-id=\"292\" class=\"elementor elementor-292\">\n\t\t\t\t\t\t<section class=\"elementor-section elementor-top-section elementor-element elementor-element-95c62a8 elementor-section-boxed elementor-section-height-default elementor-section-height-default\" data-id=\"95c62a8\" data-element_type=\"section\" data-e-type=\"section\">\n\t\t\t\t\t\t<div class=\"elementor-container elementor-column-gap-default\">\n\t\t\t\t\t<div class=\"elementor-column elementor-col-100 elementor-top-column elementor-element elementor-element-87a655c\" data-id=\"87a655c\" data-element_type=\"column\" data-e-type=\"column\" data-settings=\"{&quot;background_background&quot;:&quot;classic&quot;}\">\n\t\t\t<div class=\"elementor-widget-wrap elementor-element-populated\">\n\t\t\t\t\t\t<div class=\"elementor-element elementor-element-aee1c9a elementor-widget elementor-widget-heading\" data-id=\"aee1c9a\" data-element_type=\"widget\" data-e-type=\"widget\" data-widget_type=\"heading.default\">\n\t\t\t\t<div class=\"elementor-widget-container\">\n\t\t\t\t\t<h2 class=\"elementor-heading-title elementor-size-default\">CHP-7<\/h2>\t\t\t\t<\/div>\n\t\t\t\t<\/div>\n\t\t\t\t<div class=\"elementor-element elementor-element-e700a92 elementor-widget elementor-widget-eael-adv-tabs\" data-id=\"e700a92\" data-element_type=\"widget\" data-e-type=\"widget\" data-widget_type=\"eael-adv-tabs.default\">\n\t\t\t\t<div class=\"elementor-widget-container\">\n\t\t\t\t\t        <div data-scroll-on-click=\"no\" data-scroll-speed=\"300\" id=\"eael-advance-tabs-e700a92\" class=\"eael-advance-tabs eael-tabs-horizontal eael-tab-auto-active \" data-tabid=\"e700a92\">\n            <div class=\"eael-tabs-nav \">\n                <ul class=\"eael-tab-inline-icon\" role=\"tablist\">\n                                            <li id=\"daten\" class=\"inactive eael-tab-item-trigger eael-tab-nav-item\" aria-selected=\"true\" data-tab=\"1\" role=\"tab\" tabindex=\"0\" aria-controls=\"daten-tab\" aria-expanded=\"false\">\n                            \n                                                                                                                            \n                                                            <span class=\"eael-tab-title title-after-icon\" >Daten<\/span>                            \n                                                    <\/li>\n                                            <li id=\"bilder\" class=\"inactive eael-tab-item-trigger eael-tab-nav-item\" aria-selected=\"false\" data-tab=\"2\" role=\"tab\" tabindex=\"-1\" aria-controls=\"bilder-tab\" aria-expanded=\"false\">\n                            \n                                                                                                                            \n                                                            <span class=\"eael-tab-title title-after-icon\" >Bilder<\/span>                            \n                                                    <\/li>\n                                            <li id=\"video\" class=\"inactive eael-tab-item-trigger eael-tab-nav-item\" aria-selected=\"false\" data-tab=\"3\" role=\"tab\" tabindex=\"-1\" aria-controls=\"video-tab\" aria-expanded=\"false\">\n                            \n                                                                                                                            \n                                                            <span class=\"eael-tab-title title-after-icon\" >Video<\/span>                            \n                                                    <\/li>\n                    \n                                  <\/ul>\n            <\/div>\n            \n            <div class=\"eael-tabs-content\">\n\t\t        \n                    <div id=\"daten-tab\" class=\"clearfix eael-tab-content-item inactive\" data-title-link=\"daten-tab\">\n\t\t\t\t        <p><img fetchpriority=\"high\" decoding=\"async\" class=\" wp-image-164 alignleft\" src=\"https:\/\/cms.indutech-seidl.de\/ahytchov\/2021\/05\/CHP-7-300x225.png\" alt=\"\" width=\"347\" height=\"260\" srcset=\"https:\/\/cms.indutech-seidl.de\/ahytchov\/2021\/05\/CHP-7-300x225.png 300w, https:\/\/cms.indutech-seidl.de\/ahytchov\/2021\/05\/CHP-7-768x576.png 768w, https:\/\/cms.indutech-seidl.de\/ahytchov\/2021\/05\/CHP-7.png 950w\" sizes=\"(max-width: 347px) 100vw, 347px\" \/><\/p><p>Die CHP-7 ist die kleinste Maschine der CHP-Serie.<br \/>Sie ist vielseitig verwendbar und aufgrund ihres geringen Gewichts leicht zu handhaben.<br \/>Sie ist ideal f\u00fcr leichte und d\u00fcnnwandige Materialien einschlie\u00dflich Aluminium.<\/p><p><img decoding=\"async\" class=\"wp-image-48 alignnone\" src=\"https:\/\/cms.indutech-seidl.de\/ahytchov\/2021\/05\/Technische-Zeichnung.png\" alt=\"\" width=\"500\" srcset=\"https:\/\/cms.indutech-seidl.de\/ahytchov\/2021\/05\/Technische-Zeichnung.png 780w, https:\/\/cms.indutech-seidl.de\/ahytchov\/2021\/05\/Technische-Zeichnung-300x80.png 300w, https:\/\/cms.indutech-seidl.de\/ahytchov\/2021\/05\/Technische-Zeichnung-768x206.png 768w\" sizes=\"(max-width: 780px) 100vw, 780px\" \/><\/p><table id=\"Tabelle1\" style=\"margin-top: 100px;border-radius: 5px;border-color: #cfcfcf;background-color: #ced9c1\"><tbody><tr><td style=\"width: 120px\"><strong>Leistung:<\/strong><\/td><td style=\"text-align: left\">0,50 KW<\/td><td style=\"text-align: left\"><strong>Faswinkel standard:<\/strong><\/td><td style=\"text-align: left\">30\u00b0<\/td><\/tr><tr><td style=\"width: 120px;text-align: left\"><strong>Anschlu\u00df:<\/strong><\/td><td style=\"text-align: left\">230\/400 V. 50 Hz<\/td><td style=\"text-align: left\"><strong>Bearbeitbare Blechst\u00e4rken:<\/strong><\/td><td style=\"text-align: left\">3 \u2013 8 mm<\/td><\/tr><tr><td style=\"width: 120px;text-align: left\"><strong>Fasgeschwindigkeit:<\/strong><\/td><td style=\"text-align: left\">1,8 m\/min.<\/td><td style=\"text-align: left\"><strong>Fasen von Rohr:<\/strong><\/td><td style=\"text-align: left\">min. ID 100 mm<\/td><\/tr><tr><td style=\"width: 120px;text-align: left\"><strong>Max. Fase erster Faslauf:<\/strong><\/td><td style=\"text-align: left\">6 mm<\/td><td style=\"text-align: left\"><strong>Maschinengewicht:<\/strong><\/td><td style=\"text-align: left\">34 kg<\/td><\/tr><\/tbody><\/table>                    <\/div>\n\t\t        \n                    <div id=\"bilder-tab\" class=\"clearfix eael-tab-content-item inactive\" data-title-link=\"bilder-tab\">\n\t\t\t\t        <p><img decoding=\"async\" class=\"wp-image-56 alignleft\" src=\"https:\/\/cms.indutech-seidl.de\/ahytchov\/2021\/05\/CHP-7-1-1024x576.png\" alt=\"\" width=\"423\" height=\"238\" srcset=\"https:\/\/cms.indutech-seidl.de\/ahytchov\/2021\/05\/CHP-7-1-1024x576.png 1024w, https:\/\/cms.indutech-seidl.de\/ahytchov\/2021\/05\/CHP-7-1-300x169.png 300w, https:\/\/cms.indutech-seidl.de\/ahytchov\/2021\/05\/CHP-7-1-768x432.png 768w, https:\/\/cms.indutech-seidl.de\/ahytchov\/2021\/05\/CHP-7-1.png 1098w\" sizes=\"(max-width: 423px) 100vw, 423px\" \/><img decoding=\"async\" class=\"wp-image-57\" src=\"https:\/\/cms.indutech-seidl.de\/ahytchov\/2021\/05\/CHP-7-2-1024x576.png\" alt=\"\" width=\"371\" height=\"208\" srcset=\"https:\/\/cms.indutech-seidl.de\/ahytchov\/2021\/05\/CHP-7-2-1024x576.png 1024w, https:\/\/cms.indutech-seidl.de\/ahytchov\/2021\/05\/CHP-7-2-300x169.png 300w, https:\/\/cms.indutech-seidl.de\/ahytchov\/2021\/05\/CHP-7-2-768x432.png 768w, https:\/\/cms.indutech-seidl.de\/ahytchov\/2021\/05\/CHP-7-2.png 1098w\" sizes=\"(max-width: 371px) 100vw, 371px\" \/><\/p><p>\u00a0<\/p>                    <\/div>\n\t\t        \n                    <div id=\"video-tab\" class=\"clearfix eael-tab-content-item inactive\" data-title-link=\"video-tab\">\n\t\t\t\t        <center><iframe title=\"YouTube video player\" src=\"https:\/\/www.youtube.com\/embed\/_qBA3DB46Ro\" width=\"700\" height=\"394\" allowfullscreen=\"allowfullscreen\"><\/iframe><\/center>                    <\/div>\n\t\t                    <\/div>\n        <\/div>\n\t\t\t\t<\/div>\n\t\t\t\t<\/div>\n\t\t\t\t<div class=\"elementor-element elementor-element-7bf7d35 elementor-widget elementor-widget-text-editor\" data-id=\"7bf7d35\" data-element_type=\"widget\" data-e-type=\"widget\" data-widget_type=\"text-editor.default\">\n\t\t\t\t<div class=\"elementor-widget-container\">\n\t\t\t\t\t\t\t\t\t<p>Zubeh\u00f6r f\u00fcr diese Maschine<\/p>\t\t\t\t\t\t\t\t<\/div>\n\t\t\t\t<\/div>\n\t\t\t\t<section class=\"elementor-section elementor-inner-section elementor-element elementor-element-24bfd77 elementor-section-boxed elementor-section-height-default elementor-section-height-default\" data-id=\"24bfd77\" data-element_type=\"section\" data-e-type=\"section\">\n\t\t\t\t\t\t<div class=\"elementor-container elementor-column-gap-default\">\n\t\t\t\t\t<div class=\"elementor-column elementor-col-25 elementor-inner-column elementor-element elementor-element-bc78189\" data-id=\"bc78189\" data-element_type=\"column\" data-e-type=\"column\">\n\t\t\t<div class=\"elementor-widget-wrap elementor-element-populated\">\n\t\t\t\t\t\t<div class=\"elementor-element elementor-element-3721073 elementor-widget elementor-widget-image\" data-id=\"3721073\" data-element_type=\"widget\" data-e-type=\"widget\" data-widget_type=\"image.default\">\n\t\t\t\t<div class=\"elementor-widget-container\">\n\t\t\t\t\t\t\t\t\t\t\t\t\t\t\t<img loading=\"lazy\" decoding=\"async\" width=\"103\" height=\"97\" src=\"https:\/\/cms.indutech-seidl.de\/ahytchov\/2021\/05\/Fraeser.png\" class=\"attachment-large size-large wp-image-40\" alt=\"\" \/>\t\t\t\t\t\t\t\t\t\t\t\t\t\t\t<\/div>\n\t\t\t\t<\/div>\n\t\t\t\t<div class=\"elementor-element elementor-element-af9f95e elementor-widget elementor-widget-text-editor\" data-id=\"af9f95e\" data-element_type=\"widget\" data-e-type=\"widget\" data-widget_type=\"text-editor.default\">\n\t\t\t\t<div class=\"elementor-widget-container\">\n\t\t\t\t\t\t\t\t\t<p>Baustahlfr\u00e4ser<\/p>\t\t\t\t\t\t\t\t<\/div>\n\t\t\t\t<\/div>\n\t\t\t\t\t<\/div>\n\t\t<\/div>\n\t\t\t\t<div class=\"elementor-column elementor-col-25 elementor-inner-column elementor-element elementor-element-d7b79a1\" data-id=\"d7b79a1\" data-element_type=\"column\" data-e-type=\"column\">\n\t\t\t<div class=\"elementor-widget-wrap elementor-element-populated\">\n\t\t\t\t\t\t<div class=\"elementor-element elementor-element-01d9f73 elementor-widget elementor-widget-image\" data-id=\"01d9f73\" data-element_type=\"widget\" data-e-type=\"widget\" data-widget_type=\"image.default\">\n\t\t\t\t<div class=\"elementor-widget-container\">\n\t\t\t\t\t\t\t\t\t\t\t\t\t\t\t<img loading=\"lazy\" decoding=\"async\" width=\"103\" height=\"97\" src=\"https:\/\/cms.indutech-seidl.de\/ahytchov\/2021\/05\/Fraeser_edelstahl.png\" class=\"attachment-large size-large wp-image-352\" alt=\"\" \/>\t\t\t\t\t\t\t\t\t\t\t\t\t\t\t<\/div>\n\t\t\t\t<\/div>\n\t\t\t\t<div class=\"elementor-element elementor-element-49de80d elementor-widget elementor-widget-text-editor\" data-id=\"49de80d\" data-element_type=\"widget\" data-e-type=\"widget\" data-widget_type=\"text-editor.default\">\n\t\t\t\t<div class=\"elementor-widget-container\">\n\t\t\t\t\t\t\t\t\t<p>Edelstahlfr\u00e4ser<br \/>(hartmetall-beschichtet)<\/p>\t\t\t\t\t\t\t\t<\/div>\n\t\t\t\t<\/div>\n\t\t\t\t\t<\/div>\n\t\t<\/div>\n\t\t\t\t<div class=\"elementor-column elementor-col-25 elementor-inner-column elementor-element elementor-element-22c1386\" data-id=\"22c1386\" data-element_type=\"column\" data-e-type=\"column\">\n\t\t\t<div class=\"elementor-widget-wrap elementor-element-populated\">\n\t\t\t\t\t\t<div class=\"elementor-element elementor-element-821abfd elementor-widget elementor-widget-image\" data-id=\"821abfd\" data-element_type=\"widget\" data-e-type=\"widget\" data-widget_type=\"image.default\">\n\t\t\t\t<div class=\"elementor-widget-container\">\n\t\t\t\t\t\t\t\t\t\t\t\t\t\t\t<img loading=\"lazy\" decoding=\"async\" width=\"103\" height=\"97\" src=\"https:\/\/cms.indutech-seidl.de\/ahytchov\/2021\/05\/Winkelrolle.png\" class=\"attachment-large size-large wp-image-54\" alt=\"\" \/>\t\t\t\t\t\t\t\t\t\t\t\t\t\t\t<\/div>\n\t\t\t\t<\/div>\n\t\t\t\t<div class=\"elementor-element elementor-element-045a1a9 elementor-widget elementor-widget-text-editor\" data-id=\"045a1a9\" data-element_type=\"widget\" data-e-type=\"widget\" data-widget_type=\"text-editor.default\">\n\t\t\t\t<div class=\"elementor-widget-container\">\n\t\t\t\t\t\t\t\t\t<p>Winkelrolleneinheit<br \/>22,5\u00ba-25\u00ba-30\u00ba-<br \/>35\u00ba-37,5\u00ba-45\u00ba<\/p>\t\t\t\t\t\t\t\t<\/div>\n\t\t\t\t<\/div>\n\t\t\t\t\t<\/div>\n\t\t<\/div>\n\t\t\t\t<div class=\"elementor-column elementor-col-25 elementor-inner-column elementor-element elementor-element-556537e\" data-id=\"556537e\" data-element_type=\"column\" data-e-type=\"column\">\n\t\t\t<div class=\"elementor-widget-wrap\">\n\t\t\t\t\t\t\t<\/div>\n\t\t<\/div>\n\t\t\t\t\t<\/div>\n\t\t<\/section>\n\t\t\t\t\t<\/div>\n\t\t<\/div>\n\t\t\t\t\t<\/div>\n\t\t<\/section>\n\t\t\t\t<\/div>\n\t\t","protected":false},"excerpt":{"rendered":"<p>CHP-7 Daten Bilder Video Die CHP-7 ist die kleinste Maschine der CHP-Serie.Sie ist vielseitig verwendbar und aufgrund ihres geringen Gewichts leicht zu handhaben.Sie ist ideal f\u00fcr leichte und d\u00fcnnwandige Materialien einschlie\u00dflich Aluminium. Leistung: 0,50 KW Faswinkel standard: 30\u00b0 Anschlu\u00df: 230\/400 V. 50 Hz Bearbeitbare Blechst\u00e4rken: 3 \u2013 8 mm Fasgeschwindigkeit: 1,8 m\/min. Fasen von Rohr: [&hellip;]<\/p>\n","protected":false},"author":1,"featured_media":0,"parent":0,"menu_order":0,"comment_status":"closed","ping_status":"closed","template":"","meta":{"ocean_post_layout":"","ocean_both_sidebars_style":"","ocean_both_sidebars_content_width":0,"ocean_both_sidebars_sidebars_width":0,"ocean_sidebar":"0","ocean_second_sidebar":"0","ocean_disable_margins":"enable","ocean_add_body_class":"","ocean_shortcode_before_top_bar":"","ocean_shortcode_after_top_bar":"","ocean_shortcode_before_header":"","ocean_shortcode_after_header":"","ocean_has_shortcode":"","ocean_shortcode_after_title":"","ocean_shortcode_before_footer_widgets":"","ocean_shortcode_after_footer_widgets":"","ocean_shortcode_before_footer_bottom":"","ocean_shortcode_after_footer_bottom":"","ocean_display_top_bar":"default","ocean_display_header":"default","ocean_header_style":"","ocean_center_header_left_menu":"0","ocean_custom_header_template":"0","ocean_custom_logo":0,"ocean_custom_retina_logo":0,"ocean_custom_logo_max_width":0,"ocean_custom_logo_tablet_max_width":0,"ocean_custom_logo_mobile_max_width":0,"ocean_custom_logo_max_height":0,"ocean_custom_logo_tablet_max_height":0,"ocean_custom_logo_mobile_max_height":0,"ocean_header_custom_menu":"0","ocean_menu_typo_font_family":"0","ocean_menu_typo_font_subset":"","ocean_menu_typo_font_size":0,"ocean_menu_typo_font_size_tablet":0,"ocean_menu_typo_font_size_mobile":0,"ocean_menu_typo_font_size_unit":"px","ocean_menu_typo_font_weight":"","ocean_menu_typo_font_weight_tablet":"","ocean_menu_typo_font_weight_mobile":"","ocean_menu_typo_transform":"","ocean_menu_typo_transform_tablet":"","ocean_menu_typo_transform_mobile":"","ocean_menu_typo_line_height":0,"ocean_menu_typo_line_height_tablet":0,"ocean_menu_typo_line_height_mobile":0,"ocean_menu_typo_line_height_unit":"","ocean_menu_typo_spacing":0,"ocean_menu_typo_spacing_tablet":0,"ocean_menu_typo_spacing_mobile":0,"ocean_menu_typo_spacing_unit":"","ocean_menu_link_color":"","ocean_menu_link_color_hover":"","ocean_menu_link_color_active":"","ocean_menu_link_background":"","ocean_menu_link_hover_background":"","ocean_menu_link_active_background":"","ocean_menu_social_links_bg":"","ocean_menu_social_hover_links_bg":"","ocean_menu_social_links_color":"","ocean_menu_social_hover_links_color":"","ocean_disable_title":"default","ocean_disable_heading":"default","ocean_post_title":"","ocean_post_subheading":"","ocean_post_title_style":"","ocean_post_title_background_color":"","ocean_post_title_background":0,"ocean_post_title_bg_image_position":"","ocean_post_title_bg_image_attachment":"","ocean_post_title_bg_image_repeat":"","ocean_post_title_bg_image_size":"","ocean_post_title_height":0,"ocean_post_title_bg_overlay":0.5,"ocean_post_title_bg_overlay_color":"","ocean_disable_breadcrumbs":"default","ocean_breadcrumbs_color":"","ocean_breadcrumbs_separator_color":"","ocean_breadcrumbs_links_color":"","ocean_breadcrumbs_links_hover_color":"","ocean_display_footer_widgets":"default","ocean_display_footer_bottom":"default","ocean_custom_footer_template":"0","footnotes":""},"class_list":["post-292","page","type-page","status-publish","hentry","entry"],"yoast_head":"\n<title>CHP-7 - Industrietechnik Rudolf Seidl-Schwei\u00dfkantenformer-Anfasmaschinen<\/title>\n<meta name=\"robots\" content=\"index, follow, max-snippet:-1, max-image-preview:large, max-video-preview:-1\" \/>\n<link rel=\"canonical\" href=\"https:\/\/cms.indutech-seidl.de\/index.php\/chp-7-3\/\" \/>\n<meta property=\"og:locale\" content=\"de_DE\" \/>\n<meta property=\"og:type\" content=\"article\" \/>\n<meta property=\"og:title\" content=\"CHP-7 - Industrietechnik Rudolf Seidl-Schwei\u00dfkantenformer-Anfasmaschinen\" \/>\n<meta property=\"og:description\" content=\"CHP-7 Daten Bilder Video Die CHP-7 ist die kleinste Maschine der CHP-Serie.Sie ist vielseitig verwendbar und aufgrund ihres geringen Gewichts leicht zu handhaben.Sie ist ideal f\u00fcr leichte und d\u00fcnnwandige Materialien einschlie\u00dflich Aluminium. Leistung: 0,50 KW Faswinkel standard: 30\u00b0 Anschlu\u00df: 230\/400 V. 50 Hz Bearbeitbare Blechst\u00e4rken: 3 \u2013 8 mm Fasgeschwindigkeit: 1,8 m\/min. Fasen von Rohr: [&hellip;]\" \/>\n<meta property=\"og:url\" content=\"https:\/\/cms.indutech-seidl.de\/index.php\/chp-7-3\/\" \/>\n<meta property=\"og:site_name\" content=\"Industrietechnik Rudolf Seidl-Schwei\u00dfkantenformer-Anfasmaschinen\" \/>\n<meta property=\"article:modified_time\" content=\"2021-05-28T07:52:37+00:00\" \/>\n<meta property=\"og:image\" content=\"https:\/\/cms.indutech-seidl.de\/ahytchov\/2021\/05\/CHP-7-300x225.png\" \/>\n<meta name=\"twitter:card\" content=\"summary_large_image\" \/>\n<meta name=\"twitter:label1\" content=\"Gesch\u00e4tzte Lesezeit\" \/>\n\t<meta name=\"twitter:data1\" content=\"2\u00a0Minuten\" \/>\n<script type=\"application\/ld+json\" class=\"yoast-schema-graph\">{\"@context\":\"https:\\\/\\\/schema.org\",\"@graph\":[{\"@type\":\"WebPage\",\"@id\":\"https:\\\/\\\/cms.indutech-seidl.de\\\/index.php\\\/chp-7-3\\\/\",\"url\":\"https:\\\/\\\/cms.indutech-seidl.de\\\/index.php\\\/chp-7-3\\\/\",\"name\":\"CHP-7 - Industrietechnik Rudolf Seidl-Schwei\u00dfkantenformer-Anfasmaschinen\",\"isPartOf\":{\"@id\":\"https:\\\/\\\/cms.indutech-seidl.de\\\/#website\"},\"primaryImageOfPage\":{\"@id\":\"https:\\\/\\\/cms.indutech-seidl.de\\\/index.php\\\/chp-7-3\\\/#primaryimage\"},\"image\":{\"@id\":\"https:\\\/\\\/cms.indutech-seidl.de\\\/index.php\\\/chp-7-3\\\/#primaryimage\"},\"thumbnailUrl\":\"https:\\\/\\\/cms.indutech-seidl.de\\\/wp-content\\\/uploads\\\/2021\\\/05\\\/CHP-7-300x225.png\",\"datePublished\":\"2021-05-19T06:48:25+00:00\",\"dateModified\":\"2021-05-28T07:52:37+00:00\",\"breadcrumb\":{\"@id\":\"https:\\\/\\\/cms.indutech-seidl.de\\\/index.php\\\/chp-7-3\\\/#breadcrumb\"},\"inLanguage\":\"de\",\"potentialAction\":[{\"@type\":\"ReadAction\",\"target\":[\"https:\\\/\\\/cms.indutech-seidl.de\\\/index.php\\\/chp-7-3\\\/\"]}]},{\"@type\":\"ImageObject\",\"inLanguage\":\"de\",\"@id\":\"https:\\\/\\\/cms.indutech-seidl.de\\\/index.php\\\/chp-7-3\\\/#primaryimage\",\"url\":\"https:\\\/\\\/cms.indutech-seidl.de\\\/wp-content\\\/uploads\\\/2021\\\/05\\\/CHP-7.png\",\"contentUrl\":\"https:\\\/\\\/cms.indutech-seidl.de\\\/wp-content\\\/uploads\\\/2021\\\/05\\\/CHP-7.png\",\"width\":950,\"height\":713},{\"@type\":\"BreadcrumbList\",\"@id\":\"https:\\\/\\\/cms.indutech-seidl.de\\\/index.php\\\/chp-7-3\\\/#breadcrumb\",\"itemListElement\":[{\"@type\":\"ListItem\",\"position\":1,\"name\":\"Startseite\",\"item\":\"https:\\\/\\\/cms.indutech-seidl.de\\\/\"},{\"@type\":\"ListItem\",\"position\":2,\"name\":\"CHP-7\"}]},{\"@type\":\"WebSite\",\"@id\":\"https:\\\/\\\/cms.indutech-seidl.de\\\/#website\",\"url\":\"https:\\\/\\\/cms.indutech-seidl.de\\\/\",\"name\":\"Industrietechnik Rudolf Seidl-Schwei\u00dfkantenformer-Anfasmaschinen\",\"description\":\"Industrietechnik Rudolf Seidl\",\"potentialAction\":[{\"@type\":\"SearchAction\",\"target\":{\"@type\":\"EntryPoint\",\"urlTemplate\":\"https:\\\/\\\/cms.indutech-seidl.de\\\/?s={search_term_string}\"},\"query-input\":{\"@type\":\"PropertyValueSpecification\",\"valueRequired\":true,\"valueName\":\"search_term_string\"}}],\"inLanguage\":\"de\"}]}<\/script>\n","yoast_head_json":{"title":"CHP-7 - Industrietechnik Rudolf Seidl-Schwei\u00dfkantenformer-Anfasmaschinen","robots":{"index":"index","follow":"follow","max-snippet":"max-snippet:-1","max-image-preview":"max-image-preview:large","max-video-preview":"max-video-preview:-1"},"canonical":"https:\/\/cms.indutech-seidl.de\/index.php\/chp-7-3\/","og_locale":"de_DE","og_type":"article","og_title":"CHP-7 - Industrietechnik Rudolf Seidl-Schwei\u00dfkantenformer-Anfasmaschinen","og_description":"CHP-7 Daten Bilder Video Die CHP-7 ist die kleinste Maschine der CHP-Serie.Sie ist vielseitig verwendbar und aufgrund ihres geringen Gewichts leicht zu handhaben.Sie ist ideal f\u00fcr leichte und d\u00fcnnwandige Materialien einschlie\u00dflich Aluminium. Leistung: 0,50 KW Faswinkel standard: 30\u00b0 Anschlu\u00df: 230\/400 V. 50 Hz Bearbeitbare Blechst\u00e4rken: 3 \u2013 8 mm Fasgeschwindigkeit: 1,8 m\/min. Fasen von Rohr: [&hellip;]","og_url":"https:\/\/cms.indutech-seidl.de\/index.php\/chp-7-3\/","og_site_name":"Industrietechnik Rudolf Seidl-Schwei\u00dfkantenformer-Anfasmaschinen","article_modified_time":"2021-05-28T07:52:37+00:00","og_image":[{"url":"https:\/\/cms.indutech-seidl.de\/ahytchov\/2021\/05\/CHP-7-300x225.png","type":"","width":"","height":""}],"twitter_card":"summary_large_image","twitter_misc":{"Gesch\u00e4tzte Lesezeit":"2\u00a0Minuten"},"schema":{"@context":"https:\/\/schema.org","@graph":[{"@type":"WebPage","@id":"https:\/\/cms.indutech-seidl.de\/index.php\/chp-7-3\/","url":"https:\/\/cms.indutech-seidl.de\/index.php\/chp-7-3\/","name":"CHP-7 - Industrietechnik Rudolf Seidl-Schwei\u00dfkantenformer-Anfasmaschinen","isPartOf":{"@id":"https:\/\/cms.indutech-seidl.de\/#website"},"primaryImageOfPage":{"@id":"https:\/\/cms.indutech-seidl.de\/index.php\/chp-7-3\/#primaryimage"},"image":{"@id":"https:\/\/cms.indutech-seidl.de\/index.php\/chp-7-3\/#primaryimage"},"thumbnailUrl":"https:\/\/cms.indutech-seidl.de\/ahytchov\/2021\/05\/CHP-7-300x225.png","datePublished":"2021-05-19T06:48:25+00:00","dateModified":"2021-05-28T07:52:37+00:00","breadcrumb":{"@id":"https:\/\/cms.indutech-seidl.de\/index.php\/chp-7-3\/#breadcrumb"},"inLanguage":"de","potentialAction":[{"@type":"ReadAction","target":["https:\/\/cms.indutech-seidl.de\/index.php\/chp-7-3\/"]}]},{"@type":"ImageObject","inLanguage":"de","@id":"https:\/\/cms.indutech-seidl.de\/index.php\/chp-7-3\/#primaryimage","url":"https:\/\/cms.indutech-seidl.de\/ahytchov\/2021\/05\/CHP-7.png","contentUrl":"https:\/\/cms.indutech-seidl.de\/ahytchov\/2021\/05\/CHP-7.png","width":950,"height":713},{"@type":"BreadcrumbList","@id":"https:\/\/cms.indutech-seidl.de\/index.php\/chp-7-3\/#breadcrumb","itemListElement":[{"@type":"ListItem","position":1,"name":"Startseite","item":"https:\/\/cms.indutech-seidl.de\/"},{"@type":"ListItem","position":2,"name":"CHP-7"}]},{"@type":"WebSite","@id":"https:\/\/cms.indutech-seidl.de\/#website","url":"https:\/\/cms.indutech-seidl.de\/","name":"Industrietechnik Rudolf Seidl-Schwei\u00dfkantenformer-Anfasmaschinen","description":"Industrietechnik Rudolf Seidl","potentialAction":[{"@type":"SearchAction","target":{"@type":"EntryPoint","urlTemplate":"https:\/\/cms.indutech-seidl.de\/?s={search_term_string}"},"query-input":{"@type":"PropertyValueSpecification","valueRequired":true,"valueName":"search_term_string"}}],"inLanguage":"de"}]}},"_links":{"self":[{"href":"https:\/\/cms.indutech-seidl.de\/index.php\/wp-json\/wp\/v2\/pages\/292","targetHints":{"allow":["GET"]}}],"collection":[{"href":"https:\/\/cms.indutech-seidl.de\/index.php\/wp-json\/wp\/v2\/pages"}],"about":[{"href":"https:\/\/cms.indutech-seidl.de\/index.php\/wp-json\/wp\/v2\/types\/page"}],"author":[{"embeddable":true,"href":"https:\/\/cms.indutech-seidl.de\/index.php\/wp-json\/wp\/v2\/users\/1"}],"replies":[{"embeddable":true,"href":"https:\/\/cms.indutech-seidl.de\/index.php\/wp-json\/wp\/v2\/comments?post=292"}],"version-history":[{"count":58,"href":"https:\/\/cms.indutech-seidl.de\/index.php\/wp-json\/wp\/v2\/pages\/292\/revisions"}],"predecessor-version":[{"id":826,"href":"https:\/\/cms.indutech-seidl.de\/index.php\/wp-json\/wp\/v2\/pages\/292\/revisions\/826"}],"wp:attachment":[{"href":"https:\/\/cms.indutech-seidl.de\/index.php\/wp-json\/wp\/v2\/media?parent=292"}],"curies":[{"name":"wp","href":"https:\/\/api.w.org\/{rel}","templated":true}]}}