{"id":383,"date":"2021-05-19T12:29:53","date_gmt":"2021-05-19T12:29:53","guid":{"rendered":"https:\/\/cms.indutech-seidl.de\/?page_id=383"},"modified":"2023-01-30T09:59:31","modified_gmt":"2023-01-30T08:59:31","slug":"chp-21g-2","status":"publish","type":"page","link":"https:\/\/cms.indutech-seidl.de\/index.php\/chp-21g-2\/","title":{"rendered":"CHP-21G"},"content":{"rendered":"\t\t<div data-elementor-type=\"wp-page\" data-elementor-id=\"383\" class=\"elementor elementor-383\">\n\t\t\t\t\t\t<section class=\"elementor-section elementor-top-section elementor-element elementor-element-efe555b elementor-section-boxed elementor-section-height-default elementor-section-height-default\" data-id=\"efe555b\" data-element_type=\"section\" data-e-type=\"section\">\n\t\t\t\t\t\t<div class=\"elementor-container elementor-column-gap-default\">\n\t\t\t\t\t<div class=\"elementor-column elementor-col-100 elementor-top-column elementor-element elementor-element-a35056d\" data-id=\"a35056d\" data-element_type=\"column\" data-e-type=\"column\" data-settings=\"{&quot;background_background&quot;:&quot;classic&quot;}\">\n\t\t\t<div class=\"elementor-widget-wrap elementor-element-populated\">\n\t\t\t\t\t\t<div class=\"elementor-element elementor-element-9d5f857 elementor-widget elementor-widget-heading\" data-id=\"9d5f857\" data-element_type=\"widget\" data-e-type=\"widget\" data-widget_type=\"heading.default\">\n\t\t\t\t<div class=\"elementor-widget-container\">\n\t\t\t\t\t<h2 class=\"elementor-heading-title elementor-size-default\">CHP-21G<\/h2>\t\t\t\t<\/div>\n\t\t\t\t<\/div>\n\t\t\t\t<div class=\"elementor-element elementor-element-66f93f7 elementor-widget elementor-widget-eael-adv-tabs\" data-id=\"66f93f7\" data-element_type=\"widget\" data-e-type=\"widget\" data-widget_type=\"eael-adv-tabs.default\">\n\t\t\t\t<div class=\"elementor-widget-container\">\n\t\t\t\t\t        <div data-scroll-on-click=\"no\" data-scroll-speed=\"300\" id=\"eael-advance-tabs-66f93f7\" class=\"eael-advance-tabs eael-tabs-horizontal eael-tab-auto-active \" data-tabid=\"66f93f7\">\n            <div class=\"eael-tabs-nav \">\n                <ul class=\"eael-tab-inline-icon\" role=\"tablist\">\n                                            <li id=\"daten\" class=\"inactive eael-tab-item-trigger eael-tab-nav-item\" aria-selected=\"true\" data-tab=\"1\" role=\"tab\" tabindex=\"0\" aria-controls=\"daten-tab\" aria-expanded=\"false\">\n                            \n                                                                                                                            \n                                                            <span class=\"eael-tab-title title-after-icon\" >Daten<\/span>                            \n                                                    <\/li>\n                                            <li id=\"bilder\" class=\"inactive eael-tab-item-trigger eael-tab-nav-item\" aria-selected=\"false\" data-tab=\"2\" role=\"tab\" tabindex=\"-1\" aria-controls=\"bilder-tab\" aria-expanded=\"false\">\n                            \n                                                                                                                            \n                                                            <span class=\"eael-tab-title title-after-icon\" >Bilder<\/span>                            \n                                                    <\/li>\n                                            <li id=\"video\" class=\"inactive eael-tab-item-trigger eael-tab-nav-item\" aria-selected=\"false\" data-tab=\"3\" role=\"tab\" tabindex=\"-1\" aria-controls=\"video-tab\" aria-expanded=\"false\">\n                            \n                                                                                                                            \n                                                            <span class=\"eael-tab-title title-after-icon\" >Video<\/span>                            \n                                                    <\/li>\n                    \n                                  <\/ul>\n            <\/div>\n            \n            <div class=\"eael-tabs-content\">\n\t\t        \n                    <div id=\"daten-tab\" class=\"clearfix eael-tab-content-item inactive\" data-title-link=\"daten-tab\">\n\t\t\t\t        <p><img fetchpriority=\"high\" decoding=\"async\" class=\"wp-image-31 alignleft\" src=\"https:\/\/cms.indutech-seidl.de\/ahytchov\/2021\/05\/CHP-21G-1-230x300.png\" alt=\"\" width=\"273\" height=\"356\" srcset=\"https:\/\/cms.indutech-seidl.de\/ahytchov\/2021\/05\/CHP-21G-1-230x300.png 230w, https:\/\/cms.indutech-seidl.de\/ahytchov\/2021\/05\/CHP-21G-1-768x1000.png 768w, https:\/\/cms.indutech-seidl.de\/ahytchov\/2021\/05\/CHP-21G-1.png 780w\" sizes=\"(max-width: 273px) 100vw, 273px\" \/><\/p><p>Die CHP-21G ist eine der gr\u00f6\u00dferen Maschinen innerhalb des Produktprogramms.<br \/>Sie ist geeignet f\u00fcr schwere und dickwandige Materialien.<br \/>In einem Fahrgestell integriert ist sie stufenlos winkelverstellbar von 20\u00b0 \u2013 45\u00b0.<br \/>Ein Sondermodell erm\u00f6glicht das Anbringen einer Unterfase.<\/p><p><img decoding=\"async\" class=\"wp-image-48 alignnone\" src=\"https:\/\/cms.indutech-seidl.de\/ahytchov\/2021\/05\/Technische-Zeichnung.png\" alt=\"\" width=\"500\" srcset=\"https:\/\/cms.indutech-seidl.de\/ahytchov\/2021\/05\/Technische-Zeichnung.png 780w, https:\/\/cms.indutech-seidl.de\/ahytchov\/2021\/05\/Technische-Zeichnung-300x80.png 300w, https:\/\/cms.indutech-seidl.de\/ahytchov\/2021\/05\/Technische-Zeichnung-768x206.png 768w\" sizes=\"(max-width: 780px) 100vw, 780px\" \/><\/p><table id=\"Tabelle1\" style=\"margin-top: 100px;border-radius: 5px;border-color: #cfcfcf;background-color: #ced9c1\"><tbody><tr><td style=\"width: 120px\"><strong>Leistung:<\/strong><\/td><td style=\"text-align: left\">2,50 KW<\/td><td style=\"text-align: left\"><strong>Faswinkel standard:<\/strong><\/td><td style=\"text-align: left\">20\u00b0 \u2013 45\u00b0<\/td><\/tr><tr><td style=\"width: 120px;text-align: left\"><strong>Anschlu\u00df:<\/strong><\/td><td style=\"text-align: left\">230\/400 V. 50 Hz<\/td><td style=\"text-align: left\"><strong>Bearbeitbare Blechst\u00e4rken:<\/strong><\/td><td style=\"text-align: left\">8 \u2013 50 mm<\/td><\/tr><tr><td style=\"width: 120px;text-align: left\"><strong>Fasgeschwindigkeit:<\/strong><\/td><td style=\"text-align: left\">1,7 m\/min.<\/td><td style=\"text-align: left\"><strong>Fasen von Rohr:<\/strong><\/td><td style=\"text-align: left\">min. ID 150 mm<\/td><\/tr><tr><td style=\"width: 120px;text-align: left\"><strong>Max. Fase erster Faslauf:<\/strong><\/td><td style=\"text-align: left\">20 mm<\/td><td style=\"text-align: left\"><strong>Maschinengewicht:<\/strong><\/td><td style=\"text-align: left\">370 kg<\/td><\/tr><\/tbody><\/table>                    <\/div>\n\t\t        \n                    <div id=\"bilder-tab\" class=\"clearfix eael-tab-content-item inactive\" data-title-link=\"bilder-tab\">\n\t\t\t\t        <p><img decoding=\"async\" class=\"size-medium wp-image-30 alignleft\" src=\"https:\/\/cms.indutech-seidl.de\/ahytchov\/2021\/05\/CHP-21G-214x300.png\" alt=\"\" width=\"214\" height=\"300\" srcset=\"https:\/\/cms.indutech-seidl.de\/ahytchov\/2021\/05\/CHP-21G-214x300.png 214w, https:\/\/cms.indutech-seidl.de\/ahytchov\/2021\/05\/CHP-21G.png 275w\" sizes=\"(max-width: 214px) 100vw, 214px\" \/><img decoding=\"async\" class=\"alignnone size-medium wp-image-121\" src=\"https:\/\/cms.indutech-seidl.de\/ahytchov\/2021\/05\/chp-21G_500_1-241x300.png\" alt=\"\" width=\"241\" height=\"300\" srcset=\"https:\/\/cms.indutech-seidl.de\/ahytchov\/2021\/05\/chp-21G_500_1-241x300.png 241w, https:\/\/cms.indutech-seidl.de\/ahytchov\/2021\/05\/chp-21G_500_1.png 401w\" sizes=\"(max-width: 241px) 100vw, 241px\" \/><\/p>                    <\/div>\n\t\t        \n                    <div id=\"video-tab\" class=\"clearfix eael-tab-content-item inactive\" data-title-link=\"video-tab\">\n\t\t\t\t        <center><iframe width=\"700\" height=\"394\" src=\"https:\/\/www.youtube.com\/embed\/wRYxZVPptmQ\" title=\"YouTube video player\" allowfullscreen><\/iframe><\/center>                    <\/div>\n\t\t                    <\/div>\n        <\/div>\n\t\t\t\t<\/div>\n\t\t\t\t<\/div>\n\t\t\t\t<div class=\"elementor-element elementor-element-0de50f7 elementor-widget elementor-widget-text-editor\" data-id=\"0de50f7\" data-element_type=\"widget\" data-e-type=\"widget\" data-widget_type=\"text-editor.default\">\n\t\t\t\t<div class=\"elementor-widget-container\">\n\t\t\t\t\t\t\t\t\t<p>Zubeh\u00f6r f\u00fcr diese Maschine<\/p>\t\t\t\t\t\t\t\t<\/div>\n\t\t\t\t<\/div>\n\t\t\t\t<section class=\"elementor-section elementor-inner-section elementor-element elementor-element-edde8a9 elementor-section-boxed elementor-section-height-default elementor-section-height-default\" data-id=\"edde8a9\" data-element_type=\"section\" data-e-type=\"section\">\n\t\t\t\t\t\t<div class=\"elementor-container elementor-column-gap-default\">\n\t\t\t\t\t<div class=\"elementor-column elementor-col-20 elementor-inner-column elementor-element elementor-element-a438bd4\" data-id=\"a438bd4\" data-element_type=\"column\" data-e-type=\"column\">\n\t\t\t<div class=\"elementor-widget-wrap elementor-element-populated\">\n\t\t\t\t\t\t<div class=\"elementor-element elementor-element-9e020bb elementor-widget elementor-widget-image\" data-id=\"9e020bb\" data-element_type=\"widget\" data-e-type=\"widget\" data-widget_type=\"image.default\">\n\t\t\t\t<div class=\"elementor-widget-container\">\n\t\t\t\t\t\t\t\t\t\t\t\t\t\t\t<img loading=\"lazy\" decoding=\"async\" width=\"103\" height=\"97\" src=\"https:\/\/cms.indutech-seidl.de\/ahytchov\/2021\/05\/Fraeser_gross.png\" class=\"attachment-large size-large wp-image-123\" alt=\"\" \/>\t\t\t\t\t\t\t\t\t\t\t\t\t\t\t<\/div>\n\t\t\t\t<\/div>\n\t\t\t\t<div class=\"elementor-element elementor-element-96edc45 elementor-widget elementor-widget-text-editor\" data-id=\"96edc45\" data-element_type=\"widget\" data-e-type=\"widget\" data-widget_type=\"text-editor.default\">\n\t\t\t\t<div class=\"elementor-widget-container\">\n\t\t\t\t\t\t\t\t\t<p>Baustahlfr\u00e4ser<\/p>\t\t\t\t\t\t\t\t<\/div>\n\t\t\t\t<\/div>\n\t\t\t\t\t<\/div>\n\t\t<\/div>\n\t\t\t\t<div class=\"elementor-column elementor-col-20 elementor-inner-column elementor-element elementor-element-551aaf4\" data-id=\"551aaf4\" data-element_type=\"column\" data-e-type=\"column\">\n\t\t\t<div class=\"elementor-widget-wrap elementor-element-populated\">\n\t\t\t\t\t\t<div class=\"elementor-element elementor-element-0178453 elementor-widget elementor-widget-image\" data-id=\"0178453\" data-element_type=\"widget\" data-e-type=\"widget\" data-widget_type=\"image.default\">\n\t\t\t\t<div class=\"elementor-widget-container\">\n\t\t\t\t\t\t\t\t\t\t\t\t\t\t\t<img loading=\"lazy\" decoding=\"async\" width=\"103\" height=\"97\" src=\"https:\/\/cms.indutech-seidl.de\/ahytchov\/2021\/05\/Fraeser_gross.png\" class=\"attachment-large size-large wp-image-123\" alt=\"\" \/>\t\t\t\t\t\t\t\t\t\t\t\t\t\t\t<\/div>\n\t\t\t\t<\/div>\n\t\t\t\t<div class=\"elementor-element elementor-element-d33fffc elementor-widget elementor-widget-text-editor\" data-id=\"d33fffc\" data-element_type=\"widget\" data-e-type=\"widget\" data-widget_type=\"text-editor.default\">\n\t\t\t\t<div class=\"elementor-widget-container\">\n\t\t\t\t\t\t\t\t\t<p>Edelstahlfr\u00e4ser<br \/>(hartmetall-beschichtet)<\/p>\t\t\t\t\t\t\t\t<\/div>\n\t\t\t\t<\/div>\n\t\t\t\t\t<\/div>\n\t\t<\/div>\n\t\t\t\t<div class=\"elementor-column elementor-col-20 elementor-inner-column elementor-element elementor-element-6c9719b\" data-id=\"6c9719b\" data-element_type=\"column\" data-e-type=\"column\">\n\t\t\t<div class=\"elementor-widget-wrap\">\n\t\t\t\t\t\t\t<\/div>\n\t\t<\/div>\n\t\t\t\t<div class=\"elementor-column elementor-col-20 elementor-inner-column elementor-element elementor-element-cd44480\" data-id=\"cd44480\" data-element_type=\"column\" data-e-type=\"column\">\n\t\t\t<div class=\"elementor-widget-wrap\">\n\t\t\t\t\t\t\t<\/div>\n\t\t<\/div>\n\t\t\t\t<div class=\"elementor-column elementor-col-20 elementor-inner-column elementor-element elementor-element-a27e955\" data-id=\"a27e955\" data-element_type=\"column\" data-e-type=\"column\">\n\t\t\t<div class=\"elementor-widget-wrap\">\n\t\t\t\t\t\t\t<\/div>\n\t\t<\/div>\n\t\t\t\t\t<\/div>\n\t\t<\/section>\n\t\t\t\t\t<\/div>\n\t\t<\/div>\n\t\t\t\t\t<\/div>\n\t\t<\/section>\n\t\t\t\t<\/div>\n\t\t","protected":false},"excerpt":{"rendered":"<p>CHP-21G Daten Bilder Video Die CHP-21G ist eine der gr\u00f6\u00dferen Maschinen innerhalb des Produktprogramms.Sie ist geeignet f\u00fcr schwere und dickwandige Materialien.In einem Fahrgestell integriert ist sie stufenlos winkelverstellbar von 20\u00b0 \u2013 45\u00b0.Ein Sondermodell erm\u00f6glicht das Anbringen einer Unterfase. Leistung: 2,50 KW Faswinkel standard: 20\u00b0 \u2013 45\u00b0 Anschlu\u00df: 230\/400 V. 50 Hz Bearbeitbare Blechst\u00e4rken: 8 \u2013 [&hellip;]<\/p>\n","protected":false},"author":1,"featured_media":0,"parent":0,"menu_order":0,"comment_status":"closed","ping_status":"closed","template":"","meta":{"ocean_post_layout":"","ocean_both_sidebars_style":"","ocean_both_sidebars_content_width":0,"ocean_both_sidebars_sidebars_width":0,"ocean_sidebar":"0","ocean_second_sidebar":"0","ocean_disable_margins":"enable","ocean_add_body_class":"","ocean_shortcode_before_top_bar":"","ocean_shortcode_after_top_bar":"","ocean_shortcode_before_header":"","ocean_shortcode_after_header":"","ocean_has_shortcode":"","ocean_shortcode_after_title":"","ocean_shortcode_before_footer_widgets":"","ocean_shortcode_after_footer_widgets":"","ocean_shortcode_before_footer_bottom":"","ocean_shortcode_after_footer_bottom":"","ocean_display_top_bar":"default","ocean_display_header":"default","ocean_header_style":"","ocean_center_header_left_menu":"0","ocean_custom_header_template":"0","ocean_custom_logo":0,"ocean_custom_retina_logo":0,"ocean_custom_logo_max_width":0,"ocean_custom_logo_tablet_max_width":0,"ocean_custom_logo_mobile_max_width":0,"ocean_custom_logo_max_height":0,"ocean_custom_logo_tablet_max_height":0,"ocean_custom_logo_mobile_max_height":0,"ocean_header_custom_menu":"0","ocean_menu_typo_font_family":"0","ocean_menu_typo_font_subset":"","ocean_menu_typo_font_size":0,"ocean_menu_typo_font_size_tablet":0,"ocean_menu_typo_font_size_mobile":0,"ocean_menu_typo_font_size_unit":"px","ocean_menu_typo_font_weight":"","ocean_menu_typo_font_weight_tablet":"","ocean_menu_typo_font_weight_mobile":"","ocean_menu_typo_transform":"","ocean_menu_typo_transform_tablet":"","ocean_menu_typo_transform_mobile":"","ocean_menu_typo_line_height":0,"ocean_menu_typo_line_height_tablet":0,"ocean_menu_typo_line_height_mobile":0,"ocean_menu_typo_line_height_unit":"","ocean_menu_typo_spacing":0,"ocean_menu_typo_spacing_tablet":0,"ocean_menu_typo_spacing_mobile":0,"ocean_menu_typo_spacing_unit":"","ocean_menu_link_color":"","ocean_menu_link_color_hover":"","ocean_menu_link_color_active":"","ocean_menu_link_background":"","ocean_menu_link_hover_background":"","ocean_menu_link_active_background":"","ocean_menu_social_links_bg":"","ocean_menu_social_hover_links_bg":"","ocean_menu_social_links_color":"","ocean_menu_social_hover_links_color":"","ocean_disable_title":"default","ocean_disable_heading":"default","ocean_post_title":"","ocean_post_subheading":"","ocean_post_title_style":"","ocean_post_title_background_color":"","ocean_post_title_background":0,"ocean_post_title_bg_image_position":"","ocean_post_title_bg_image_attachment":"","ocean_post_title_bg_image_repeat":"","ocean_post_title_bg_image_size":"","ocean_post_title_height":0,"ocean_post_title_bg_overlay":0.5,"ocean_post_title_bg_overlay_color":"","ocean_disable_breadcrumbs":"default","ocean_breadcrumbs_color":"","ocean_breadcrumbs_separator_color":"","ocean_breadcrumbs_links_color":"","ocean_breadcrumbs_links_hover_color":"","ocean_display_footer_widgets":"default","ocean_display_footer_bottom":"default","ocean_custom_footer_template":"0","footnotes":""},"class_list":["post-383","page","type-page","status-publish","hentry","entry"],"yoast_head":"\n<title>CHP-21G - Industrietechnik Rudolf Seidl-Schwei\u00dfkantenformer-Anfasmaschinen<\/title>\n<meta name=\"robots\" content=\"index, follow, max-snippet:-1, max-image-preview:large, max-video-preview:-1\" \/>\n<link rel=\"canonical\" href=\"https:\/\/cms.indutech-seidl.de\/index.php\/chp-21g-2\/\" \/>\n<meta property=\"og:locale\" content=\"de_DE\" \/>\n<meta property=\"og:type\" content=\"article\" \/>\n<meta property=\"og:title\" content=\"CHP-21G - Industrietechnik Rudolf Seidl-Schwei\u00dfkantenformer-Anfasmaschinen\" \/>\n<meta property=\"og:description\" content=\"CHP-21G Daten Bilder Video Die CHP-21G ist eine der gr\u00f6\u00dferen Maschinen innerhalb des Produktprogramms.Sie ist geeignet f\u00fcr schwere und dickwandige Materialien.In einem Fahrgestell integriert ist sie stufenlos winkelverstellbar von 20\u00b0 \u2013 45\u00b0.Ein Sondermodell erm\u00f6glicht das Anbringen einer Unterfase. Leistung: 2,50 KW Faswinkel standard: 20\u00b0 \u2013 45\u00b0 Anschlu\u00df: 230\/400 V. 50 Hz Bearbeitbare Blechst\u00e4rken: 8 \u2013 [&hellip;]\" \/>\n<meta property=\"og:url\" content=\"https:\/\/cms.indutech-seidl.de\/index.php\/chp-21g-2\/\" \/>\n<meta property=\"og:site_name\" content=\"Industrietechnik Rudolf Seidl-Schwei\u00dfkantenformer-Anfasmaschinen\" \/>\n<meta property=\"article:modified_time\" content=\"2023-01-30T08:59:31+00:00\" \/>\n<meta property=\"og:image\" content=\"https:\/\/cms.indutech-seidl.de\/ahytchov\/2021\/05\/CHP-21G-1-230x300.png\" \/>\n<meta name=\"twitter:card\" content=\"summary_large_image\" \/>\n<meta name=\"twitter:label1\" content=\"Gesch\u00e4tzte Lesezeit\" \/>\n\t<meta name=\"twitter:data1\" content=\"2\u00a0Minuten\" \/>\n<script type=\"application\/ld+json\" class=\"yoast-schema-graph\">{\"@context\":\"https:\\\/\\\/schema.org\",\"@graph\":[{\"@type\":\"WebPage\",\"@id\":\"https:\\\/\\\/cms.indutech-seidl.de\\\/index.php\\\/chp-21g-2\\\/\",\"url\":\"https:\\\/\\\/cms.indutech-seidl.de\\\/index.php\\\/chp-21g-2\\\/\",\"name\":\"CHP-21G - Industrietechnik Rudolf Seidl-Schwei\u00dfkantenformer-Anfasmaschinen\",\"isPartOf\":{\"@id\":\"https:\\\/\\\/cms.indutech-seidl.de\\\/#website\"},\"primaryImageOfPage\":{\"@id\":\"https:\\\/\\\/cms.indutech-seidl.de\\\/index.php\\\/chp-21g-2\\\/#primaryimage\"},\"image\":{\"@id\":\"https:\\\/\\\/cms.indutech-seidl.de\\\/index.php\\\/chp-21g-2\\\/#primaryimage\"},\"thumbnailUrl\":\"https:\\\/\\\/cms.indutech-seidl.de\\\/wp-content\\\/uploads\\\/2021\\\/05\\\/CHP-21G-1-230x300.png\",\"datePublished\":\"2021-05-19T12:29:53+00:00\",\"dateModified\":\"2023-01-30T08:59:31+00:00\",\"breadcrumb\":{\"@id\":\"https:\\\/\\\/cms.indutech-seidl.de\\\/index.php\\\/chp-21g-2\\\/#breadcrumb\"},\"inLanguage\":\"de\",\"potentialAction\":[{\"@type\":\"ReadAction\",\"target\":[\"https:\\\/\\\/cms.indutech-seidl.de\\\/index.php\\\/chp-21g-2\\\/\"]}]},{\"@type\":\"ImageObject\",\"inLanguage\":\"de\",\"@id\":\"https:\\\/\\\/cms.indutech-seidl.de\\\/index.php\\\/chp-21g-2\\\/#primaryimage\",\"url\":\"https:\\\/\\\/cms.indutech-seidl.de\\\/wp-content\\\/uploads\\\/2021\\\/05\\\/CHP-21G-1.png\",\"contentUrl\":\"https:\\\/\\\/cms.indutech-seidl.de\\\/wp-content\\\/uploads\\\/2021\\\/05\\\/CHP-21G-1.png\",\"width\":780,\"height\":1016},{\"@type\":\"BreadcrumbList\",\"@id\":\"https:\\\/\\\/cms.indutech-seidl.de\\\/index.php\\\/chp-21g-2\\\/#breadcrumb\",\"itemListElement\":[{\"@type\":\"ListItem\",\"position\":1,\"name\":\"Startseite\",\"item\":\"https:\\\/\\\/cms.indutech-seidl.de\\\/\"},{\"@type\":\"ListItem\",\"position\":2,\"name\":\"CHP-21G\"}]},{\"@type\":\"WebSite\",\"@id\":\"https:\\\/\\\/cms.indutech-seidl.de\\\/#website\",\"url\":\"https:\\\/\\\/cms.indutech-seidl.de\\\/\",\"name\":\"Industrietechnik Rudolf Seidl-Schwei\u00dfkantenformer-Anfasmaschinen\",\"description\":\"Industrietechnik Rudolf Seidl\",\"potentialAction\":[{\"@type\":\"SearchAction\",\"target\":{\"@type\":\"EntryPoint\",\"urlTemplate\":\"https:\\\/\\\/cms.indutech-seidl.de\\\/?s={search_term_string}\"},\"query-input\":{\"@type\":\"PropertyValueSpecification\",\"valueRequired\":true,\"valueName\":\"search_term_string\"}}],\"inLanguage\":\"de\"}]}<\/script>\n","yoast_head_json":{"title":"CHP-21G - Industrietechnik Rudolf Seidl-Schwei\u00dfkantenformer-Anfasmaschinen","robots":{"index":"index","follow":"follow","max-snippet":"max-snippet:-1","max-image-preview":"max-image-preview:large","max-video-preview":"max-video-preview:-1"},"canonical":"https:\/\/cms.indutech-seidl.de\/index.php\/chp-21g-2\/","og_locale":"de_DE","og_type":"article","og_title":"CHP-21G - Industrietechnik Rudolf Seidl-Schwei\u00dfkantenformer-Anfasmaschinen","og_description":"CHP-21G Daten Bilder Video Die CHP-21G ist eine der gr\u00f6\u00dferen Maschinen innerhalb des Produktprogramms.Sie ist geeignet f\u00fcr schwere und dickwandige Materialien.In einem Fahrgestell integriert ist sie stufenlos winkelverstellbar von 20\u00b0 \u2013 45\u00b0.Ein Sondermodell erm\u00f6glicht das Anbringen einer Unterfase. Leistung: 2,50 KW Faswinkel standard: 20\u00b0 \u2013 45\u00b0 Anschlu\u00df: 230\/400 V. 50 Hz Bearbeitbare Blechst\u00e4rken: 8 \u2013 [&hellip;]","og_url":"https:\/\/cms.indutech-seidl.de\/index.php\/chp-21g-2\/","og_site_name":"Industrietechnik Rudolf Seidl-Schwei\u00dfkantenformer-Anfasmaschinen","article_modified_time":"2023-01-30T08:59:31+00:00","og_image":[{"url":"https:\/\/cms.indutech-seidl.de\/ahytchov\/2021\/05\/CHP-21G-1-230x300.png","type":"","width":"","height":""}],"twitter_card":"summary_large_image","twitter_misc":{"Gesch\u00e4tzte Lesezeit":"2\u00a0Minuten"},"schema":{"@context":"https:\/\/schema.org","@graph":[{"@type":"WebPage","@id":"https:\/\/cms.indutech-seidl.de\/index.php\/chp-21g-2\/","url":"https:\/\/cms.indutech-seidl.de\/index.php\/chp-21g-2\/","name":"CHP-21G - Industrietechnik Rudolf Seidl-Schwei\u00dfkantenformer-Anfasmaschinen","isPartOf":{"@id":"https:\/\/cms.indutech-seidl.de\/#website"},"primaryImageOfPage":{"@id":"https:\/\/cms.indutech-seidl.de\/index.php\/chp-21g-2\/#primaryimage"},"image":{"@id":"https:\/\/cms.indutech-seidl.de\/index.php\/chp-21g-2\/#primaryimage"},"thumbnailUrl":"https:\/\/cms.indutech-seidl.de\/ahytchov\/2021\/05\/CHP-21G-1-230x300.png","datePublished":"2021-05-19T12:29:53+00:00","dateModified":"2023-01-30T08:59:31+00:00","breadcrumb":{"@id":"https:\/\/cms.indutech-seidl.de\/index.php\/chp-21g-2\/#breadcrumb"},"inLanguage":"de","potentialAction":[{"@type":"ReadAction","target":["https:\/\/cms.indutech-seidl.de\/index.php\/chp-21g-2\/"]}]},{"@type":"ImageObject","inLanguage":"de","@id":"https:\/\/cms.indutech-seidl.de\/index.php\/chp-21g-2\/#primaryimage","url":"https:\/\/cms.indutech-seidl.de\/ahytchov\/2021\/05\/CHP-21G-1.png","contentUrl":"https:\/\/cms.indutech-seidl.de\/ahytchov\/2021\/05\/CHP-21G-1.png","width":780,"height":1016},{"@type":"BreadcrumbList","@id":"https:\/\/cms.indutech-seidl.de\/index.php\/chp-21g-2\/#breadcrumb","itemListElement":[{"@type":"ListItem","position":1,"name":"Startseite","item":"https:\/\/cms.indutech-seidl.de\/"},{"@type":"ListItem","position":2,"name":"CHP-21G"}]},{"@type":"WebSite","@id":"https:\/\/cms.indutech-seidl.de\/#website","url":"https:\/\/cms.indutech-seidl.de\/","name":"Industrietechnik Rudolf Seidl-Schwei\u00dfkantenformer-Anfasmaschinen","description":"Industrietechnik Rudolf Seidl","potentialAction":[{"@type":"SearchAction","target":{"@type":"EntryPoint","urlTemplate":"https:\/\/cms.indutech-seidl.de\/?s={search_term_string}"},"query-input":{"@type":"PropertyValueSpecification","valueRequired":true,"valueName":"search_term_string"}}],"inLanguage":"de"}]}},"_links":{"self":[{"href":"https:\/\/cms.indutech-seidl.de\/index.php\/wp-json\/wp\/v2\/pages\/383","targetHints":{"allow":["GET"]}}],"collection":[{"href":"https:\/\/cms.indutech-seidl.de\/index.php\/wp-json\/wp\/v2\/pages"}],"about":[{"href":"https:\/\/cms.indutech-seidl.de\/index.php\/wp-json\/wp\/v2\/types\/page"}],"author":[{"embeddable":true,"href":"https:\/\/cms.indutech-seidl.de\/index.php\/wp-json\/wp\/v2\/users\/1"}],"replies":[{"embeddable":true,"href":"https:\/\/cms.indutech-seidl.de\/index.php\/wp-json\/wp\/v2\/comments?post=383"}],"version-history":[{"count":13,"href":"https:\/\/cms.indutech-seidl.de\/index.php\/wp-json\/wp\/v2\/pages\/383\/revisions"}],"predecessor-version":[{"id":1547,"href":"https:\/\/cms.indutech-seidl.de\/index.php\/wp-json\/wp\/v2\/pages\/383\/revisions\/1547"}],"wp:attachment":[{"href":"https:\/\/cms.indutech-seidl.de\/index.php\/wp-json\/wp\/v2\/media?parent=383"}],"curies":[{"name":"wp","href":"https:\/\/api.w.org\/{rel}","templated":true}]}}