{"id":391,"date":"2021-05-19T12:52:31","date_gmt":"2021-05-19T12:52:31","guid":{"rendered":"https:\/\/cms.indutech-seidl.de\/?page_id=391"},"modified":"2021-06-02T09:11:00","modified_gmt":"2021-06-02T09:11:00","slug":"chp-60g-4","status":"publish","type":"page","link":"https:\/\/cms.indutech-seidl.de\/index.php\/chp-60g-4\/","title":{"rendered":"CHP-60G"},"content":{"rendered":"\t\t<div data-elementor-type=\"wp-page\" data-elementor-id=\"391\" class=\"elementor elementor-391\">\n\t\t\t\t\t\t<section class=\"elementor-section elementor-top-section elementor-element elementor-element-3962bc3 elementor-section-boxed elementor-section-height-default elementor-section-height-default\" data-id=\"3962bc3\" data-element_type=\"section\" data-e-type=\"section\">\n\t\t\t\t\t\t<div class=\"elementor-container elementor-column-gap-default\">\n\t\t\t\t\t<div class=\"elementor-column elementor-col-100 elementor-top-column elementor-element elementor-element-bf451ea\" data-id=\"bf451ea\" data-element_type=\"column\" data-e-type=\"column\" data-settings=\"{&quot;background_background&quot;:&quot;classic&quot;}\">\n\t\t\t<div class=\"elementor-widget-wrap elementor-element-populated\">\n\t\t\t\t\t\t<div class=\"elementor-element elementor-element-6670895 elementor-widget elementor-widget-heading\" data-id=\"6670895\" data-element_type=\"widget\" data-e-type=\"widget\" data-widget_type=\"heading.default\">\n\t\t\t\t<div class=\"elementor-widget-container\">\n\t\t\t\t\t<h2 class=\"elementor-heading-title elementor-size-default\">CHP-60G<\/h2>\t\t\t\t<\/div>\n\t\t\t\t<\/div>\n\t\t\t\t<div class=\"elementor-element elementor-element-3e1ef6c elementor-widget elementor-widget-heading\" data-id=\"3e1ef6c\" data-element_type=\"widget\" data-e-type=\"widget\" data-widget_type=\"heading.default\">\n\t\t\t\t<div class=\"elementor-widget-container\">\n\t\t\t\t\t<h2 class=\"elementor-heading-title elementor-size-default\">Neues Modell!<\/h2>\t\t\t\t<\/div>\n\t\t\t\t<\/div>\n\t\t\t\t<div class=\"elementor-element elementor-element-7dab709 elementor-widget elementor-widget-eael-adv-tabs\" data-id=\"7dab709\" data-element_type=\"widget\" data-e-type=\"widget\" data-widget_type=\"eael-adv-tabs.default\">\n\t\t\t\t<div class=\"elementor-widget-container\">\n\t\t\t\t\t        <div data-scroll-on-click=\"no\" data-scroll-speed=\"300\" id=\"eael-advance-tabs-7dab709\" class=\"eael-advance-tabs eael-tabs-horizontal eael-tab-auto-active \" data-tabid=\"7dab709\">\n            <div class=\"eael-tabs-nav \">\n                <ul class=\"eael-tab-inline-icon\" role=\"tablist\">\n                                            <li id=\"daten\" class=\"inactive eael-tab-item-trigger eael-tab-nav-item\" aria-selected=\"true\" data-tab=\"1\" role=\"tab\" tabindex=\"0\" aria-controls=\"daten-tab\" aria-expanded=\"false\">\n                            \n                                                                                                                            \n                                                            <span class=\"eael-tab-title title-after-icon\" >Daten<\/span>                            \n                                                    <\/li>\n                                            <li id=\"bilder\" class=\"inactive eael-tab-item-trigger eael-tab-nav-item\" aria-selected=\"false\" data-tab=\"2\" role=\"tab\" tabindex=\"-1\" aria-controls=\"bilder-tab\" aria-expanded=\"false\">\n                            \n                                                                                                                            \n                                                            <span class=\"eael-tab-title title-after-icon\" >Bilder<\/span>                            \n                                                    <\/li>\n                                            <li id=\"video\" class=\"inactive eael-tab-item-trigger eael-tab-nav-item\" aria-selected=\"false\" data-tab=\"3\" role=\"tab\" tabindex=\"-1\" aria-controls=\"video-tab\" aria-expanded=\"false\">\n                            \n                                                                                                                            \n                                                            <span class=\"eael-tab-title title-after-icon\" >Video<\/span>                            \n                                                    <\/li>\n                    \n                                  <\/ul>\n            <\/div>\n            \n            <div class=\"eael-tabs-content\">\n\t\t        \n                    <div id=\"daten-tab\" class=\"clearfix eael-tab-content-item inactive\" data-title-link=\"daten-tab\">\n\t\t\t\t        <p><img fetchpriority=\"high\" decoding=\"async\" class=\"wp-image-35  alignleft\" src=\"https:\/\/cms.indutech-seidl.de\/ahytchov\/2021\/05\/CHP-60G-198x300.png\" alt=\"\" width=\"228\" height=\"345\" srcset=\"https:\/\/cms.indutech-seidl.de\/ahytchov\/2021\/05\/CHP-60G-198x300.png 198w, https:\/\/cms.indutech-seidl.de\/ahytchov\/2021\/05\/CHP-60G-676x1024.png 676w, https:\/\/cms.indutech-seidl.de\/ahytchov\/2021\/05\/CHP-60G-768x1164.png 768w, https:\/\/cms.indutech-seidl.de\/ahytchov\/2021\/05\/CHP-60G-1013x1536.png 1013w, https:\/\/cms.indutech-seidl.de\/ahytchov\/2021\/05\/CHP-60G.png 1090w\" sizes=\"(max-width: 228px) 100vw, 228px\" \/><\/p><p>Die CHP-60G ist die gr\u00f6\u00dfte Maschine innerhalb des Produktprogramms. Sie ist besonders geeignet f\u00fcr dickwandige und hochfeste St\u00e4hle wie zum Beispiel Duplex, Superduplex oder Hardox zum Anbringen einer hochwertigen Schweissfase. Mit automatischem Vorschub in einem Fahrgestell integriert ist sie stufenlos winkelverstellbar von 15\u00b0 \u2013 70\u00b0. Max. erreichbare Fasenl\u00e4nge bis 60 mm.<\/p><p><img decoding=\"async\" class=\"wp-image-48 alignnone\" src=\"https:\/\/cms.indutech-seidl.de\/ahytchov\/2021\/05\/Technische-Zeichnung.png\" alt=\"\" width=\"500\" srcset=\"https:\/\/cms.indutech-seidl.de\/ahytchov\/2021\/05\/Technische-Zeichnung.png 780w, https:\/\/cms.indutech-seidl.de\/ahytchov\/2021\/05\/Technische-Zeichnung-300x80.png 300w, https:\/\/cms.indutech-seidl.de\/ahytchov\/2021\/05\/Technische-Zeichnung-768x206.png 768w\" sizes=\"(max-width: 780px) 100vw, 780px\" \/><\/p><table id=\"Tabelle1\" style=\"margin-top: 100px;border-radius: 5px;border-color: #cfcfcf;background-color: #ced9c1\"><tbody><tr><td style=\"width: 120px\"><strong>Leistung:<\/strong><\/td><td style=\"text-align: left\">3,70 KW<\/td><td style=\"text-align: left\"><strong>Faswinkel standard:<\/strong><\/td><td style=\"text-align: left\">15\u00b0 \u2013 70\u00b0<\/td><\/tr><tr><td style=\"width: 120px;text-align: left\"><strong>Anschlu\u00df:<\/strong><\/td><td style=\"text-align: left\">230\/400 V. 50 Hz<\/td><td style=\"text-align: left\"><strong>Bearbeitbare Blechst\u00e4rken:<\/strong><\/td><td style=\"text-align: left\">10 -70 mm (100 mm option)<\/td><\/tr><tr><td style=\"width: 120px;text-align: left\"><strong>Fasgeschwindigkeit:<\/strong><\/td><td style=\"text-align: left\">150 \u2013 670 mm\/min<\/td><td style=\"text-align: left\"><strong>Fasen von Rohr:<\/strong><\/td><td style=\"text-align: left\">60 psi \/ 6 bar<\/td><\/tr><tr><td style=\"width: 120px;text-align: left\"><strong>Max. Fase erster Faslauf:<\/strong><\/td><td style=\"text-align: left\">28 mm<\/td><td style=\"text-align: left\"><strong>Maschinengewicht:<\/strong><\/td><td style=\"text-align: left\">790 kg<\/td><\/tr><\/tbody><\/table>                    <\/div>\n\t\t        \n                    <div id=\"bilder-tab\" class=\"clearfix eael-tab-content-item inactive\" data-title-link=\"bilder-tab\">\n\t\t\t\t        <p><img decoding=\"async\" class=\"size-medium wp-image-166 alignleft\" src=\"https:\/\/cms.indutech-seidl.de\/ahytchov\/2021\/05\/CHP-60G-1-169x300.jpg\" alt=\"\" width=\"169\" height=\"300\" srcset=\"https:\/\/cms.indutech-seidl.de\/ahytchov\/2021\/05\/CHP-60G-1-169x300.jpg 169w, https:\/\/cms.indutech-seidl.de\/ahytchov\/2021\/05\/CHP-60G-1-576x1024.jpg 576w, https:\/\/cms.indutech-seidl.de\/ahytchov\/2021\/05\/CHP-60G-1.jpg 612w\" sizes=\"(max-width: 169px) 100vw, 169px\" \/> <img decoding=\"async\" class=\"size-medium wp-image-165 alignleft\" src=\"https:\/\/cms.indutech-seidl.de\/ahytchov\/2021\/05\/CHP-60G-2-300x169.jpg\" alt=\"\" width=\"300\" height=\"169\" srcset=\"https:\/\/cms.indutech-seidl.de\/ahytchov\/2021\/05\/CHP-60G-2-300x169.jpg 300w, https:\/\/cms.indutech-seidl.de\/ahytchov\/2021\/05\/CHP-60G-2-1024x576.jpg 1024w, https:\/\/cms.indutech-seidl.de\/ahytchov\/2021\/05\/CHP-60G-2-768x432.jpg 768w, https:\/\/cms.indutech-seidl.de\/ahytchov\/2021\/05\/CHP-60G-2.jpg 1098w\" sizes=\"(max-width: 300px) 100vw, 300px\" \/> <img loading=\"lazy\" decoding=\"async\" class=\"alignnone size-medium wp-image-138\" src=\"https:\/\/cms.indutech-seidl.de\/ahytchov\/2021\/05\/CHP-60G-3-300x169.png\" alt=\"\" width=\"300\" height=\"169\" srcset=\"https:\/\/cms.indutech-seidl.de\/ahytchov\/2021\/05\/CHP-60G-3-300x169.png 300w, https:\/\/cms.indutech-seidl.de\/ahytchov\/2021\/05\/CHP-60G-3.png 458w\" sizes=\"(max-width: 300px) 100vw, 300px\" \/><\/p>                    <\/div>\n\t\t        \n                    <div id=\"video-tab\" class=\"clearfix eael-tab-content-item inactive\" data-title-link=\"video-tab\">\n\t\t\t\t        <center><iframe width=\"700\" height=\"394\" src=\"https:\/\/www.youtube.com\/embed\/iQ3aVPkv1Dg\" title=\"YouTube video player\" allowfullscreen><\/iframe><\/center>                    <\/div>\n\t\t                    <\/div>\n        <\/div>\n\t\t\t\t<\/div>\n\t\t\t\t<\/div>\n\t\t\t\t\t<\/div>\n\t\t<\/div>\n\t\t\t\t\t<\/div>\n\t\t<\/section>\n\t\t\t\t<\/div>\n\t\t","protected":false},"excerpt":{"rendered":"<p>CHP-60G Neues Modell! Daten Bilder Video Die CHP-60G ist die gr\u00f6\u00dfte Maschine innerhalb des Produktprogramms. Sie ist besonders geeignet f\u00fcr dickwandige und hochfeste St\u00e4hle wie zum Beispiel Duplex, Superduplex oder Hardox zum Anbringen einer hochwertigen Schweissfase. Mit automatischem Vorschub in einem Fahrgestell integriert ist sie stufenlos winkelverstellbar von 15\u00b0 \u2013 70\u00b0. Max. erreichbare Fasenl\u00e4nge bis [&hellip;]<\/p>\n","protected":false},"author":1,"featured_media":0,"parent":0,"menu_order":0,"comment_status":"closed","ping_status":"closed","template":"","meta":{"ocean_post_layout":"","ocean_both_sidebars_style":"","ocean_both_sidebars_content_width":0,"ocean_both_sidebars_sidebars_width":0,"ocean_sidebar":"0","ocean_second_sidebar":"0","ocean_disable_margins":"enable","ocean_add_body_class":"","ocean_shortcode_before_top_bar":"","ocean_shortcode_after_top_bar":"","ocean_shortcode_before_header":"","ocean_shortcode_after_header":"","ocean_has_shortcode":"","ocean_shortcode_after_title":"","ocean_shortcode_before_footer_widgets":"","ocean_shortcode_after_footer_widgets":"","ocean_shortcode_before_footer_bottom":"","ocean_shortcode_after_footer_bottom":"","ocean_display_top_bar":"default","ocean_display_header":"default","ocean_header_style":"","ocean_center_header_left_menu":"0","ocean_custom_header_template":"0","ocean_custom_logo":0,"ocean_custom_retina_logo":0,"ocean_custom_logo_max_width":0,"ocean_custom_logo_tablet_max_width":0,"ocean_custom_logo_mobile_max_width":0,"ocean_custom_logo_max_height":0,"ocean_custom_logo_tablet_max_height":0,"ocean_custom_logo_mobile_max_height":0,"ocean_header_custom_menu":"0","ocean_menu_typo_font_family":"0","ocean_menu_typo_font_subset":"","ocean_menu_typo_font_size":0,"ocean_menu_typo_font_size_tablet":0,"ocean_menu_typo_font_size_mobile":0,"ocean_menu_typo_font_size_unit":"px","ocean_menu_typo_font_weight":"","ocean_menu_typo_font_weight_tablet":"","ocean_menu_typo_font_weight_mobile":"","ocean_menu_typo_transform":"","ocean_menu_typo_transform_tablet":"","ocean_menu_typo_transform_mobile":"","ocean_menu_typo_line_height":0,"ocean_menu_typo_line_height_tablet":0,"ocean_menu_typo_line_height_mobile":0,"ocean_menu_typo_line_height_unit":"","ocean_menu_typo_spacing":0,"ocean_menu_typo_spacing_tablet":0,"ocean_menu_typo_spacing_mobile":0,"ocean_menu_typo_spacing_unit":"","ocean_menu_link_color":"","ocean_menu_link_color_hover":"","ocean_menu_link_color_active":"","ocean_menu_link_background":"","ocean_menu_link_hover_background":"","ocean_menu_link_active_background":"","ocean_menu_social_links_bg":"","ocean_menu_social_hover_links_bg":"","ocean_menu_social_links_color":"","ocean_menu_social_hover_links_color":"","ocean_disable_title":"default","ocean_disable_heading":"default","ocean_post_title":"","ocean_post_subheading":"","ocean_post_title_style":"","ocean_post_title_background_color":"","ocean_post_title_background":0,"ocean_post_title_bg_image_position":"","ocean_post_title_bg_image_attachment":"","ocean_post_title_bg_image_repeat":"","ocean_post_title_bg_image_size":"","ocean_post_title_height":0,"ocean_post_title_bg_overlay":0.5,"ocean_post_title_bg_overlay_color":"","ocean_disable_breadcrumbs":"default","ocean_breadcrumbs_color":"","ocean_breadcrumbs_separator_color":"","ocean_breadcrumbs_links_color":"","ocean_breadcrumbs_links_hover_color":"","ocean_display_footer_widgets":"default","ocean_display_footer_bottom":"default","ocean_custom_footer_template":"0","footnotes":""},"class_list":["post-391","page","type-page","status-publish","hentry","entry"],"yoast_head":"\n<title>CHP-60G - Industrietechnik Rudolf Seidl-Schwei\u00dfkantenformer-Anfasmaschinen<\/title>\n<meta name=\"robots\" content=\"index, follow, max-snippet:-1, max-image-preview:large, max-video-preview:-1\" \/>\n<link rel=\"canonical\" href=\"https:\/\/cms.indutech-seidl.de\/index.php\/chp-60g-4\/\" \/>\n<meta property=\"og:locale\" content=\"de_DE\" \/>\n<meta property=\"og:type\" content=\"article\" \/>\n<meta property=\"og:title\" content=\"CHP-60G - Industrietechnik Rudolf Seidl-Schwei\u00dfkantenformer-Anfasmaschinen\" \/>\n<meta property=\"og:description\" content=\"CHP-60G Neues Modell! Daten Bilder Video Die CHP-60G ist die gr\u00f6\u00dfte Maschine innerhalb des Produktprogramms. Sie ist besonders geeignet f\u00fcr dickwandige und hochfeste St\u00e4hle wie zum Beispiel Duplex, Superduplex oder Hardox zum Anbringen einer hochwertigen Schweissfase. Mit automatischem Vorschub in einem Fahrgestell integriert ist sie stufenlos winkelverstellbar von 15\u00b0 \u2013 70\u00b0. Max. erreichbare Fasenl\u00e4nge bis [&hellip;]\" \/>\n<meta property=\"og:url\" content=\"https:\/\/cms.indutech-seidl.de\/index.php\/chp-60g-4\/\" \/>\n<meta property=\"og:site_name\" content=\"Industrietechnik Rudolf Seidl-Schwei\u00dfkantenformer-Anfasmaschinen\" \/>\n<meta property=\"article:modified_time\" content=\"2021-06-02T09:11:00+00:00\" \/>\n<meta property=\"og:image\" content=\"https:\/\/cms.indutech-seidl.de\/ahytchov\/2021\/05\/CHP-60G-198x300.png\" \/>\n<meta name=\"twitter:card\" content=\"summary_large_image\" \/>\n<meta name=\"twitter:label1\" content=\"Gesch\u00e4tzte Lesezeit\" \/>\n\t<meta name=\"twitter:data1\" content=\"2\u00a0Minuten\" \/>\n<script type=\"application\/ld+json\" class=\"yoast-schema-graph\">{\"@context\":\"https:\\\/\\\/schema.org\",\"@graph\":[{\"@type\":\"WebPage\",\"@id\":\"https:\\\/\\\/cms.indutech-seidl.de\\\/index.php\\\/chp-60g-4\\\/\",\"url\":\"https:\\\/\\\/cms.indutech-seidl.de\\\/index.php\\\/chp-60g-4\\\/\",\"name\":\"CHP-60G - Industrietechnik Rudolf Seidl-Schwei\u00dfkantenformer-Anfasmaschinen\",\"isPartOf\":{\"@id\":\"https:\\\/\\\/cms.indutech-seidl.de\\\/#website\"},\"primaryImageOfPage\":{\"@id\":\"https:\\\/\\\/cms.indutech-seidl.de\\\/index.php\\\/chp-60g-4\\\/#primaryimage\"},\"image\":{\"@id\":\"https:\\\/\\\/cms.indutech-seidl.de\\\/index.php\\\/chp-60g-4\\\/#primaryimage\"},\"thumbnailUrl\":\"https:\\\/\\\/cms.indutech-seidl.de\\\/wp-content\\\/uploads\\\/2021\\\/05\\\/CHP-60G-198x300.png\",\"datePublished\":\"2021-05-19T12:52:31+00:00\",\"dateModified\":\"2021-06-02T09:11:00+00:00\",\"breadcrumb\":{\"@id\":\"https:\\\/\\\/cms.indutech-seidl.de\\\/index.php\\\/chp-60g-4\\\/#breadcrumb\"},\"inLanguage\":\"de\",\"potentialAction\":[{\"@type\":\"ReadAction\",\"target\":[\"https:\\\/\\\/cms.indutech-seidl.de\\\/index.php\\\/chp-60g-4\\\/\"]}]},{\"@type\":\"ImageObject\",\"inLanguage\":\"de\",\"@id\":\"https:\\\/\\\/cms.indutech-seidl.de\\\/index.php\\\/chp-60g-4\\\/#primaryimage\",\"url\":\"https:\\\/\\\/cms.indutech-seidl.de\\\/wp-content\\\/uploads\\\/2021\\\/05\\\/CHP-60G.png\",\"contentUrl\":\"https:\\\/\\\/cms.indutech-seidl.de\\\/wp-content\\\/uploads\\\/2021\\\/05\\\/CHP-60G.png\",\"width\":1090,\"height\":1652},{\"@type\":\"BreadcrumbList\",\"@id\":\"https:\\\/\\\/cms.indutech-seidl.de\\\/index.php\\\/chp-60g-4\\\/#breadcrumb\",\"itemListElement\":[{\"@type\":\"ListItem\",\"position\":1,\"name\":\"Startseite\",\"item\":\"https:\\\/\\\/cms.indutech-seidl.de\\\/\"},{\"@type\":\"ListItem\",\"position\":2,\"name\":\"CHP-60G\"}]},{\"@type\":\"WebSite\",\"@id\":\"https:\\\/\\\/cms.indutech-seidl.de\\\/#website\",\"url\":\"https:\\\/\\\/cms.indutech-seidl.de\\\/\",\"name\":\"Industrietechnik Rudolf Seidl-Schwei\u00dfkantenformer-Anfasmaschinen\",\"description\":\"Industrietechnik Rudolf Seidl\",\"potentialAction\":[{\"@type\":\"SearchAction\",\"target\":{\"@type\":\"EntryPoint\",\"urlTemplate\":\"https:\\\/\\\/cms.indutech-seidl.de\\\/?s={search_term_string}\"},\"query-input\":{\"@type\":\"PropertyValueSpecification\",\"valueRequired\":true,\"valueName\":\"search_term_string\"}}],\"inLanguage\":\"de\"}]}<\/script>\n","yoast_head_json":{"title":"CHP-60G - Industrietechnik Rudolf Seidl-Schwei\u00dfkantenformer-Anfasmaschinen","robots":{"index":"index","follow":"follow","max-snippet":"max-snippet:-1","max-image-preview":"max-image-preview:large","max-video-preview":"max-video-preview:-1"},"canonical":"https:\/\/cms.indutech-seidl.de\/index.php\/chp-60g-4\/","og_locale":"de_DE","og_type":"article","og_title":"CHP-60G - Industrietechnik Rudolf Seidl-Schwei\u00dfkantenformer-Anfasmaschinen","og_description":"CHP-60G Neues Modell! Daten Bilder Video Die CHP-60G ist die gr\u00f6\u00dfte Maschine innerhalb des Produktprogramms. Sie ist besonders geeignet f\u00fcr dickwandige und hochfeste St\u00e4hle wie zum Beispiel Duplex, Superduplex oder Hardox zum Anbringen einer hochwertigen Schweissfase. Mit automatischem Vorschub in einem Fahrgestell integriert ist sie stufenlos winkelverstellbar von 15\u00b0 \u2013 70\u00b0. Max. erreichbare Fasenl\u00e4nge bis [&hellip;]","og_url":"https:\/\/cms.indutech-seidl.de\/index.php\/chp-60g-4\/","og_site_name":"Industrietechnik Rudolf Seidl-Schwei\u00dfkantenformer-Anfasmaschinen","article_modified_time":"2021-06-02T09:11:00+00:00","og_image":[{"url":"https:\/\/cms.indutech-seidl.de\/ahytchov\/2021\/05\/CHP-60G-198x300.png","type":"","width":"","height":""}],"twitter_card":"summary_large_image","twitter_misc":{"Gesch\u00e4tzte Lesezeit":"2\u00a0Minuten"},"schema":{"@context":"https:\/\/schema.org","@graph":[{"@type":"WebPage","@id":"https:\/\/cms.indutech-seidl.de\/index.php\/chp-60g-4\/","url":"https:\/\/cms.indutech-seidl.de\/index.php\/chp-60g-4\/","name":"CHP-60G - Industrietechnik Rudolf Seidl-Schwei\u00dfkantenformer-Anfasmaschinen","isPartOf":{"@id":"https:\/\/cms.indutech-seidl.de\/#website"},"primaryImageOfPage":{"@id":"https:\/\/cms.indutech-seidl.de\/index.php\/chp-60g-4\/#primaryimage"},"image":{"@id":"https:\/\/cms.indutech-seidl.de\/index.php\/chp-60g-4\/#primaryimage"},"thumbnailUrl":"https:\/\/cms.indutech-seidl.de\/ahytchov\/2021\/05\/CHP-60G-198x300.png","datePublished":"2021-05-19T12:52:31+00:00","dateModified":"2021-06-02T09:11:00+00:00","breadcrumb":{"@id":"https:\/\/cms.indutech-seidl.de\/index.php\/chp-60g-4\/#breadcrumb"},"inLanguage":"de","potentialAction":[{"@type":"ReadAction","target":["https:\/\/cms.indutech-seidl.de\/index.php\/chp-60g-4\/"]}]},{"@type":"ImageObject","inLanguage":"de","@id":"https:\/\/cms.indutech-seidl.de\/index.php\/chp-60g-4\/#primaryimage","url":"https:\/\/cms.indutech-seidl.de\/ahytchov\/2021\/05\/CHP-60G.png","contentUrl":"https:\/\/cms.indutech-seidl.de\/ahytchov\/2021\/05\/CHP-60G.png","width":1090,"height":1652},{"@type":"BreadcrumbList","@id":"https:\/\/cms.indutech-seidl.de\/index.php\/chp-60g-4\/#breadcrumb","itemListElement":[{"@type":"ListItem","position":1,"name":"Startseite","item":"https:\/\/cms.indutech-seidl.de\/"},{"@type":"ListItem","position":2,"name":"CHP-60G"}]},{"@type":"WebSite","@id":"https:\/\/cms.indutech-seidl.de\/#website","url":"https:\/\/cms.indutech-seidl.de\/","name":"Industrietechnik Rudolf Seidl-Schwei\u00dfkantenformer-Anfasmaschinen","description":"Industrietechnik Rudolf Seidl","potentialAction":[{"@type":"SearchAction","target":{"@type":"EntryPoint","urlTemplate":"https:\/\/cms.indutech-seidl.de\/?s={search_term_string}"},"query-input":{"@type":"PropertyValueSpecification","valueRequired":true,"valueName":"search_term_string"}}],"inLanguage":"de"}]}},"_links":{"self":[{"href":"https:\/\/cms.indutech-seidl.de\/index.php\/wp-json\/wp\/v2\/pages\/391","targetHints":{"allow":["GET"]}}],"collection":[{"href":"https:\/\/cms.indutech-seidl.de\/index.php\/wp-json\/wp\/v2\/pages"}],"about":[{"href":"https:\/\/cms.indutech-seidl.de\/index.php\/wp-json\/wp\/v2\/types\/page"}],"author":[{"embeddable":true,"href":"https:\/\/cms.indutech-seidl.de\/index.php\/wp-json\/wp\/v2\/users\/1"}],"replies":[{"embeddable":true,"href":"https:\/\/cms.indutech-seidl.de\/index.php\/wp-json\/wp\/v2\/comments?post=391"}],"version-history":[{"count":7,"href":"https:\/\/cms.indutech-seidl.de\/index.php\/wp-json\/wp\/v2\/pages\/391\/revisions"}],"predecessor-version":[{"id":970,"href":"https:\/\/cms.indutech-seidl.de\/index.php\/wp-json\/wp\/v2\/pages\/391\/revisions\/970"}],"wp:attachment":[{"href":"https:\/\/cms.indutech-seidl.de\/index.php\/wp-json\/wp\/v2\/media?parent=391"}],"curies":[{"name":"wp","href":"https:\/\/api.w.org\/{rel}","templated":true}]}}