{"id":416,"date":"2021-05-20T06:33:01","date_gmt":"2021-05-20T06:33:01","guid":{"rendered":"https:\/\/cms.indutech-seidl.de\/?page_id=416"},"modified":"2021-05-20T06:40:42","modified_gmt":"2021-05-20T06:40:42","slug":"chl-25","status":"publish","type":"page","link":"https:\/\/cms.indutech-seidl.de\/index.php\/chl-25\/","title":{"rendered":"CHL-25"},"content":{"rendered":"\t\t<div data-elementor-type=\"wp-page\" data-elementor-id=\"416\" class=\"elementor elementor-416\">\n\t\t\t\t\t\t<section class=\"elementor-section elementor-top-section elementor-element elementor-element-6af0def elementor-section-boxed elementor-section-height-default elementor-section-height-default\" data-id=\"6af0def\" data-element_type=\"section\" data-e-type=\"section\">\n\t\t\t\t\t\t<div class=\"elementor-container elementor-column-gap-default\">\n\t\t\t\t\t<div class=\"elementor-column elementor-col-100 elementor-top-column elementor-element elementor-element-b53a88c\" data-id=\"b53a88c\" data-element_type=\"column\" data-e-type=\"column\" data-settings=\"{&quot;background_background&quot;:&quot;classic&quot;}\">\n\t\t\t<div class=\"elementor-widget-wrap elementor-element-populated\">\n\t\t\t\t\t\t<div class=\"elementor-element elementor-element-c916a60 elementor-widget elementor-widget-heading\" data-id=\"c916a60\" data-element_type=\"widget\" data-e-type=\"widget\" data-widget_type=\"heading.default\">\n\t\t\t\t<div class=\"elementor-widget-container\">\n\t\t\t\t\t<h2 class=\"elementor-heading-title elementor-size-default\">CHL-25<\/h2>\t\t\t\t<\/div>\n\t\t\t\t<\/div>\n\t\t\t\t<div class=\"elementor-element elementor-element-7db7703 elementor-widget elementor-widget-eael-adv-tabs\" data-id=\"7db7703\" data-element_type=\"widget\" data-e-type=\"widget\" data-widget_type=\"eael-adv-tabs.default\">\n\t\t\t\t<div class=\"elementor-widget-container\">\n\t\t\t\t\t        <div data-scroll-on-click=\"no\" data-scroll-speed=\"300\" id=\"eael-advance-tabs-7db7703\" class=\"eael-advance-tabs eael-tabs-horizontal eael-tab-auto-active \" data-tabid=\"7db7703\">\n            <div class=\"eael-tabs-nav \">\n                <ul class=\"eael-tab-inline-icon\" role=\"tablist\">\n                                            <li id=\"daten\" class=\"inactive eael-tab-item-trigger eael-tab-nav-item\" aria-selected=\"true\" data-tab=\"1\" role=\"tab\" tabindex=\"0\" aria-controls=\"daten-tab\" aria-expanded=\"false\">\n                            \n                                                                                                                            \n                                                            <span class=\"eael-tab-title title-after-icon\" >Daten<\/span>                            \n                                                    <\/li>\n                                            <li id=\"bilder\" class=\"inactive eael-tab-item-trigger eael-tab-nav-item\" aria-selected=\"false\" data-tab=\"2\" role=\"tab\" tabindex=\"-1\" aria-controls=\"bilder-tab\" aria-expanded=\"false\">\n                            \n                                                                                                                            \n                                                            <span class=\"eael-tab-title title-after-icon\" >Bilder<\/span>                            \n                                                    <\/li>\n                                            <li id=\"video\" class=\"inactive eael-tab-item-trigger eael-tab-nav-item\" aria-selected=\"false\" data-tab=\"3\" role=\"tab\" tabindex=\"-1\" aria-controls=\"video-tab\" aria-expanded=\"false\">\n                            \n                                                                                                                            \n                                                            <span class=\"eael-tab-title title-after-icon\" >Video<\/span>                            \n                                                    <\/li>\n                    \n                                  <\/ul>\n            <\/div>\n            \n            <div class=\"eael-tabs-content\">\n\t\t        \n                    <div id=\"daten-tab\" class=\"clearfix eael-tab-content-item inactive\" data-title-link=\"daten-tab\">\n\t\t\t\t        <p><img fetchpriority=\"high\" decoding=\"async\" class=\"wp-image-13 size-medium alignleft\" src=\"https:\/\/cms.indutech-seidl.de\/ahytchov\/2021\/05\/CHL25_1-277x300.png\" alt=\"\" width=\"277\" height=\"300\" srcset=\"https:\/\/cms.indutech-seidl.de\/ahytchov\/2021\/05\/CHL25_1-277x300.png 277w, https:\/\/cms.indutech-seidl.de\/ahytchov\/2021\/05\/CHL25_1.png 304w\" sizes=\"(max-width: 277px) 100vw, 277px\" \/><\/p><p>Diese leichte und transportable Maschine mit stufenloser Abtrageinstellung und Winkelverstellung von 20\u00b0-45\u00b0 schleift Fasen bis zu einer L\u00e4nge von 25 mm zuverl\u00e4ssig oberfl\u00e4chenblank.<\/p><p><img decoding=\"async\" class=\"wp-image-48 alignnone\" src=\"https:\/\/cms.indutech-seidl.de\/ahytchov\/2021\/05\/Technische-Zeichnung.png\" alt=\"\" width=\"500\" srcset=\"https:\/\/cms.indutech-seidl.de\/ahytchov\/2021\/05\/Technische-Zeichnung.png 780w, https:\/\/cms.indutech-seidl.de\/ahytchov\/2021\/05\/Technische-Zeichnung-300x80.png 300w, https:\/\/cms.indutech-seidl.de\/ahytchov\/2021\/05\/Technische-Zeichnung-768x206.png 768w\" sizes=\"(max-width: 780px) 100vw, 780px\" \/><\/p><table id=\"Tabelle1\" style=\"margin-top: 100px;border-radius: 5px;border-color: #cfcfcf;background-color: #ced9c1\"><tbody><tr><td style=\"width: 120px\"><strong>Leistung:<\/strong><\/td><td style=\"text-align: left\">1,30 KW<\/td><td style=\"text-align: left\"><strong>Schleifscheibe<br \/><\/strong><\/td><td style=\"text-align: left\">Dia. 125 mm<\/td><\/tr><tr><td style=\"width: 120px;text-align: left\"><strong>Anschlu\u00df:<\/strong><\/td><td style=\"text-align: left\">230 V \/ 50 Hz<\/td><td style=\"text-align: left\"><strong>Rauwert<br \/><\/strong><\/td><td style=\"text-align: left\">Ra 1,6 \u2013 2,3<\/td><\/tr><tr><td style=\"width: 120px;text-align: left\"><strong>Max. Fase erster Faslauf:<\/strong><\/td><td style=\"text-align: left\">25 mm<\/td><td style=\"text-align: left\"><strong>Maschinengewicht<br \/><\/strong><\/td><td style=\"text-align: left\">18 kg<\/td><\/tr><tr><td style=\"width: 120px;text-align: left\"><strong>Winkel stufenlos<br \/><\/strong><\/td><td style=\"text-align: left\">20\u00b0 \u2013 45\u00b0<\/td><td style=\"text-align: left\"><strong>\u00a0<\/strong><\/td><td style=\"text-align: left\">\u00a0<\/td><\/tr><\/tbody><\/table>                    <\/div>\n\t\t        \n                    <div id=\"bilder-tab\" class=\"clearfix eael-tab-content-item inactive\" data-title-link=\"bilder-tab\">\n\t\t\t\t        <p><img decoding=\"async\" class=\"size-medium wp-image-124 alignleft\" src=\"https:\/\/cms.indutech-seidl.de\/ahytchov\/2021\/05\/CHL25_E1-300x300.png\" alt=\"\" width=\"300\" height=\"300\" srcset=\"https:\/\/cms.indutech-seidl.de\/ahytchov\/2021\/05\/CHL25_E1.png 300w, https:\/\/cms.indutech-seidl.de\/ahytchov\/2021\/05\/CHL25_E1-150x150.png 150w\" sizes=\"(max-width: 300px) 100vw, 300px\" \/> <img decoding=\"async\" class=\"alignnone size-medium wp-image-125\" src=\"https:\/\/cms.indutech-seidl.de\/ahytchov\/2021\/05\/CHL25_E2-300x300.png\" alt=\"\" width=\"300\" height=\"300\" srcset=\"https:\/\/cms.indutech-seidl.de\/ahytchov\/2021\/05\/CHL25_E2.png 300w, https:\/\/cms.indutech-seidl.de\/ahytchov\/2021\/05\/CHL25_E2-150x150.png 150w\" sizes=\"(max-width: 300px) 100vw, 300px\" \/><\/p>                    <\/div>\n\t\t        \n                    <div id=\"video-tab\" class=\"clearfix eael-tab-content-item inactive\" data-title-link=\"video-tab\">\n\t\t\t\t        <center><iframe width=\"700\" height=\"394\" src=\"https:\/\/www.youtube.com\/embed\/qyndZlnkVMA\" title=\"YouTube video player\" allowfullscreen><\/iframe><\/center>                    <\/div>\n\t\t                    <\/div>\n        <\/div>\n\t\t\t\t<\/div>\n\t\t\t\t<\/div>\n\t\t\t\t\t<\/div>\n\t\t<\/div>\n\t\t\t\t\t<\/div>\n\t\t<\/section>\n\t\t\t\t<\/div>\n\t\t","protected":false},"excerpt":{"rendered":"<p>CHL-25 Daten Bilder Video Diese leichte und transportable Maschine mit stufenloser Abtrageinstellung und Winkelverstellung von 20\u00b0-45\u00b0 schleift Fasen bis zu einer L\u00e4nge von 25 mm zuverl\u00e4ssig oberfl\u00e4chenblank. Leistung: 1,30 KW Schleifscheibe Dia. 125 mm Anschlu\u00df: 230 V \/ 50 Hz Rauwert Ra 1,6 \u2013 2,3 Max. Fase erster Faslauf: 25 mm Maschinengewicht 18 kg Winkel [&hellip;]<\/p>\n","protected":false},"author":1,"featured_media":0,"parent":0,"menu_order":0,"comment_status":"closed","ping_status":"closed","template":"","meta":{"ocean_post_layout":"","ocean_both_sidebars_style":"","ocean_both_sidebars_content_width":0,"ocean_both_sidebars_sidebars_width":0,"ocean_sidebar":"0","ocean_second_sidebar":"0","ocean_disable_margins":"enable","ocean_add_body_class":"","ocean_shortcode_before_top_bar":"","ocean_shortcode_after_top_bar":"","ocean_shortcode_before_header":"","ocean_shortcode_after_header":"","ocean_has_shortcode":"","ocean_shortcode_after_title":"","ocean_shortcode_before_footer_widgets":"","ocean_shortcode_after_footer_widgets":"","ocean_shortcode_before_footer_bottom":"","ocean_shortcode_after_footer_bottom":"","ocean_display_top_bar":"default","ocean_display_header":"default","ocean_header_style":"","ocean_center_header_left_menu":"0","ocean_custom_header_template":"0","ocean_custom_logo":0,"ocean_custom_retina_logo":0,"ocean_custom_logo_max_width":0,"ocean_custom_logo_tablet_max_width":0,"ocean_custom_logo_mobile_max_width":0,"ocean_custom_logo_max_height":0,"ocean_custom_logo_tablet_max_height":0,"ocean_custom_logo_mobile_max_height":0,"ocean_header_custom_menu":"0","ocean_menu_typo_font_family":"0","ocean_menu_typo_font_subset":"","ocean_menu_typo_font_size":0,"ocean_menu_typo_font_size_tablet":0,"ocean_menu_typo_font_size_mobile":0,"ocean_menu_typo_font_size_unit":"px","ocean_menu_typo_font_weight":"","ocean_menu_typo_font_weight_tablet":"","ocean_menu_typo_font_weight_mobile":"","ocean_menu_typo_transform":"","ocean_menu_typo_transform_tablet":"","ocean_menu_typo_transform_mobile":"","ocean_menu_typo_line_height":0,"ocean_menu_typo_line_height_tablet":0,"ocean_menu_typo_line_height_mobile":0,"ocean_menu_typo_line_height_unit":"","ocean_menu_typo_spacing":0,"ocean_menu_typo_spacing_tablet":0,"ocean_menu_typo_spacing_mobile":0,"ocean_menu_typo_spacing_unit":"","ocean_menu_link_color":"","ocean_menu_link_color_hover":"","ocean_menu_link_color_active":"","ocean_menu_link_background":"","ocean_menu_link_hover_background":"","ocean_menu_link_active_background":"","ocean_menu_social_links_bg":"","ocean_menu_social_hover_links_bg":"","ocean_menu_social_links_color":"","ocean_menu_social_hover_links_color":"","ocean_disable_title":"default","ocean_disable_heading":"default","ocean_post_title":"","ocean_post_subheading":"","ocean_post_title_style":"","ocean_post_title_background_color":"","ocean_post_title_background":0,"ocean_post_title_bg_image_position":"","ocean_post_title_bg_image_attachment":"","ocean_post_title_bg_image_repeat":"","ocean_post_title_bg_image_size":"","ocean_post_title_height":0,"ocean_post_title_bg_overlay":0.5,"ocean_post_title_bg_overlay_color":"","ocean_disable_breadcrumbs":"default","ocean_breadcrumbs_color":"","ocean_breadcrumbs_separator_color":"","ocean_breadcrumbs_links_color":"","ocean_breadcrumbs_links_hover_color":"","ocean_display_footer_widgets":"default","ocean_display_footer_bottom":"default","ocean_custom_footer_template":"0","footnotes":""},"class_list":["post-416","page","type-page","status-publish","hentry","entry"],"yoast_head":"\n<title>CHL-25 - Industrietechnik Rudolf Seidl-Schwei\u00dfkantenformer-Anfasmaschinen<\/title>\n<meta name=\"robots\" content=\"index, follow, max-snippet:-1, max-image-preview:large, max-video-preview:-1\" \/>\n<link rel=\"canonical\" href=\"https:\/\/cms.indutech-seidl.de\/index.php\/chl-25\/\" \/>\n<meta property=\"og:locale\" content=\"de_DE\" \/>\n<meta property=\"og:type\" content=\"article\" \/>\n<meta property=\"og:title\" content=\"CHL-25 - Industrietechnik Rudolf Seidl-Schwei\u00dfkantenformer-Anfasmaschinen\" \/>\n<meta property=\"og:description\" content=\"CHL-25 Daten Bilder Video Diese leichte und transportable Maschine mit stufenloser Abtrageinstellung und Winkelverstellung von 20\u00b0-45\u00b0 schleift Fasen bis zu einer L\u00e4nge von 25 mm zuverl\u00e4ssig oberfl\u00e4chenblank. Leistung: 1,30 KW Schleifscheibe Dia. 125 mm Anschlu\u00df: 230 V \/ 50 Hz Rauwert Ra 1,6 \u2013 2,3 Max. Fase erster Faslauf: 25 mm Maschinengewicht 18 kg Winkel [&hellip;]\" \/>\n<meta property=\"og:url\" content=\"https:\/\/cms.indutech-seidl.de\/index.php\/chl-25\/\" \/>\n<meta property=\"og:site_name\" content=\"Industrietechnik Rudolf Seidl-Schwei\u00dfkantenformer-Anfasmaschinen\" \/>\n<meta property=\"article:modified_time\" content=\"2021-05-20T06:40:42+00:00\" \/>\n<meta property=\"og:image\" content=\"https:\/\/cms.indutech-seidl.de\/ahytchov\/2021\/05\/CHL25_1-277x300.png\" \/>\n<meta name=\"twitter:card\" content=\"summary_large_image\" \/>\n<meta name=\"twitter:label1\" content=\"Gesch\u00e4tzte Lesezeit\" \/>\n\t<meta name=\"twitter:data1\" content=\"2\u00a0Minuten\" \/>\n<script type=\"application\/ld+json\" class=\"yoast-schema-graph\">{\"@context\":\"https:\\\/\\\/schema.org\",\"@graph\":[{\"@type\":\"WebPage\",\"@id\":\"https:\\\/\\\/cms.indutech-seidl.de\\\/index.php\\\/chl-25\\\/\",\"url\":\"https:\\\/\\\/cms.indutech-seidl.de\\\/index.php\\\/chl-25\\\/\",\"name\":\"CHL-25 - Industrietechnik Rudolf Seidl-Schwei\u00dfkantenformer-Anfasmaschinen\",\"isPartOf\":{\"@id\":\"https:\\\/\\\/cms.indutech-seidl.de\\\/#website\"},\"primaryImageOfPage\":{\"@id\":\"https:\\\/\\\/cms.indutech-seidl.de\\\/index.php\\\/chl-25\\\/#primaryimage\"},\"image\":{\"@id\":\"https:\\\/\\\/cms.indutech-seidl.de\\\/index.php\\\/chl-25\\\/#primaryimage\"},\"thumbnailUrl\":\"https:\\\/\\\/cms.indutech-seidl.de\\\/wp-content\\\/uploads\\\/2021\\\/05\\\/CHL25_1-277x300.png\",\"datePublished\":\"2021-05-20T06:33:01+00:00\",\"dateModified\":\"2021-05-20T06:40:42+00:00\",\"breadcrumb\":{\"@id\":\"https:\\\/\\\/cms.indutech-seidl.de\\\/index.php\\\/chl-25\\\/#breadcrumb\"},\"inLanguage\":\"de\",\"potentialAction\":[{\"@type\":\"ReadAction\",\"target\":[\"https:\\\/\\\/cms.indutech-seidl.de\\\/index.php\\\/chl-25\\\/\"]}]},{\"@type\":\"ImageObject\",\"inLanguage\":\"de\",\"@id\":\"https:\\\/\\\/cms.indutech-seidl.de\\\/index.php\\\/chl-25\\\/#primaryimage\",\"url\":\"https:\\\/\\\/cms.indutech-seidl.de\\\/wp-content\\\/uploads\\\/2021\\\/05\\\/CHL25_1.png\",\"contentUrl\":\"https:\\\/\\\/cms.indutech-seidl.de\\\/wp-content\\\/uploads\\\/2021\\\/05\\\/CHL25_1.png\",\"width\":304,\"height\":329},{\"@type\":\"BreadcrumbList\",\"@id\":\"https:\\\/\\\/cms.indutech-seidl.de\\\/index.php\\\/chl-25\\\/#breadcrumb\",\"itemListElement\":[{\"@type\":\"ListItem\",\"position\":1,\"name\":\"Startseite\",\"item\":\"https:\\\/\\\/cms.indutech-seidl.de\\\/\"},{\"@type\":\"ListItem\",\"position\":2,\"name\":\"CHL-25\"}]},{\"@type\":\"WebSite\",\"@id\":\"https:\\\/\\\/cms.indutech-seidl.de\\\/#website\",\"url\":\"https:\\\/\\\/cms.indutech-seidl.de\\\/\",\"name\":\"Industrietechnik Rudolf Seidl-Schwei\u00dfkantenformer-Anfasmaschinen\",\"description\":\"Industrietechnik Rudolf Seidl\",\"potentialAction\":[{\"@type\":\"SearchAction\",\"target\":{\"@type\":\"EntryPoint\",\"urlTemplate\":\"https:\\\/\\\/cms.indutech-seidl.de\\\/?s={search_term_string}\"},\"query-input\":{\"@type\":\"PropertyValueSpecification\",\"valueRequired\":true,\"valueName\":\"search_term_string\"}}],\"inLanguage\":\"de\"}]}<\/script>\n","yoast_head_json":{"title":"CHL-25 - Industrietechnik Rudolf Seidl-Schwei\u00dfkantenformer-Anfasmaschinen","robots":{"index":"index","follow":"follow","max-snippet":"max-snippet:-1","max-image-preview":"max-image-preview:large","max-video-preview":"max-video-preview:-1"},"canonical":"https:\/\/cms.indutech-seidl.de\/index.php\/chl-25\/","og_locale":"de_DE","og_type":"article","og_title":"CHL-25 - Industrietechnik Rudolf Seidl-Schwei\u00dfkantenformer-Anfasmaschinen","og_description":"CHL-25 Daten Bilder Video Diese leichte und transportable Maschine mit stufenloser Abtrageinstellung und Winkelverstellung von 20\u00b0-45\u00b0 schleift Fasen bis zu einer L\u00e4nge von 25 mm zuverl\u00e4ssig oberfl\u00e4chenblank. Leistung: 1,30 KW Schleifscheibe Dia. 125 mm Anschlu\u00df: 230 V \/ 50 Hz Rauwert Ra 1,6 \u2013 2,3 Max. Fase erster Faslauf: 25 mm Maschinengewicht 18 kg Winkel [&hellip;]","og_url":"https:\/\/cms.indutech-seidl.de\/index.php\/chl-25\/","og_site_name":"Industrietechnik Rudolf Seidl-Schwei\u00dfkantenformer-Anfasmaschinen","article_modified_time":"2021-05-20T06:40:42+00:00","og_image":[{"url":"https:\/\/cms.indutech-seidl.de\/ahytchov\/2021\/05\/CHL25_1-277x300.png","type":"","width":"","height":""}],"twitter_card":"summary_large_image","twitter_misc":{"Gesch\u00e4tzte Lesezeit":"2\u00a0Minuten"},"schema":{"@context":"https:\/\/schema.org","@graph":[{"@type":"WebPage","@id":"https:\/\/cms.indutech-seidl.de\/index.php\/chl-25\/","url":"https:\/\/cms.indutech-seidl.de\/index.php\/chl-25\/","name":"CHL-25 - Industrietechnik Rudolf Seidl-Schwei\u00dfkantenformer-Anfasmaschinen","isPartOf":{"@id":"https:\/\/cms.indutech-seidl.de\/#website"},"primaryImageOfPage":{"@id":"https:\/\/cms.indutech-seidl.de\/index.php\/chl-25\/#primaryimage"},"image":{"@id":"https:\/\/cms.indutech-seidl.de\/index.php\/chl-25\/#primaryimage"},"thumbnailUrl":"https:\/\/cms.indutech-seidl.de\/ahytchov\/2021\/05\/CHL25_1-277x300.png","datePublished":"2021-05-20T06:33:01+00:00","dateModified":"2021-05-20T06:40:42+00:00","breadcrumb":{"@id":"https:\/\/cms.indutech-seidl.de\/index.php\/chl-25\/#breadcrumb"},"inLanguage":"de","potentialAction":[{"@type":"ReadAction","target":["https:\/\/cms.indutech-seidl.de\/index.php\/chl-25\/"]}]},{"@type":"ImageObject","inLanguage":"de","@id":"https:\/\/cms.indutech-seidl.de\/index.php\/chl-25\/#primaryimage","url":"https:\/\/cms.indutech-seidl.de\/ahytchov\/2021\/05\/CHL25_1.png","contentUrl":"https:\/\/cms.indutech-seidl.de\/ahytchov\/2021\/05\/CHL25_1.png","width":304,"height":329},{"@type":"BreadcrumbList","@id":"https:\/\/cms.indutech-seidl.de\/index.php\/chl-25\/#breadcrumb","itemListElement":[{"@type":"ListItem","position":1,"name":"Startseite","item":"https:\/\/cms.indutech-seidl.de\/"},{"@type":"ListItem","position":2,"name":"CHL-25"}]},{"@type":"WebSite","@id":"https:\/\/cms.indutech-seidl.de\/#website","url":"https:\/\/cms.indutech-seidl.de\/","name":"Industrietechnik Rudolf Seidl-Schwei\u00dfkantenformer-Anfasmaschinen","description":"Industrietechnik Rudolf Seidl","potentialAction":[{"@type":"SearchAction","target":{"@type":"EntryPoint","urlTemplate":"https:\/\/cms.indutech-seidl.de\/?s={search_term_string}"},"query-input":{"@type":"PropertyValueSpecification","valueRequired":true,"valueName":"search_term_string"}}],"inLanguage":"de"}]}},"_links":{"self":[{"href":"https:\/\/cms.indutech-seidl.de\/index.php\/wp-json\/wp\/v2\/pages\/416","targetHints":{"allow":["GET"]}}],"collection":[{"href":"https:\/\/cms.indutech-seidl.de\/index.php\/wp-json\/wp\/v2\/pages"}],"about":[{"href":"https:\/\/cms.indutech-seidl.de\/index.php\/wp-json\/wp\/v2\/types\/page"}],"author":[{"embeddable":true,"href":"https:\/\/cms.indutech-seidl.de\/index.php\/wp-json\/wp\/v2\/users\/1"}],"replies":[{"embeddable":true,"href":"https:\/\/cms.indutech-seidl.de\/index.php\/wp-json\/wp\/v2\/comments?post=416"}],"version-history":[{"count":4,"href":"https:\/\/cms.indutech-seidl.de\/index.php\/wp-json\/wp\/v2\/pages\/416\/revisions"}],"predecessor-version":[{"id":420,"href":"https:\/\/cms.indutech-seidl.de\/index.php\/wp-json\/wp\/v2\/pages\/416\/revisions\/420"}],"wp:attachment":[{"href":"https:\/\/cms.indutech-seidl.de\/index.php\/wp-json\/wp\/v2\/media?parent=416"}],"curies":[{"name":"wp","href":"https:\/\/api.w.org\/{rel}","templated":true}]}}