{"id":421,"date":"2021-05-20T06:53:42","date_gmt":"2021-05-20T06:53:42","guid":{"rendered":"https:\/\/cms.indutech-seidl.de\/?page_id=421"},"modified":"2023-03-08T09:34:50","modified_gmt":"2023-03-08T08:34:50","slug":"kantenfraesmaschinen","status":"publish","type":"page","link":"https:\/\/cms.indutech-seidl.de\/index.php\/kantenfraesmaschinen\/","title":{"rendered":"Kantenfr\u00e4smaschinen"},"content":{"rendered":"\t\t<div data-elementor-type=\"wp-page\" data-elementor-id=\"421\" class=\"elementor elementor-421\">\n\t\t\t\t\t\t<section class=\"elementor-section elementor-top-section elementor-element elementor-element-057ab4f elementor-section-boxed elementor-section-height-default elementor-section-height-default\" data-id=\"057ab4f\" data-element_type=\"section\" data-e-type=\"section\">\n\t\t\t\t\t\t<div class=\"elementor-container elementor-column-gap-default\">\n\t\t\t\t\t<div class=\"elementor-column elementor-col-100 elementor-top-column elementor-element elementor-element-c156c42\" data-id=\"c156c42\" data-element_type=\"column\" data-e-type=\"column\" data-settings=\"{&quot;background_background&quot;:&quot;classic&quot;}\">\n\t\t\t<div class=\"elementor-widget-wrap elementor-element-populated\">\n\t\t\t\t\t\t<div class=\"elementor-element elementor-element-d519f15 elementor-widget elementor-widget-heading\" data-id=\"d519f15\" data-element_type=\"widget\" data-e-type=\"widget\" data-widget_type=\"heading.default\">\n\t\t\t\t<div class=\"elementor-widget-container\">\n\t\t\t\t\t<h2 class=\"elementor-heading-title elementor-size-default\">Kantenfr\u00e4smaschinen<\/h2>\t\t\t\t<\/div>\n\t\t\t\t<\/div>\n\t\t\t\t<div class=\"elementor-element elementor-element-298df08 elementor-widget elementor-widget-text-editor\" data-id=\"298df08\" data-element_type=\"widget\" data-e-type=\"widget\" data-widget_type=\"text-editor.default\">\n\t\t\t\t<div class=\"elementor-widget-container\">\n\t\t\t\t\t\t\t\t\t<p>Die hochwertigen Anfasmaschinen neuester Generation zeichnen sich durch einfache Handhabung und optimale Kantenbearbeitung aus.<\/p><p>Sie bieten eine gro\u00dfe Anzahl von Einstellm\u00f6glichkeiten f\u00fcr ein breites Spektrum an Anwendungen in der Metallbearbeitung.<\/p>\t\t\t\t\t\t\t\t<\/div>\n\t\t\t\t<\/div>\n\t\t\t\t<div class=\"elementor-element elementor-element-dd1c043 elementor-widget-divider--view-line elementor-widget elementor-widget-divider\" data-id=\"dd1c043\" data-element_type=\"widget\" data-e-type=\"widget\" data-widget_type=\"divider.default\">\n\t\t\t\t<div class=\"elementor-widget-container\">\n\t\t\t\t\t\t\t<div class=\"elementor-divider\">\n\t\t\t<span class=\"elementor-divider-separator\">\n\t\t\t\t\t\t<\/span>\n\t\t<\/div>\n\t\t\t\t\t\t<\/div>\n\t\t\t\t<\/div>\n\t\t\t\t<section class=\"elementor-section elementor-inner-section elementor-element elementor-element-130ccee elementor-section-boxed elementor-section-height-default elementor-section-height-default\" data-id=\"130ccee\" data-element_type=\"section\" data-e-type=\"section\">\n\t\t\t\t\t\t<div class=\"elementor-container elementor-column-gap-default\">\n\t\t\t\t\t<div class=\"elementor-column elementor-col-25 elementor-inner-column elementor-element elementor-element-e73e10f\" data-id=\"e73e10f\" data-element_type=\"column\" data-e-type=\"column\">\n\t\t\t<div class=\"elementor-widget-wrap elementor-element-populated\">\n\t\t\t\t\t\t<div class=\"elementor-element elementor-element-4bab32c elementor-widget elementor-widget-image\" data-id=\"4bab32c\" data-element_type=\"widget\" data-e-type=\"widget\" data-widget_type=\"image.default\">\n\t\t\t\t<div class=\"elementor-widget-container\">\n\t\t\t\t\t\t\t\t\t\t\t\t<figure class=\"wp-caption\">\n\t\t\t\t\t\t\t\t\t\t\t<a href=\"\/index.php\/bm-16-2\/\">\n\t\t\t\t\t\t\t<img fetchpriority=\"high\" decoding=\"async\" width=\"834\" height=\"427\" src=\"https:\/\/cms.indutech-seidl.de\/ahytchov\/2021\/06\/BM-16_white-bg.png\" class=\"elementor-animation-grow attachment-full size-full wp-image-1141\" alt=\"\" srcset=\"https:\/\/cms.indutech-seidl.de\/ahytchov\/2021\/06\/BM-16_white-bg.png 834w, https:\/\/cms.indutech-seidl.de\/ahytchov\/2021\/06\/BM-16_white-bg-300x154.png 300w, https:\/\/cms.indutech-seidl.de\/ahytchov\/2021\/06\/BM-16_white-bg-768x393.png 768w\" sizes=\"(max-width: 834px) 100vw, 834px\" \/>\t\t\t\t\t\t\t\t<\/a>\n\t\t\t\t\t\t\t\t\t\t\t<figcaption class=\"widget-image-caption wp-caption-text\">BM-18<\/figcaption>\n\t\t\t\t\t\t\t\t\t\t<\/figure>\n\t\t\t\t\t\t\t\t\t<\/div>\n\t\t\t\t<\/div>\n\t\t\t\t\t<\/div>\n\t\t<\/div>\n\t\t\t\t<div class=\"elementor-column elementor-col-25 elementor-inner-column elementor-element elementor-element-e0c3bc9\" data-id=\"e0c3bc9\" data-element_type=\"column\" data-e-type=\"column\">\n\t\t\t<div class=\"elementor-widget-wrap elementor-element-populated\">\n\t\t\t\t\t\t<div class=\"elementor-element elementor-element-d87fd13 elementor-widget elementor-widget-image\" data-id=\"d87fd13\" data-element_type=\"widget\" data-e-type=\"widget\" data-widget_type=\"image.default\">\n\t\t\t\t<div class=\"elementor-widget-container\">\n\t\t\t\t\t\t\t\t\t\t\t\t<figure class=\"wp-caption\">\n\t\t\t\t\t\t\t\t\t\t\t<a href=\"\/index.php\/bm-7-2\/\">\n\t\t\t\t\t\t\t<img decoding=\"async\" width=\"300\" height=\"215\" src=\"https:\/\/cms.indutech-seidl.de\/ahytchov\/2023\/03\/BM-25-1-1-300x215.png\" class=\"elementor-animation-grow attachment-medium size-medium wp-image-1613\" alt=\"\" srcset=\"https:\/\/cms.indutech-seidl.de\/ahytchov\/2023\/03\/BM-25-1-1-300x215.png 300w, https:\/\/cms.indutech-seidl.de\/ahytchov\/2023\/03\/BM-25-1-1.png 408w\" sizes=\"(max-width: 300px) 100vw, 300px\" \/>\t\t\t\t\t\t\t\t<\/a>\n\t\t\t\t\t\t\t\t\t\t\t<figcaption class=\"widget-image-caption wp-caption-text\">BM-25<\/figcaption>\n\t\t\t\t\t\t\t\t\t\t<\/figure>\n\t\t\t\t\t\t\t\t\t<\/div>\n\t\t\t\t<\/div>\n\t\t\t\t\t<\/div>\n\t\t<\/div>\n\t\t\t\t<div class=\"elementor-column elementor-col-25 elementor-inner-column elementor-element elementor-element-2d6e734\" data-id=\"2d6e734\" data-element_type=\"column\" data-e-type=\"column\">\n\t\t\t<div class=\"elementor-widget-wrap elementor-element-populated\">\n\t\t\t\t\t\t<div class=\"elementor-element elementor-element-3699528 elementor-widget elementor-widget-image\" data-id=\"3699528\" data-element_type=\"widget\" data-e-type=\"widget\" data-widget_type=\"image.default\">\n\t\t\t\t<div class=\"elementor-widget-container\">\n\t\t\t\t\t\t\t\t\t\t\t\t<figure class=\"wp-caption\">\n\t\t\t\t\t\t\t\t\t\t\t<a href=\"\/index.php\/bm-20-plus\/\">\n\t\t\t\t\t\t\t<img decoding=\"async\" src=\"https:\/\/cms.indutech-seidl.de\/ahytchov\/elementor\/thumbs\/BM-20_Plus-p7qvarv92jn5gi25mud00jrammutban17hi7tf5ou8.png\" title=\"BM-20_Plus\" alt=\"BM-20_Plus\" class=\"elementor-animation-grow\" loading=\"lazy\" \/>\t\t\t\t\t\t\t\t<\/a>\n\t\t\t\t\t\t\t\t\t\t\t<figcaption class=\"widget-image-caption wp-caption-text\">BM-20 Plus<\/figcaption>\n\t\t\t\t\t\t\t\t\t\t<\/figure>\n\t\t\t\t\t\t\t\t\t<\/div>\n\t\t\t\t<\/div>\n\t\t\t\t\t<\/div>\n\t\t<\/div>\n\t\t\t\t<div class=\"elementor-column elementor-col-25 elementor-inner-column elementor-element elementor-element-41f24d2\" data-id=\"41f24d2\" data-element_type=\"column\" data-e-type=\"column\">\n\t\t\t<div class=\"elementor-widget-wrap elementor-element-populated\">\n\t\t\t\t\t\t<div class=\"elementor-element elementor-element-b497e85 elementor-widget elementor-widget-image\" data-id=\"b497e85\" data-element_type=\"widget\" data-e-type=\"widget\" data-widget_type=\"image.default\">\n\t\t\t\t<div class=\"elementor-widget-container\">\n\t\t\t\t\t\t\t\t\t\t\t\t<figure class=\"wp-caption\">\n\t\t\t\t\t\t\t\t\t\t\t<a href=\"\/index.php\/bm-21-2\/\">\n\t\t\t\t\t\t\t<img decoding=\"async\" src=\"https:\/\/cms.indutech-seidl.de\/ahytchov\/elementor\/thumbs\/BM-21-p7qvarv92jn5gi25mud00jrammutban17hi7tf5ou8.png\" title=\"BM-21\" alt=\"BM-21\" class=\"elementor-animation-grow\" loading=\"lazy\" \/>\t\t\t\t\t\t\t\t<\/a>\n\t\t\t\t\t\t\t\t\t\t\t<figcaption class=\"widget-image-caption wp-caption-text\">BM-21<\/figcaption>\n\t\t\t\t\t\t\t\t\t\t<\/figure>\n\t\t\t\t\t\t\t\t\t<\/div>\n\t\t\t\t<\/div>\n\t\t\t\t\t<\/div>\n\t\t<\/div>\n\t\t\t\t\t<\/div>\n\t\t<\/section>\n\t\t\t\t<div class=\"elementor-element elementor-element-90c502d elementor-widget-divider--view-line elementor-widget elementor-widget-divider\" data-id=\"90c502d\" data-element_type=\"widget\" data-e-type=\"widget\" data-widget_type=\"divider.default\">\n\t\t\t\t<div class=\"elementor-widget-container\">\n\t\t\t\t\t\t\t<div class=\"elementor-divider\">\n\t\t\t<span class=\"elementor-divider-separator\">\n\t\t\t\t\t\t<\/span>\n\t\t<\/div>\n\t\t\t\t\t\t<\/div>\n\t\t\t\t<\/div>\n\t\t\t\t<section class=\"elementor-section elementor-inner-section elementor-element elementor-element-5c6ff81 elementor-section-boxed elementor-section-height-default elementor-section-height-default\" data-id=\"5c6ff81\" data-element_type=\"section\" data-e-type=\"section\">\n\t\t\t\t\t\t<div class=\"elementor-container elementor-column-gap-default\">\n\t\t\t\t\t<div class=\"elementor-column elementor-col-25 elementor-inner-column elementor-element elementor-element-08b60a3\" data-id=\"08b60a3\" data-element_type=\"column\" data-e-type=\"column\">\n\t\t\t<div class=\"elementor-widget-wrap elementor-element-populated\">\n\t\t\t\t\t\t<div class=\"elementor-element elementor-element-a0441b5 elementor-widget elementor-widget-image\" data-id=\"a0441b5\" data-element_type=\"widget\" data-e-type=\"widget\" data-widget_type=\"image.default\">\n\t\t\t\t<div class=\"elementor-widget-container\">\n\t\t\t\t\t\t\t\t\t\t\t\t<figure class=\"wp-caption\">\n\t\t\t\t\t\t\t\t\t\t\t<a href=\"\/index.php\/bm-21-s\/\">\n\t\t\t\t\t\t\t<img decoding=\"async\" src=\"https:\/\/cms.indutech-seidl.de\/ahytchov\/elementor\/thumbs\/BM21S-p7qvarv92jn5gi25mud00jrammutban17hi7tf5ou8.png\" title=\"BM21S\" alt=\"BM21S\" class=\"elementor-animation-grow\" loading=\"lazy\" \/>\t\t\t\t\t\t\t\t<\/a>\n\t\t\t\t\t\t\t\t\t\t\t<figcaption class=\"widget-image-caption wp-caption-text\">BM-21 S<\/figcaption>\n\t\t\t\t\t\t\t\t\t\t<\/figure>\n\t\t\t\t\t\t\t\t\t<\/div>\n\t\t\t\t<\/div>\n\t\t\t\t\t<\/div>\n\t\t<\/div>\n\t\t\t\t<div class=\"elementor-column elementor-col-25 elementor-inner-column elementor-element elementor-element-3fc5f48\" data-id=\"3fc5f48\" data-element_type=\"column\" data-e-type=\"column\">\n\t\t\t<div class=\"elementor-widget-wrap elementor-element-populated\">\n\t\t\t\t\t\t<div class=\"elementor-element elementor-element-73cdaf9 elementor-widget elementor-widget-image\" data-id=\"73cdaf9\" data-element_type=\"widget\" data-e-type=\"widget\" data-widget_type=\"image.default\">\n\t\t\t\t<div class=\"elementor-widget-container\">\n\t\t\t\t\t\t\t\t\t\t\t\t<figure class=\"wp-caption\">\n\t\t\t\t\t\t\t\t\t\t\t<a href=\"\/index.php\/abm-14-2\/\">\n\t\t\t\t\t\t\t<img decoding=\"async\" width=\"229\" height=\"300\" src=\"https:\/\/cms.indutech-seidl.de\/ahytchov\/2023\/03\/ABM-30-3-3-229x300.png\" class=\"elementor-animation-grow attachment-medium size-medium wp-image-1604\" alt=\"\" srcset=\"https:\/\/cms.indutech-seidl.de\/ahytchov\/2023\/03\/ABM-30-3-3-229x300.png 229w, https:\/\/cms.indutech-seidl.de\/ahytchov\/2023\/03\/ABM-30-3-3.png 353w\" sizes=\"(max-width: 229px) 100vw, 229px\" \/>\t\t\t\t\t\t\t\t<\/a>\n\t\t\t\t\t\t\t\t\t\t\t<figcaption class=\"widget-image-caption wp-caption-text\">ABM-30<\/figcaption>\n\t\t\t\t\t\t\t\t\t\t<\/figure>\n\t\t\t\t\t\t\t\t\t<\/div>\n\t\t\t\t<\/div>\n\t\t\t\t\t<\/div>\n\t\t<\/div>\n\t\t\t\t<div class=\"elementor-column elementor-col-25 elementor-inner-column elementor-element elementor-element-f8c2015\" data-id=\"f8c2015\" data-element_type=\"column\" data-e-type=\"column\">\n\t\t\t<div class=\"elementor-widget-wrap elementor-element-populated\">\n\t\t\t\t\t\t<div class=\"elementor-element elementor-element-d303603 elementor-widget elementor-widget-image\" data-id=\"d303603\" data-element_type=\"widget\" data-e-type=\"widget\" data-widget_type=\"image.default\">\n\t\t\t\t<div class=\"elementor-widget-container\">\n\t\t\t\t\t\t\t\t\t\t\t\t<figure class=\"wp-caption\">\n\t\t\t\t\t\t\t\t\t\t\t<a href=\"\/index.php\/abm-50\/\">\n\t\t\t\t\t\t\t<img decoding=\"async\" src=\"https:\/\/cms.indutech-seidl.de\/ahytchov\/elementor\/thumbs\/ABM_14_beveler-960x500-1-p7qvarvcq3yx1pps66ivbljcp9ocunxzugfksmyyts.png\" title=\"ABM_14_beveler-960&#215;500\" alt=\"ABM_14_beveler-960x500\" class=\"elementor-animation-grow\" loading=\"lazy\" \/>\t\t\t\t\t\t\t\t<\/a>\n\t\t\t\t\t\t\t\t\t\t\t<figcaption class=\"widget-image-caption wp-caption-text\">ABM-50<\/figcaption>\n\t\t\t\t\t\t\t\t\t\t<\/figure>\n\t\t\t\t\t\t\t\t\t<\/div>\n\t\t\t\t<\/div>\n\t\t\t\t\t<\/div>\n\t\t<\/div>\n\t\t\t\t<div class=\"elementor-column elementor-col-25 elementor-inner-column elementor-element elementor-element-5498d1a\" data-id=\"5498d1a\" data-element_type=\"column\" data-e-type=\"column\">\n\t\t\t<div class=\"elementor-widget-wrap elementor-element-populated\">\n\t\t\t\t\t\t<div class=\"elementor-element elementor-element-6b1dbc6 elementor-widget elementor-widget-image\" data-id=\"6b1dbc6\" data-element_type=\"widget\" data-e-type=\"widget\" data-widget_type=\"image.default\">\n\t\t\t\t<div class=\"elementor-widget-container\">\n\t\t\t\t\t\t\t\t\t\t\t\t<figure class=\"wp-caption\">\n\t\t\t\t\t\t\t\t\t\t\t<a href=\"\/index.php\/sbm-500-3\/\">\n\t\t\t\t\t\t\t<img decoding=\"async\" src=\"https:\/\/cms.indutech-seidl.de\/ahytchov\/elementor\/thumbs\/SBM-500-2-p7qvarvbi971wawc3cc5qmj01rwxgspgk5c8o70pu8.png\" title=\"SBM-500-2\" alt=\"SBM-500-2\" class=\"elementor-animation-grow\" loading=\"lazy\" \/>\t\t\t\t\t\t\t\t<\/a>\n\t\t\t\t\t\t\t\t\t\t\t<figcaption class=\"widget-image-caption wp-caption-text\">SBM-500<\/figcaption>\n\t\t\t\t\t\t\t\t\t\t<\/figure>\n\t\t\t\t\t\t\t\t\t<\/div>\n\t\t\t\t<\/div>\n\t\t\t\t\t<\/div>\n\t\t<\/div>\n\t\t\t\t\t<\/div>\n\t\t<\/section>\n\t\t\t\t\t<\/div>\n\t\t<\/div>\n\t\t\t\t\t<\/div>\n\t\t<\/section>\n\t\t\t\t<\/div>\n\t\t","protected":false},"excerpt":{"rendered":"<p>Kantenfr\u00e4smaschinen Die hochwertigen Anfasmaschinen neuester Generation zeichnen sich durch einfache Handhabung und optimale Kantenbearbeitung aus. Sie bieten eine gro\u00dfe Anzahl von Einstellm\u00f6glichkeiten f\u00fcr ein breites Spektrum an Anwendungen in der Metallbearbeitung. BM-18 BM-25 BM-20 Plus BM-21 BM-21 S ABM-30 ABM-50 SBM-500<\/p>\n","protected":false},"author":1,"featured_media":0,"parent":0,"menu_order":0,"comment_status":"closed","ping_status":"closed","template":"","meta":{"ocean_post_layout":"","ocean_both_sidebars_style":"","ocean_both_sidebars_content_width":0,"ocean_both_sidebars_sidebars_width":0,"ocean_sidebar":"0","ocean_second_sidebar":"0","ocean_disable_margins":"enable","ocean_add_body_class":"","ocean_shortcode_before_top_bar":"","ocean_shortcode_after_top_bar":"","ocean_shortcode_before_header":"","ocean_shortcode_after_header":"","ocean_has_shortcode":"","ocean_shortcode_after_title":"","ocean_shortcode_before_footer_widgets":"","ocean_shortcode_after_footer_widgets":"","ocean_shortcode_before_footer_bottom":"","ocean_shortcode_after_footer_bottom":"","ocean_display_top_bar":"default","ocean_display_header":"default","ocean_header_style":"","ocean_center_header_left_menu":"0","ocean_custom_header_template":"0","ocean_custom_logo":0,"ocean_custom_retina_logo":0,"ocean_custom_logo_max_width":0,"ocean_custom_logo_tablet_max_width":0,"ocean_custom_logo_mobile_max_width":0,"ocean_custom_logo_max_height":0,"ocean_custom_logo_tablet_max_height":0,"ocean_custom_logo_mobile_max_height":0,"ocean_header_custom_menu":"0","ocean_menu_typo_font_family":"0","ocean_menu_typo_font_subset":"","ocean_menu_typo_font_size":0,"ocean_menu_typo_font_size_tablet":0,"ocean_menu_typo_font_size_mobile":0,"ocean_menu_typo_font_size_unit":"px","ocean_menu_typo_font_weight":"","ocean_menu_typo_font_weight_tablet":"","ocean_menu_typo_font_weight_mobile":"","ocean_menu_typo_transform":"","ocean_menu_typo_transform_tablet":"","ocean_menu_typo_transform_mobile":"","ocean_menu_typo_line_height":0,"ocean_menu_typo_line_height_tablet":0,"ocean_menu_typo_line_height_mobile":0,"ocean_menu_typo_line_height_unit":"","ocean_menu_typo_spacing":0,"ocean_menu_typo_spacing_tablet":0,"ocean_menu_typo_spacing_mobile":0,"ocean_menu_typo_spacing_unit":"","ocean_menu_link_color":"","ocean_menu_link_color_hover":"","ocean_menu_link_color_active":"","ocean_menu_link_background":"","ocean_menu_link_hover_background":"","ocean_menu_link_active_background":"","ocean_menu_social_links_bg":"","ocean_menu_social_hover_links_bg":"","ocean_menu_social_links_color":"","ocean_menu_social_hover_links_color":"","ocean_disable_title":"default","ocean_disable_heading":"default","ocean_post_title":"","ocean_post_subheading":"","ocean_post_title_style":"","ocean_post_title_background_color":"","ocean_post_title_background":0,"ocean_post_title_bg_image_position":"","ocean_post_title_bg_image_attachment":"","ocean_post_title_bg_image_repeat":"","ocean_post_title_bg_image_size":"","ocean_post_title_height":0,"ocean_post_title_bg_overlay":0.5,"ocean_post_title_bg_overlay_color":"","ocean_disable_breadcrumbs":"default","ocean_breadcrumbs_color":"","ocean_breadcrumbs_separator_color":"","ocean_breadcrumbs_links_color":"","ocean_breadcrumbs_links_hover_color":"","ocean_display_footer_widgets":"default","ocean_display_footer_bottom":"default","ocean_custom_footer_template":"0","footnotes":""},"class_list":["post-421","page","type-page","status-publish","hentry","entry"],"yoast_head":"\n<title>Kantenfr\u00e4smaschinen - Industrietechnik Rudolf Seidl-Schwei\u00dfkantenformer-Anfasmaschinen<\/title>\n<meta name=\"robots\" content=\"index, follow, max-snippet:-1, max-image-preview:large, max-video-preview:-1\" \/>\n<link rel=\"canonical\" href=\"https:\/\/cms.indutech-seidl.de\/index.php\/kantenfraesmaschinen\/\" \/>\n<meta property=\"og:locale\" content=\"de_DE\" \/>\n<meta property=\"og:type\" content=\"article\" \/>\n<meta property=\"og:title\" content=\"Kantenfr\u00e4smaschinen - Industrietechnik Rudolf Seidl-Schwei\u00dfkantenformer-Anfasmaschinen\" \/>\n<meta property=\"og:description\" content=\"Kantenfr\u00e4smaschinen Die hochwertigen Anfasmaschinen neuester Generation zeichnen sich durch einfache Handhabung und optimale Kantenbearbeitung aus. Sie bieten eine gro\u00dfe Anzahl von Einstellm\u00f6glichkeiten f\u00fcr ein breites Spektrum an Anwendungen in der Metallbearbeitung. BM-18 BM-25 BM-20 Plus BM-21 BM-21 S ABM-30 ABM-50 SBM-500\" \/>\n<meta property=\"og:url\" content=\"https:\/\/cms.indutech-seidl.de\/index.php\/kantenfraesmaschinen\/\" \/>\n<meta property=\"og:site_name\" content=\"Industrietechnik Rudolf Seidl-Schwei\u00dfkantenformer-Anfasmaschinen\" \/>\n<meta property=\"article:modified_time\" content=\"2023-03-08T08:34:50+00:00\" \/>\n<meta property=\"og:image\" content=\"https:\/\/cms.indutech-seidl.de\/ahytchov\/2021\/06\/BM-16_white-bg.png\" \/>\n<meta name=\"twitter:card\" content=\"summary_large_image\" \/>\n<meta name=\"twitter:label1\" content=\"Gesch\u00e4tzte Lesezeit\" \/>\n\t<meta name=\"twitter:data1\" content=\"2\u00a0Minuten\" \/>\n<script type=\"application\/ld+json\" class=\"yoast-schema-graph\">{\"@context\":\"https:\\\/\\\/schema.org\",\"@graph\":[{\"@type\":\"WebPage\",\"@id\":\"https:\\\/\\\/cms.indutech-seidl.de\\\/index.php\\\/kantenfraesmaschinen\\\/\",\"url\":\"https:\\\/\\\/cms.indutech-seidl.de\\\/index.php\\\/kantenfraesmaschinen\\\/\",\"name\":\"Kantenfr\u00e4smaschinen - Industrietechnik Rudolf Seidl-Schwei\u00dfkantenformer-Anfasmaschinen\",\"isPartOf\":{\"@id\":\"https:\\\/\\\/cms.indutech-seidl.de\\\/#website\"},\"primaryImageOfPage\":{\"@id\":\"https:\\\/\\\/cms.indutech-seidl.de\\\/index.php\\\/kantenfraesmaschinen\\\/#primaryimage\"},\"image\":{\"@id\":\"https:\\\/\\\/cms.indutech-seidl.de\\\/index.php\\\/kantenfraesmaschinen\\\/#primaryimage\"},\"thumbnailUrl\":\"https:\\\/\\\/cms.indutech-seidl.de\\\/wp-content\\\/uploads\\\/2021\\\/06\\\/BM-16_white-bg.png\",\"datePublished\":\"2021-05-20T06:53:42+00:00\",\"dateModified\":\"2023-03-08T08:34:50+00:00\",\"breadcrumb\":{\"@id\":\"https:\\\/\\\/cms.indutech-seidl.de\\\/index.php\\\/kantenfraesmaschinen\\\/#breadcrumb\"},\"inLanguage\":\"de\",\"potentialAction\":[{\"@type\":\"ReadAction\",\"target\":[\"https:\\\/\\\/cms.indutech-seidl.de\\\/index.php\\\/kantenfraesmaschinen\\\/\"]}]},{\"@type\":\"ImageObject\",\"inLanguage\":\"de\",\"@id\":\"https:\\\/\\\/cms.indutech-seidl.de\\\/index.php\\\/kantenfraesmaschinen\\\/#primaryimage\",\"url\":\"https:\\\/\\\/cms.indutech-seidl.de\\\/wp-content\\\/uploads\\\/2021\\\/06\\\/BM-16_white-bg.png\",\"contentUrl\":\"https:\\\/\\\/cms.indutech-seidl.de\\\/wp-content\\\/uploads\\\/2021\\\/06\\\/BM-16_white-bg.png\",\"width\":834,\"height\":427},{\"@type\":\"BreadcrumbList\",\"@id\":\"https:\\\/\\\/cms.indutech-seidl.de\\\/index.php\\\/kantenfraesmaschinen\\\/#breadcrumb\",\"itemListElement\":[{\"@type\":\"ListItem\",\"position\":1,\"name\":\"Startseite\",\"item\":\"https:\\\/\\\/cms.indutech-seidl.de\\\/\"},{\"@type\":\"ListItem\",\"position\":2,\"name\":\"Kantenfr\u00e4smaschinen\"}]},{\"@type\":\"WebSite\",\"@id\":\"https:\\\/\\\/cms.indutech-seidl.de\\\/#website\",\"url\":\"https:\\\/\\\/cms.indutech-seidl.de\\\/\",\"name\":\"Industrietechnik Rudolf Seidl-Schwei\u00dfkantenformer-Anfasmaschinen\",\"description\":\"Industrietechnik Rudolf Seidl\",\"potentialAction\":[{\"@type\":\"SearchAction\",\"target\":{\"@type\":\"EntryPoint\",\"urlTemplate\":\"https:\\\/\\\/cms.indutech-seidl.de\\\/?s={search_term_string}\"},\"query-input\":{\"@type\":\"PropertyValueSpecification\",\"valueRequired\":true,\"valueName\":\"search_term_string\"}}],\"inLanguage\":\"de\"}]}<\/script>\n","yoast_head_json":{"title":"Kantenfr\u00e4smaschinen - Industrietechnik Rudolf Seidl-Schwei\u00dfkantenformer-Anfasmaschinen","robots":{"index":"index","follow":"follow","max-snippet":"max-snippet:-1","max-image-preview":"max-image-preview:large","max-video-preview":"max-video-preview:-1"},"canonical":"https:\/\/cms.indutech-seidl.de\/index.php\/kantenfraesmaschinen\/","og_locale":"de_DE","og_type":"article","og_title":"Kantenfr\u00e4smaschinen - Industrietechnik Rudolf Seidl-Schwei\u00dfkantenformer-Anfasmaschinen","og_description":"Kantenfr\u00e4smaschinen Die hochwertigen Anfasmaschinen neuester Generation zeichnen sich durch einfache Handhabung und optimale Kantenbearbeitung aus. Sie bieten eine gro\u00dfe Anzahl von Einstellm\u00f6glichkeiten f\u00fcr ein breites Spektrum an Anwendungen in der Metallbearbeitung. BM-18 BM-25 BM-20 Plus BM-21 BM-21 S ABM-30 ABM-50 SBM-500","og_url":"https:\/\/cms.indutech-seidl.de\/index.php\/kantenfraesmaschinen\/","og_site_name":"Industrietechnik Rudolf Seidl-Schwei\u00dfkantenformer-Anfasmaschinen","article_modified_time":"2023-03-08T08:34:50+00:00","og_image":[{"url":"https:\/\/cms.indutech-seidl.de\/ahytchov\/2021\/06\/BM-16_white-bg.png","type":"","width":"","height":""}],"twitter_card":"summary_large_image","twitter_misc":{"Gesch\u00e4tzte Lesezeit":"2\u00a0Minuten"},"schema":{"@context":"https:\/\/schema.org","@graph":[{"@type":"WebPage","@id":"https:\/\/cms.indutech-seidl.de\/index.php\/kantenfraesmaschinen\/","url":"https:\/\/cms.indutech-seidl.de\/index.php\/kantenfraesmaschinen\/","name":"Kantenfr\u00e4smaschinen - Industrietechnik Rudolf Seidl-Schwei\u00dfkantenformer-Anfasmaschinen","isPartOf":{"@id":"https:\/\/cms.indutech-seidl.de\/#website"},"primaryImageOfPage":{"@id":"https:\/\/cms.indutech-seidl.de\/index.php\/kantenfraesmaschinen\/#primaryimage"},"image":{"@id":"https:\/\/cms.indutech-seidl.de\/index.php\/kantenfraesmaschinen\/#primaryimage"},"thumbnailUrl":"https:\/\/cms.indutech-seidl.de\/ahytchov\/2021\/06\/BM-16_white-bg.png","datePublished":"2021-05-20T06:53:42+00:00","dateModified":"2023-03-08T08:34:50+00:00","breadcrumb":{"@id":"https:\/\/cms.indutech-seidl.de\/index.php\/kantenfraesmaschinen\/#breadcrumb"},"inLanguage":"de","potentialAction":[{"@type":"ReadAction","target":["https:\/\/cms.indutech-seidl.de\/index.php\/kantenfraesmaschinen\/"]}]},{"@type":"ImageObject","inLanguage":"de","@id":"https:\/\/cms.indutech-seidl.de\/index.php\/kantenfraesmaschinen\/#primaryimage","url":"https:\/\/cms.indutech-seidl.de\/ahytchov\/2021\/06\/BM-16_white-bg.png","contentUrl":"https:\/\/cms.indutech-seidl.de\/ahytchov\/2021\/06\/BM-16_white-bg.png","width":834,"height":427},{"@type":"BreadcrumbList","@id":"https:\/\/cms.indutech-seidl.de\/index.php\/kantenfraesmaschinen\/#breadcrumb","itemListElement":[{"@type":"ListItem","position":1,"name":"Startseite","item":"https:\/\/cms.indutech-seidl.de\/"},{"@type":"ListItem","position":2,"name":"Kantenfr\u00e4smaschinen"}]},{"@type":"WebSite","@id":"https:\/\/cms.indutech-seidl.de\/#website","url":"https:\/\/cms.indutech-seidl.de\/","name":"Industrietechnik Rudolf Seidl-Schwei\u00dfkantenformer-Anfasmaschinen","description":"Industrietechnik Rudolf Seidl","potentialAction":[{"@type":"SearchAction","target":{"@type":"EntryPoint","urlTemplate":"https:\/\/cms.indutech-seidl.de\/?s={search_term_string}"},"query-input":{"@type":"PropertyValueSpecification","valueRequired":true,"valueName":"search_term_string"}}],"inLanguage":"de"}]}},"_links":{"self":[{"href":"https:\/\/cms.indutech-seidl.de\/index.php\/wp-json\/wp\/v2\/pages\/421","targetHints":{"allow":["GET"]}}],"collection":[{"href":"https:\/\/cms.indutech-seidl.de\/index.php\/wp-json\/wp\/v2\/pages"}],"about":[{"href":"https:\/\/cms.indutech-seidl.de\/index.php\/wp-json\/wp\/v2\/types\/page"}],"author":[{"embeddable":true,"href":"https:\/\/cms.indutech-seidl.de\/index.php\/wp-json\/wp\/v2\/users\/1"}],"replies":[{"embeddable":true,"href":"https:\/\/cms.indutech-seidl.de\/index.php\/wp-json\/wp\/v2\/comments?post=421"}],"version-history":[{"count":55,"href":"https:\/\/cms.indutech-seidl.de\/index.php\/wp-json\/wp\/v2\/pages\/421\/revisions"}],"predecessor-version":[{"id":1619,"href":"https:\/\/cms.indutech-seidl.de\/index.php\/wp-json\/wp\/v2\/pages\/421\/revisions\/1619"}],"wp:attachment":[{"href":"https:\/\/cms.indutech-seidl.de\/index.php\/wp-json\/wp\/v2\/media?parent=421"}],"curies":[{"name":"wp","href":"https:\/\/api.w.org\/{rel}","templated":true}]}}