{"id":481,"date":"2021-05-20T08:27:16","date_gmt":"2021-05-20T08:27:16","guid":{"rendered":"https:\/\/cms.indutech-seidl.de\/?page_id=481"},"modified":"2026-02-17T16:22:43","modified_gmt":"2026-02-17T15:22:43","slug":"bm-21-s","status":"publish","type":"page","link":"https:\/\/cms.indutech-seidl.de\/index.php\/bm-21-s\/","title":{"rendered":"BM-21 S"},"content":{"rendered":"\t\t<div data-elementor-type=\"wp-page\" data-elementor-id=\"481\" class=\"elementor elementor-481\">\n\t\t\t\t\t\t<section class=\"elementor-section elementor-top-section elementor-element elementor-element-cf5da73 elementor-section-boxed elementor-section-height-default elementor-section-height-default\" data-id=\"cf5da73\" data-element_type=\"section\" data-e-type=\"section\">\n\t\t\t\t\t\t<div class=\"elementor-container elementor-column-gap-default\">\n\t\t\t\t\t<div class=\"elementor-column elementor-col-100 elementor-top-column elementor-element elementor-element-4db35ac\" data-id=\"4db35ac\" data-element_type=\"column\" data-e-type=\"column\" data-settings=\"{&quot;background_background&quot;:&quot;classic&quot;}\">\n\t\t\t<div class=\"elementor-widget-wrap elementor-element-populated\">\n\t\t\t\t\t\t<div class=\"elementor-element elementor-element-dc53ba5 elementor-widget elementor-widget-heading\" data-id=\"dc53ba5\" data-element_type=\"widget\" data-e-type=\"widget\" data-widget_type=\"heading.default\">\n\t\t\t\t<div class=\"elementor-widget-container\">\n\t\t\t\t\t<h2 class=\"elementor-heading-title elementor-size-default\">BM-21 S<\/h2>\t\t\t\t<\/div>\n\t\t\t\t<\/div>\n\t\t\t\t<div class=\"elementor-element elementor-element-6e90ea0 elementor-widget elementor-widget-text-editor\" data-id=\"6e90ea0\" data-element_type=\"widget\" data-e-type=\"widget\" data-widget_type=\"text-editor.default\">\n\t\t\t\t<div class=\"elementor-widget-container\">\n\t\t\t\t\t\t\t\t\tANFASMASCHINE F\u00dcR EDELSTAHL\t\t\t\t\t\t\t\t<\/div>\n\t\t\t\t<\/div>\n\t\t\t\t<div class=\"elementor-element elementor-element-4b42e18 elementor-widget elementor-widget-eael-adv-tabs\" data-id=\"4b42e18\" data-element_type=\"widget\" data-e-type=\"widget\" data-widget_type=\"eael-adv-tabs.default\">\n\t\t\t\t<div class=\"elementor-widget-container\">\n\t\t\t\t\t        <div data-scroll-on-click=\"no\" data-scroll-speed=\"300\" id=\"eael-advance-tabs-4b42e18\" class=\"eael-advance-tabs eael-tabs-horizontal eael-tab-auto-active \" data-tabid=\"4b42e18\">\n            <div class=\"eael-tabs-nav \">\n                <ul class=\"eael-tab-inline-icon\" role=\"tablist\">\n                                            <li id=\"daten\" class=\"inactive eael-tab-item-trigger eael-tab-nav-item\" aria-selected=\"true\" data-tab=\"1\" role=\"tab\" tabindex=\"0\" aria-controls=\"daten-tab\" aria-expanded=\"false\">\n                            \n                                                                                                                            \n                                                            <span class=\"eael-tab-title title-after-icon\" >Daten<\/span>                            \n                                                    <\/li>\n                                            <li id=\"video\" class=\"inactive eael-tab-item-trigger eael-tab-nav-item\" aria-selected=\"false\" data-tab=\"2\" role=\"tab\" tabindex=\"-1\" aria-controls=\"video-tab\" aria-expanded=\"false\">\n                            \n                                                                                                                            \n                                                            <span class=\"eael-tab-title title-after-icon\" >Video<\/span>                            \n                                                    <\/li>\n                    \n                                  <\/ul>\n            <\/div>\n            \n            <div class=\"eael-tabs-content\">\n\t\t        \n                    <div id=\"daten-tab\" class=\"clearfix eael-tab-content-item inactive\" data-title-link=\"daten-tab\">\n\t\t\t\t        <p>Diese spezielle Version f\u00fcr die Bearbeitung von Edelstahl verwendet einen Motor mit niedriger Drehzahl sowie eine F\u00fchrungsplatte mit F\u00fchrungsrollen aus Edelstahl.<\/p><table style=\"height: 234px\"><tbody><tr><td style=\"text-align: right\"><img decoding=\"async\" class=\"alignright wp-image-775\" src=\"https:\/\/cms.indutech-seidl.de\/ahytchov\/2021\/05\/S2.png\" alt=\"S1\" width=\"46\" height=\"30\" \/><\/td><td>max. Fasenbreite bis 21 mm<\/td><\/tr><tr><td style=\"text-align: right\"><img decoding=\"async\" class=\"alignright wp-image-783\" src=\"https:\/\/cms.indutech-seidl.de\/ahytchov\/2021\/05\/S11.png\" alt=\"S9\" width=\"26\" height=\"30\" \/><\/td><td>Faswinkel 0\u00b0 \u2013 60\u00b0<\/td><\/tr><tr><td style=\"text-align: right\"><img decoding=\"async\" class=\"alignright wp-image-785\" src=\"https:\/\/cms.indutech-seidl.de\/ahytchov\/2021\/05\/S15.png\" alt=\"S11\" width=\"30\" height=\"10\" \/><\/td><td>Anfasen von Rohren OD 150-300 mm (Option), OD 260-600 mm (Option)<\/td><\/tr><tr><td style=\"text-align: right\"><img loading=\"lazy\" decoding=\"async\" class=\"alignright wp-image-777\" src=\"https:\/\/cms.indutech-seidl.de\/ahytchov\/2021\/05\/S3.png\" alt=\"S3\" width=\"39\" height=\"30\" \/><\/td><td>Fasen von Oberkanten<\/td><\/tr><tr><td style=\"text-align: right\"><img loading=\"lazy\" decoding=\"async\" class=\"alignright wp-image-781\" src=\"https:\/\/cms.indutech-seidl.de\/ahytchov\/2021\/05\/S4.png\" alt=\"S7\" width=\"40\" height=\"30\" \/><\/td><td>Planen<\/td><\/tr><\/tbody><\/table><p><img loading=\"lazy\" decoding=\"async\" class=\"alignnone wp-image-74 size-medium\" src=\"https:\/\/cms.indutech-seidl.de\/ahytchov\/2021\/05\/BM21S-300x284.png\" alt=\"\" width=\"300\" height=\"284\" srcset=\"https:\/\/cms.indutech-seidl.de\/ahytchov\/2021\/05\/BM21S-300x284.png 300w, https:\/\/cms.indutech-seidl.de\/ahytchov\/2021\/05\/BM21S.png 556w\" sizes=\"(max-width: 300px) 100vw, 300px\" \/><\/p>                    <\/div>\n\t\t        \n                    <div id=\"video-tab\" class=\"clearfix eael-tab-content-item inactive\" data-title-link=\"video-tab\">\n\t\t\t\t        <center><iframe title=\"YouTube video player\" src=\"https:\/\/www.youtube.com\/embed\/jF0JdDIJGt4\" width=\"700\" height=\"394\" allowfullscreen=\"allowfullscreen\"><\/iframe><\/center>                    <\/div>\n\t\t                    <\/div>\n        <\/div>\n\t\t\t\t<\/div>\n\t\t\t\t<\/div>\n\t\t\t\t\t<\/div>\n\t\t<\/div>\n\t\t\t\t\t<\/div>\n\t\t<\/section>\n\t\t\t\t<\/div>\n\t\t","protected":false},"excerpt":{"rendered":"<p>BM-21 S ANFASMASCHINE F\u00dcR EDELSTAHL Daten Video Diese spezielle Version f\u00fcr die Bearbeitung von Edelstahl verwendet einen Motor mit niedriger Drehzahl sowie eine F\u00fchrungsplatte mit F\u00fchrungsrollen aus Edelstahl. max. Fasenbreite bis 21 mm Faswinkel 0\u00b0 \u2013 60\u00b0 Anfasen von Rohren OD 150-300 mm (Option), OD 260-600 mm (Option) Fasen von Oberkanten Planen<\/p>\n","protected":false},"author":1,"featured_media":0,"parent":0,"menu_order":0,"comment_status":"closed","ping_status":"closed","template":"","meta":{"ocean_post_layout":"","ocean_both_sidebars_style":"","ocean_both_sidebars_content_width":0,"ocean_both_sidebars_sidebars_width":0,"ocean_sidebar":"0","ocean_second_sidebar":"0","ocean_disable_margins":"enable","ocean_add_body_class":"","ocean_shortcode_before_top_bar":"","ocean_shortcode_after_top_bar":"","ocean_shortcode_before_header":"","ocean_shortcode_after_header":"","ocean_has_shortcode":"","ocean_shortcode_after_title":"","ocean_shortcode_before_footer_widgets":"","ocean_shortcode_after_footer_widgets":"","ocean_shortcode_before_footer_bottom":"","ocean_shortcode_after_footer_bottom":"","ocean_display_top_bar":"default","ocean_display_header":"default","ocean_header_style":"","ocean_center_header_left_menu":"0","ocean_custom_header_template":"0","ocean_custom_logo":0,"ocean_custom_retina_logo":0,"ocean_custom_logo_max_width":0,"ocean_custom_logo_tablet_max_width":0,"ocean_custom_logo_mobile_max_width":0,"ocean_custom_logo_max_height":0,"ocean_custom_logo_tablet_max_height":0,"ocean_custom_logo_mobile_max_height":0,"ocean_header_custom_menu":"0","ocean_menu_typo_font_family":"0","ocean_menu_typo_font_subset":"","ocean_menu_typo_font_size":0,"ocean_menu_typo_font_size_tablet":0,"ocean_menu_typo_font_size_mobile":0,"ocean_menu_typo_font_size_unit":"px","ocean_menu_typo_font_weight":"","ocean_menu_typo_font_weight_tablet":"","ocean_menu_typo_font_weight_mobile":"","ocean_menu_typo_transform":"","ocean_menu_typo_transform_tablet":"","ocean_menu_typo_transform_mobile":"","ocean_menu_typo_line_height":0,"ocean_menu_typo_line_height_tablet":0,"ocean_menu_typo_line_height_mobile":0,"ocean_menu_typo_line_height_unit":"","ocean_menu_typo_spacing":0,"ocean_menu_typo_spacing_tablet":0,"ocean_menu_typo_spacing_mobile":0,"ocean_menu_typo_spacing_unit":"","ocean_menu_link_color":"","ocean_menu_link_color_hover":"","ocean_menu_link_color_active":"","ocean_menu_link_background":"","ocean_menu_link_hover_background":"","ocean_menu_link_active_background":"","ocean_menu_social_links_bg":"","ocean_menu_social_hover_links_bg":"","ocean_menu_social_links_color":"","ocean_menu_social_hover_links_color":"","ocean_disable_title":"default","ocean_disable_heading":"default","ocean_post_title":"","ocean_post_subheading":"","ocean_post_title_style":"","ocean_post_title_background_color":"","ocean_post_title_background":0,"ocean_post_title_bg_image_position":"","ocean_post_title_bg_image_attachment":"","ocean_post_title_bg_image_repeat":"","ocean_post_title_bg_image_size":"","ocean_post_title_height":0,"ocean_post_title_bg_overlay":0.5,"ocean_post_title_bg_overlay_color":"","ocean_disable_breadcrumbs":"default","ocean_breadcrumbs_color":"","ocean_breadcrumbs_separator_color":"","ocean_breadcrumbs_links_color":"","ocean_breadcrumbs_links_hover_color":"","ocean_display_footer_widgets":"default","ocean_display_footer_bottom":"default","ocean_custom_footer_template":"0","footnotes":""},"class_list":["post-481","page","type-page","status-publish","hentry","entry"],"yoast_head":"\n<title>BM-21 S - Industrietechnik Rudolf Seidl-Schwei\u00dfkantenformer-Anfasmaschinen<\/title>\n<meta name=\"robots\" content=\"index, follow, max-snippet:-1, max-image-preview:large, max-video-preview:-1\" \/>\n<link rel=\"canonical\" href=\"https:\/\/cms.indutech-seidl.de\/index.php\/bm-21-s\/\" \/>\n<meta property=\"og:locale\" content=\"de_DE\" \/>\n<meta property=\"og:type\" content=\"article\" \/>\n<meta property=\"og:title\" content=\"BM-21 S - Industrietechnik Rudolf Seidl-Schwei\u00dfkantenformer-Anfasmaschinen\" \/>\n<meta property=\"og:description\" content=\"BM-21 S ANFASMASCHINE F\u00dcR EDELSTAHL Daten Video Diese spezielle Version f\u00fcr die Bearbeitung von Edelstahl verwendet einen Motor mit niedriger Drehzahl sowie eine F\u00fchrungsplatte mit F\u00fchrungsrollen aus Edelstahl. max. Fasenbreite bis 21 mm Faswinkel 0\u00b0 \u2013 60\u00b0 Anfasen von Rohren OD 150-300 mm (Option), OD 260-600 mm (Option) Fasen von Oberkanten Planen\" \/>\n<meta property=\"og:url\" content=\"https:\/\/cms.indutech-seidl.de\/index.php\/bm-21-s\/\" \/>\n<meta property=\"og:site_name\" content=\"Industrietechnik Rudolf Seidl-Schwei\u00dfkantenformer-Anfasmaschinen\" \/>\n<meta property=\"article:modified_time\" content=\"2026-02-17T15:22:43+00:00\" \/>\n<meta name=\"twitter:card\" content=\"summary_large_image\" \/>\n<meta name=\"twitter:label1\" content=\"Gesch\u00e4tzte Lesezeit\" \/>\n\t<meta name=\"twitter:data1\" content=\"2\u00a0Minuten\" \/>\n<script type=\"application\/ld+json\" class=\"yoast-schema-graph\">{\"@context\":\"https:\\\/\\\/schema.org\",\"@graph\":[{\"@type\":\"WebPage\",\"@id\":\"https:\\\/\\\/cms.indutech-seidl.de\\\/index.php\\\/bm-21-s\\\/\",\"url\":\"https:\\\/\\\/cms.indutech-seidl.de\\\/index.php\\\/bm-21-s\\\/\",\"name\":\"BM-21 S - Industrietechnik Rudolf Seidl-Schwei\u00dfkantenformer-Anfasmaschinen\",\"isPartOf\":{\"@id\":\"https:\\\/\\\/cms.indutech-seidl.de\\\/#website\"},\"primaryImageOfPage\":{\"@id\":\"https:\\\/\\\/cms.indutech-seidl.de\\\/index.php\\\/bm-21-s\\\/#primaryimage\"},\"image\":{\"@id\":\"https:\\\/\\\/cms.indutech-seidl.de\\\/index.php\\\/bm-21-s\\\/#primaryimage\"},\"thumbnailUrl\":\"https:\\\/\\\/cms.indutech-seidl.de\\\/wp-content\\\/uploads\\\/2021\\\/05\\\/S2.png\",\"datePublished\":\"2021-05-20T08:27:16+00:00\",\"dateModified\":\"2026-02-17T15:22:43+00:00\",\"breadcrumb\":{\"@id\":\"https:\\\/\\\/cms.indutech-seidl.de\\\/index.php\\\/bm-21-s\\\/#breadcrumb\"},\"inLanguage\":\"de\",\"potentialAction\":[{\"@type\":\"ReadAction\",\"target\":[\"https:\\\/\\\/cms.indutech-seidl.de\\\/index.php\\\/bm-21-s\\\/\"]}]},{\"@type\":\"ImageObject\",\"inLanguage\":\"de\",\"@id\":\"https:\\\/\\\/cms.indutech-seidl.de\\\/index.php\\\/bm-21-s\\\/#primaryimage\",\"url\":\"https:\\\/\\\/cms.indutech-seidl.de\\\/wp-content\\\/uploads\\\/2021\\\/05\\\/S2.png\",\"contentUrl\":\"https:\\\/\\\/cms.indutech-seidl.de\\\/wp-content\\\/uploads\\\/2021\\\/05\\\/S2.png\",\"width\":152,\"height\":112},{\"@type\":\"BreadcrumbList\",\"@id\":\"https:\\\/\\\/cms.indutech-seidl.de\\\/index.php\\\/bm-21-s\\\/#breadcrumb\",\"itemListElement\":[{\"@type\":\"ListItem\",\"position\":1,\"name\":\"Startseite\",\"item\":\"https:\\\/\\\/cms.indutech-seidl.de\\\/\"},{\"@type\":\"ListItem\",\"position\":2,\"name\":\"BM-21 S\"}]},{\"@type\":\"WebSite\",\"@id\":\"https:\\\/\\\/cms.indutech-seidl.de\\\/#website\",\"url\":\"https:\\\/\\\/cms.indutech-seidl.de\\\/\",\"name\":\"Industrietechnik Rudolf Seidl-Schwei\u00dfkantenformer-Anfasmaschinen\",\"description\":\"Industrietechnik Rudolf Seidl\",\"potentialAction\":[{\"@type\":\"SearchAction\",\"target\":{\"@type\":\"EntryPoint\",\"urlTemplate\":\"https:\\\/\\\/cms.indutech-seidl.de\\\/?s={search_term_string}\"},\"query-input\":{\"@type\":\"PropertyValueSpecification\",\"valueRequired\":true,\"valueName\":\"search_term_string\"}}],\"inLanguage\":\"de\"}]}<\/script>\n","yoast_head_json":{"title":"BM-21 S - Industrietechnik Rudolf Seidl-Schwei\u00dfkantenformer-Anfasmaschinen","robots":{"index":"index","follow":"follow","max-snippet":"max-snippet:-1","max-image-preview":"max-image-preview:large","max-video-preview":"max-video-preview:-1"},"canonical":"https:\/\/cms.indutech-seidl.de\/index.php\/bm-21-s\/","og_locale":"de_DE","og_type":"article","og_title":"BM-21 S - Industrietechnik Rudolf Seidl-Schwei\u00dfkantenformer-Anfasmaschinen","og_description":"BM-21 S ANFASMASCHINE F\u00dcR EDELSTAHL Daten Video Diese spezielle Version f\u00fcr die Bearbeitung von Edelstahl verwendet einen Motor mit niedriger Drehzahl sowie eine F\u00fchrungsplatte mit F\u00fchrungsrollen aus Edelstahl. max. Fasenbreite bis 21 mm Faswinkel 0\u00b0 \u2013 60\u00b0 Anfasen von Rohren OD 150-300 mm (Option), OD 260-600 mm (Option) Fasen von Oberkanten Planen","og_url":"https:\/\/cms.indutech-seidl.de\/index.php\/bm-21-s\/","og_site_name":"Industrietechnik Rudolf Seidl-Schwei\u00dfkantenformer-Anfasmaschinen","article_modified_time":"2026-02-17T15:22:43+00:00","twitter_card":"summary_large_image","twitter_misc":{"Gesch\u00e4tzte Lesezeit":"2\u00a0Minuten"},"schema":{"@context":"https:\/\/schema.org","@graph":[{"@type":"WebPage","@id":"https:\/\/cms.indutech-seidl.de\/index.php\/bm-21-s\/","url":"https:\/\/cms.indutech-seidl.de\/index.php\/bm-21-s\/","name":"BM-21 S - Industrietechnik Rudolf Seidl-Schwei\u00dfkantenformer-Anfasmaschinen","isPartOf":{"@id":"https:\/\/cms.indutech-seidl.de\/#website"},"primaryImageOfPage":{"@id":"https:\/\/cms.indutech-seidl.de\/index.php\/bm-21-s\/#primaryimage"},"image":{"@id":"https:\/\/cms.indutech-seidl.de\/index.php\/bm-21-s\/#primaryimage"},"thumbnailUrl":"https:\/\/cms.indutech-seidl.de\/ahytchov\/2021\/05\/S2.png","datePublished":"2021-05-20T08:27:16+00:00","dateModified":"2026-02-17T15:22:43+00:00","breadcrumb":{"@id":"https:\/\/cms.indutech-seidl.de\/index.php\/bm-21-s\/#breadcrumb"},"inLanguage":"de","potentialAction":[{"@type":"ReadAction","target":["https:\/\/cms.indutech-seidl.de\/index.php\/bm-21-s\/"]}]},{"@type":"ImageObject","inLanguage":"de","@id":"https:\/\/cms.indutech-seidl.de\/index.php\/bm-21-s\/#primaryimage","url":"https:\/\/cms.indutech-seidl.de\/ahytchov\/2021\/05\/S2.png","contentUrl":"https:\/\/cms.indutech-seidl.de\/ahytchov\/2021\/05\/S2.png","width":152,"height":112},{"@type":"BreadcrumbList","@id":"https:\/\/cms.indutech-seidl.de\/index.php\/bm-21-s\/#breadcrumb","itemListElement":[{"@type":"ListItem","position":1,"name":"Startseite","item":"https:\/\/cms.indutech-seidl.de\/"},{"@type":"ListItem","position":2,"name":"BM-21 S"}]},{"@type":"WebSite","@id":"https:\/\/cms.indutech-seidl.de\/#website","url":"https:\/\/cms.indutech-seidl.de\/","name":"Industrietechnik Rudolf Seidl-Schwei\u00dfkantenformer-Anfasmaschinen","description":"Industrietechnik Rudolf Seidl","potentialAction":[{"@type":"SearchAction","target":{"@type":"EntryPoint","urlTemplate":"https:\/\/cms.indutech-seidl.de\/?s={search_term_string}"},"query-input":{"@type":"PropertyValueSpecification","valueRequired":true,"valueName":"search_term_string"}}],"inLanguage":"de"}]}},"_links":{"self":[{"href":"https:\/\/cms.indutech-seidl.de\/index.php\/wp-json\/wp\/v2\/pages\/481","targetHints":{"allow":["GET"]}}],"collection":[{"href":"https:\/\/cms.indutech-seidl.de\/index.php\/wp-json\/wp\/v2\/pages"}],"about":[{"href":"https:\/\/cms.indutech-seidl.de\/index.php\/wp-json\/wp\/v2\/types\/page"}],"author":[{"embeddable":true,"href":"https:\/\/cms.indutech-seidl.de\/index.php\/wp-json\/wp\/v2\/users\/1"}],"replies":[{"embeddable":true,"href":"https:\/\/cms.indutech-seidl.de\/index.php\/wp-json\/wp\/v2\/comments?post=481"}],"version-history":[{"count":13,"href":"https:\/\/cms.indutech-seidl.de\/index.php\/wp-json\/wp\/v2\/pages\/481\/revisions"}],"predecessor-version":[{"id":1652,"href":"https:\/\/cms.indutech-seidl.de\/index.php\/wp-json\/wp\/v2\/pages\/481\/revisions\/1652"}],"wp:attachment":[{"href":"https:\/\/cms.indutech-seidl.de\/index.php\/wp-json\/wp\/v2\/media?parent=481"}],"curies":[{"name":"wp","href":"https:\/\/api.w.org\/{rel}","templated":true}]}}