{"id":516,"date":"2021-05-20T09:00:50","date_gmt":"2021-05-20T09:00:50","guid":{"rendered":"https:\/\/cms.indutech-seidl.de\/?page_id=516"},"modified":"2021-05-28T08:28:47","modified_gmt":"2021-05-28T08:28:47","slug":"rohranfasmaschinen","status":"publish","type":"page","link":"https:\/\/cms.indutech-seidl.de\/index.php\/rohranfasmaschinen\/","title":{"rendered":"Rohranfasmaschinen"},"content":{"rendered":"\t\t<div data-elementor-type=\"wp-page\" data-elementor-id=\"516\" class=\"elementor elementor-516\">\n\t\t\t\t\t\t<section class=\"elementor-section elementor-top-section elementor-element elementor-element-bdfa957 elementor-section-boxed elementor-section-height-default elementor-section-height-default\" data-id=\"bdfa957\" data-element_type=\"section\" data-e-type=\"section\">\n\t\t\t\t\t\t<div class=\"elementor-container elementor-column-gap-default\">\n\t\t\t\t\t<div class=\"elementor-column elementor-col-100 elementor-top-column elementor-element elementor-element-1431777\" data-id=\"1431777\" data-element_type=\"column\" data-e-type=\"column\" data-settings=\"{&quot;background_background&quot;:&quot;classic&quot;}\">\n\t\t\t<div class=\"elementor-widget-wrap elementor-element-populated\">\n\t\t\t\t\t\t<div class=\"elementor-element elementor-element-7f99b78 elementor-widget elementor-widget-heading\" data-id=\"7f99b78\" data-element_type=\"widget\" data-e-type=\"widget\" data-widget_type=\"heading.default\">\n\t\t\t\t<div class=\"elementor-widget-container\">\n\t\t\t\t\t<h2 class=\"elementor-heading-title elementor-size-default\">Rohranfasmaschinen<\/h2>\t\t\t\t<\/div>\n\t\t\t\t<\/div>\n\t\t\t\t<div class=\"elementor-element elementor-element-c5c3713 elementor-widget elementor-widget-text-editor\" data-id=\"c5c3713\" data-element_type=\"widget\" data-e-type=\"widget\" data-widget_type=\"text-editor.default\">\n\t\t\t\t<div class=\"elementor-widget-container\">\n\t\t\t\t\t\t\t\t\t<p>Die transportablen Rohranfasmaschinen sind robuste, kraftvolle und handliche Maschinen, um sauber und schnell exakte Schweissfasen an Rohren aller g\u00e4ngigen Materialien anzubringen. Auf Grund der Aufnahmen am Fr\u00e4skopf bieten sie die M\u00f6glichkeit zum gleichzeitigen Fasen, Planen und Innenausdrehen. Die Maschinen k\u00f6nnen wahlweise mit Elektro-, Druckluft- oder Hydraulikantrieb ausgestattet werden.<\/p>\t\t\t\t\t\t\t\t<\/div>\n\t\t\t\t<\/div>\n\t\t\t\t<div class=\"elementor-element elementor-element-0b11cce elementor-widget-divider--view-line elementor-widget elementor-widget-divider\" data-id=\"0b11cce\" data-element_type=\"widget\" data-e-type=\"widget\" data-widget_type=\"divider.default\">\n\t\t\t\t<div class=\"elementor-widget-container\">\n\t\t\t\t\t\t\t<div class=\"elementor-divider\">\n\t\t\t<span class=\"elementor-divider-separator\">\n\t\t\t\t\t\t<\/span>\n\t\t<\/div>\n\t\t\t\t\t\t<\/div>\n\t\t\t\t<\/div>\n\t\t\t\t<section class=\"elementor-section elementor-inner-section elementor-element elementor-element-a3b4aae elementor-section-boxed elementor-section-height-default elementor-section-height-default\" data-id=\"a3b4aae\" data-element_type=\"section\" data-e-type=\"section\">\n\t\t\t\t\t\t<div class=\"elementor-container elementor-column-gap-default\">\n\t\t\t\t\t<div class=\"elementor-column elementor-col-33 elementor-inner-column elementor-element elementor-element-2ba0b0a\" data-id=\"2ba0b0a\" data-element_type=\"column\" data-e-type=\"column\">\n\t\t\t<div class=\"elementor-widget-wrap elementor-element-populated\">\n\t\t\t\t\t\t<div class=\"elementor-element elementor-element-f636c78 elementor-widget elementor-widget-image\" data-id=\"f636c78\" data-element_type=\"widget\" data-e-type=\"widget\" data-widget_type=\"image.default\">\n\t\t\t\t<div class=\"elementor-widget-container\">\n\t\t\t\t\t\t\t\t\t\t\t\t<figure class=\"wp-caption\">\n\t\t\t\t\t\t\t\t\t\t\t<a href=\"\/index.php\/serie-200\/\">\n\t\t\t\t\t\t\t<img decoding=\"async\" src=\"https:\/\/cms.indutech-seidl.de\/ahytchov\/elementor\/thumbs\/214-p7qvarv92jnltrxl3payu8faxpm6c07za9whfsdngg.png\" title=\"214\" alt=\"214\" class=\"elementor-animation-grow\" loading=\"lazy\" \/>\t\t\t\t\t\t\t\t<\/a>\n\t\t\t\t\t\t\t\t\t\t\t<figcaption class=\"widget-image-caption wp-caption-text\">Serie 200<\/figcaption>\n\t\t\t\t\t\t\t\t\t\t<\/figure>\n\t\t\t\t\t\t\t\t\t<\/div>\n\t\t\t\t<\/div>\n\t\t\t\t\t<\/div>\n\t\t<\/div>\n\t\t\t\t<div class=\"elementor-column elementor-col-33 elementor-inner-column elementor-element elementor-element-7bb3cf3\" data-id=\"7bb3cf3\" data-element_type=\"column\" data-e-type=\"column\">\n\t\t\t<div class=\"elementor-widget-wrap elementor-element-populated\">\n\t\t\t\t\t\t<div class=\"elementor-element elementor-element-c4f2091 elementor-widget elementor-widget-image\" data-id=\"c4f2091\" data-element_type=\"widget\" data-e-type=\"widget\" data-widget_type=\"image.default\">\n\t\t\t\t<div class=\"elementor-widget-container\">\n\t\t\t\t\t\t\t\t\t\t\t\t<figure class=\"wp-caption\">\n\t\t\t\t\t\t\t\t\t\t\t<a href=\"\/index.php\/serie-tu\/\">\n\t\t\t\t\t\t\t<img fetchpriority=\"high\" decoding=\"async\" width=\"300\" height=\"236\" src=\"https:\/\/cms.indutech-seidl.de\/ahytchov\/2021\/05\/TU5-300x236.png\" class=\"elementor-animation-grow attachment-medium size-medium wp-image-135\" alt=\"\" srcset=\"https:\/\/cms.indutech-seidl.de\/ahytchov\/2021\/05\/TU5-300x236.png 300w, https:\/\/cms.indutech-seidl.de\/ahytchov\/2021\/05\/TU5.png 382w\" sizes=\"(max-width: 300px) 100vw, 300px\" \/>\t\t\t\t\t\t\t\t<\/a>\n\t\t\t\t\t\t\t\t\t\t\t<figcaption class=\"widget-image-caption wp-caption-text\">Serie TU<\/figcaption>\n\t\t\t\t\t\t\t\t\t\t<\/figure>\n\t\t\t\t\t\t\t\t\t<\/div>\n\t\t\t\t<\/div>\n\t\t\t\t\t<\/div>\n\t\t<\/div>\n\t\t\t\t<div class=\"elementor-column elementor-col-33 elementor-inner-column elementor-element elementor-element-a4c515f\" data-id=\"a4c515f\" data-element_type=\"column\" data-e-type=\"column\">\n\t\t\t<div class=\"elementor-widget-wrap elementor-element-populated\">\n\t\t\t\t\t\t<div class=\"elementor-element elementor-element-692db74 elementor-widget elementor-widget-image\" data-id=\"692db74\" data-element_type=\"widget\" data-e-type=\"widget\" data-widget_type=\"image.default\">\n\t\t\t\t<div class=\"elementor-widget-container\">\n\t\t\t\t\t\t\t\t\t\t\t\t<figure class=\"wp-caption\">\n\t\t\t\t\t\t\t\t\t\t\t<a href=\"\/index.php\/serie-pro\/\">\n\t\t\t\t\t\t\t<img decoding=\"async\" width=\"300\" height=\"190\" src=\"https:\/\/cms.indutech-seidl.de\/ahytchov\/2021\/05\/Pro-10-Pb-300x190.png\" class=\"elementor-animation-grow attachment-medium size-medium wp-image-64\" alt=\"\" srcset=\"https:\/\/cms.indutech-seidl.de\/ahytchov\/2021\/05\/Pro-10-Pb-300x190.png 300w, https:\/\/cms.indutech-seidl.de\/ahytchov\/2021\/05\/Pro-10-Pb-768x487.png 768w, https:\/\/cms.indutech-seidl.de\/ahytchov\/2021\/05\/Pro-10-Pb.png 834w\" sizes=\"(max-width: 300px) 100vw, 300px\" \/>\t\t\t\t\t\t\t\t<\/a>\n\t\t\t\t\t\t\t\t\t\t\t<figcaption class=\"widget-image-caption wp-caption-text\">Serie PRO<\/figcaption>\n\t\t\t\t\t\t\t\t\t\t<\/figure>\n\t\t\t\t\t\t\t\t\t<\/div>\n\t\t\t\t<\/div>\n\t\t\t\t\t<\/div>\n\t\t<\/div>\n\t\t\t\t\t<\/div>\n\t\t<\/section>\n\t\t\t\t\t<\/div>\n\t\t<\/div>\n\t\t\t\t\t<\/div>\n\t\t<\/section>\n\t\t\t\t<\/div>\n\t\t","protected":false},"excerpt":{"rendered":"<p>Rohranfasmaschinen Die transportablen Rohranfasmaschinen sind robuste, kraftvolle und handliche Maschinen, um sauber und schnell exakte Schweissfasen an Rohren aller g\u00e4ngigen Materialien anzubringen. Auf Grund der Aufnahmen am Fr\u00e4skopf bieten sie die M\u00f6glichkeit zum gleichzeitigen Fasen, Planen und Innenausdrehen. Die Maschinen k\u00f6nnen wahlweise mit Elektro-, Druckluft- oder Hydraulikantrieb ausgestattet werden. Serie 200 Serie TU Serie PRO<\/p>\n","protected":false},"author":1,"featured_media":0,"parent":0,"menu_order":0,"comment_status":"closed","ping_status":"closed","template":"","meta":{"ocean_post_layout":"","ocean_both_sidebars_style":"","ocean_both_sidebars_content_width":0,"ocean_both_sidebars_sidebars_width":0,"ocean_sidebar":"0","ocean_second_sidebar":"0","ocean_disable_margins":"enable","ocean_add_body_class":"","ocean_shortcode_before_top_bar":"","ocean_shortcode_after_top_bar":"","ocean_shortcode_before_header":"","ocean_shortcode_after_header":"","ocean_has_shortcode":"","ocean_shortcode_after_title":"","ocean_shortcode_before_footer_widgets":"","ocean_shortcode_after_footer_widgets":"","ocean_shortcode_before_footer_bottom":"","ocean_shortcode_after_footer_bottom":"","ocean_display_top_bar":"default","ocean_display_header":"default","ocean_header_style":"","ocean_center_header_left_menu":"0","ocean_custom_header_template":"0","ocean_custom_logo":0,"ocean_custom_retina_logo":0,"ocean_custom_logo_max_width":0,"ocean_custom_logo_tablet_max_width":0,"ocean_custom_logo_mobile_max_width":0,"ocean_custom_logo_max_height":0,"ocean_custom_logo_tablet_max_height":0,"ocean_custom_logo_mobile_max_height":0,"ocean_header_custom_menu":"0","ocean_menu_typo_font_family":"0","ocean_menu_typo_font_subset":"","ocean_menu_typo_font_size":0,"ocean_menu_typo_font_size_tablet":0,"ocean_menu_typo_font_size_mobile":0,"ocean_menu_typo_font_size_unit":"px","ocean_menu_typo_font_weight":"","ocean_menu_typo_font_weight_tablet":"","ocean_menu_typo_font_weight_mobile":"","ocean_menu_typo_transform":"","ocean_menu_typo_transform_tablet":"","ocean_menu_typo_transform_mobile":"","ocean_menu_typo_line_height":0,"ocean_menu_typo_line_height_tablet":0,"ocean_menu_typo_line_height_mobile":0,"ocean_menu_typo_line_height_unit":"","ocean_menu_typo_spacing":0,"ocean_menu_typo_spacing_tablet":0,"ocean_menu_typo_spacing_mobile":0,"ocean_menu_typo_spacing_unit":"","ocean_menu_link_color":"","ocean_menu_link_color_hover":"","ocean_menu_link_color_active":"","ocean_menu_link_background":"","ocean_menu_link_hover_background":"","ocean_menu_link_active_background":"","ocean_menu_social_links_bg":"","ocean_menu_social_hover_links_bg":"","ocean_menu_social_links_color":"","ocean_menu_social_hover_links_color":"","ocean_disable_title":"default","ocean_disable_heading":"default","ocean_post_title":"","ocean_post_subheading":"","ocean_post_title_style":"","ocean_post_title_background_color":"","ocean_post_title_background":0,"ocean_post_title_bg_image_position":"","ocean_post_title_bg_image_attachment":"","ocean_post_title_bg_image_repeat":"","ocean_post_title_bg_image_size":"","ocean_post_title_height":0,"ocean_post_title_bg_overlay":0.5,"ocean_post_title_bg_overlay_color":"","ocean_disable_breadcrumbs":"default","ocean_breadcrumbs_color":"","ocean_breadcrumbs_separator_color":"","ocean_breadcrumbs_links_color":"","ocean_breadcrumbs_links_hover_color":"","ocean_display_footer_widgets":"default","ocean_display_footer_bottom":"default","ocean_custom_footer_template":"0","footnotes":""},"class_list":["post-516","page","type-page","status-publish","hentry","entry"],"yoast_head":"\n<title>Rohranfasmaschinen - Industrietechnik Rudolf Seidl-Schwei\u00dfkantenformer-Anfasmaschinen<\/title>\n<meta name=\"robots\" content=\"index, follow, max-snippet:-1, max-image-preview:large, max-video-preview:-1\" \/>\n<link rel=\"canonical\" href=\"https:\/\/cms.indutech-seidl.de\/index.php\/rohranfasmaschinen\/\" \/>\n<meta property=\"og:locale\" content=\"de_DE\" \/>\n<meta property=\"og:type\" content=\"article\" \/>\n<meta property=\"og:title\" content=\"Rohranfasmaschinen - Industrietechnik Rudolf Seidl-Schwei\u00dfkantenformer-Anfasmaschinen\" \/>\n<meta property=\"og:description\" content=\"Rohranfasmaschinen Die transportablen Rohranfasmaschinen sind robuste, kraftvolle und handliche Maschinen, um sauber und schnell exakte Schweissfasen an Rohren aller g\u00e4ngigen Materialien anzubringen. Auf Grund der Aufnahmen am Fr\u00e4skopf bieten sie die M\u00f6glichkeit zum gleichzeitigen Fasen, Planen und Innenausdrehen. Die Maschinen k\u00f6nnen wahlweise mit Elektro-, Druckluft- oder Hydraulikantrieb ausgestattet werden. Serie 200 Serie TU Serie PRO\" \/>\n<meta property=\"og:url\" content=\"https:\/\/cms.indutech-seidl.de\/index.php\/rohranfasmaschinen\/\" \/>\n<meta property=\"og:site_name\" content=\"Industrietechnik Rudolf Seidl-Schwei\u00dfkantenformer-Anfasmaschinen\" \/>\n<meta property=\"article:modified_time\" content=\"2021-05-28T08:28:47+00:00\" \/>\n<meta property=\"og:image\" content=\"https:\/\/cms.indutech-seidl.de\/ahytchov\/elementor\/thumbs\/214-p7qvarv92jnltrxl3payu8faxpm6c07za9whfsdngg.png\" \/>\n<meta name=\"twitter:card\" content=\"summary_large_image\" \/>\n<meta name=\"twitter:label1\" content=\"Gesch\u00e4tzte Lesezeit\" \/>\n\t<meta name=\"twitter:data1\" content=\"1\u00a0Minute\" \/>\n<script type=\"application\/ld+json\" class=\"yoast-schema-graph\">{\"@context\":\"https:\\\/\\\/schema.org\",\"@graph\":[{\"@type\":\"WebPage\",\"@id\":\"https:\\\/\\\/cms.indutech-seidl.de\\\/index.php\\\/rohranfasmaschinen\\\/\",\"url\":\"https:\\\/\\\/cms.indutech-seidl.de\\\/index.php\\\/rohranfasmaschinen\\\/\",\"name\":\"Rohranfasmaschinen - Industrietechnik Rudolf Seidl-Schwei\u00dfkantenformer-Anfasmaschinen\",\"isPartOf\":{\"@id\":\"https:\\\/\\\/cms.indutech-seidl.de\\\/#website\"},\"primaryImageOfPage\":{\"@id\":\"https:\\\/\\\/cms.indutech-seidl.de\\\/index.php\\\/rohranfasmaschinen\\\/#primaryimage\"},\"image\":{\"@id\":\"https:\\\/\\\/cms.indutech-seidl.de\\\/index.php\\\/rohranfasmaschinen\\\/#primaryimage\"},\"thumbnailUrl\":\"https:\\\/\\\/cms.indutech-seidl.de\\\/wp-content\\\/uploads\\\/elementor\\\/thumbs\\\/214-p7qvarv92jnltrxl3payu8faxpm6c07za9whfsdngg.png\",\"datePublished\":\"2021-05-20T09:00:50+00:00\",\"dateModified\":\"2021-05-28T08:28:47+00:00\",\"breadcrumb\":{\"@id\":\"https:\\\/\\\/cms.indutech-seidl.de\\\/index.php\\\/rohranfasmaschinen\\\/#breadcrumb\"},\"inLanguage\":\"de\",\"potentialAction\":[{\"@type\":\"ReadAction\",\"target\":[\"https:\\\/\\\/cms.indutech-seidl.de\\\/index.php\\\/rohranfasmaschinen\\\/\"]}]},{\"@type\":\"ImageObject\",\"inLanguage\":\"de\",\"@id\":\"https:\\\/\\\/cms.indutech-seidl.de\\\/index.php\\\/rohranfasmaschinen\\\/#primaryimage\",\"url\":\"https:\\\/\\\/cms.indutech-seidl.de\\\/wp-content\\\/uploads\\\/elementor\\\/thumbs\\\/214-p7qvarv92jnltrxl3payu8faxpm6c07za9whfsdngg.png\",\"contentUrl\":\"https:\\\/\\\/cms.indutech-seidl.de\\\/wp-content\\\/uploads\\\/elementor\\\/thumbs\\\/214-p7qvarv92jnltrxl3payu8faxpm6c07za9whfsdngg.png\"},{\"@type\":\"BreadcrumbList\",\"@id\":\"https:\\\/\\\/cms.indutech-seidl.de\\\/index.php\\\/rohranfasmaschinen\\\/#breadcrumb\",\"itemListElement\":[{\"@type\":\"ListItem\",\"position\":1,\"name\":\"Startseite\",\"item\":\"https:\\\/\\\/cms.indutech-seidl.de\\\/\"},{\"@type\":\"ListItem\",\"position\":2,\"name\":\"Rohranfasmaschinen\"}]},{\"@type\":\"WebSite\",\"@id\":\"https:\\\/\\\/cms.indutech-seidl.de\\\/#website\",\"url\":\"https:\\\/\\\/cms.indutech-seidl.de\\\/\",\"name\":\"Industrietechnik Rudolf Seidl-Schwei\u00dfkantenformer-Anfasmaschinen\",\"description\":\"Industrietechnik Rudolf Seidl\",\"potentialAction\":[{\"@type\":\"SearchAction\",\"target\":{\"@type\":\"EntryPoint\",\"urlTemplate\":\"https:\\\/\\\/cms.indutech-seidl.de\\\/?s={search_term_string}\"},\"query-input\":{\"@type\":\"PropertyValueSpecification\",\"valueRequired\":true,\"valueName\":\"search_term_string\"}}],\"inLanguage\":\"de\"}]}<\/script>\n","yoast_head_json":{"title":"Rohranfasmaschinen - Industrietechnik Rudolf Seidl-Schwei\u00dfkantenformer-Anfasmaschinen","robots":{"index":"index","follow":"follow","max-snippet":"max-snippet:-1","max-image-preview":"max-image-preview:large","max-video-preview":"max-video-preview:-1"},"canonical":"https:\/\/cms.indutech-seidl.de\/index.php\/rohranfasmaschinen\/","og_locale":"de_DE","og_type":"article","og_title":"Rohranfasmaschinen - Industrietechnik Rudolf Seidl-Schwei\u00dfkantenformer-Anfasmaschinen","og_description":"Rohranfasmaschinen Die transportablen Rohranfasmaschinen sind robuste, kraftvolle und handliche Maschinen, um sauber und schnell exakte Schweissfasen an Rohren aller g\u00e4ngigen Materialien anzubringen. Auf Grund der Aufnahmen am Fr\u00e4skopf bieten sie die M\u00f6glichkeit zum gleichzeitigen Fasen, Planen und Innenausdrehen. Die Maschinen k\u00f6nnen wahlweise mit Elektro-, Druckluft- oder Hydraulikantrieb ausgestattet werden. Serie 200 Serie TU Serie PRO","og_url":"https:\/\/cms.indutech-seidl.de\/index.php\/rohranfasmaschinen\/","og_site_name":"Industrietechnik Rudolf Seidl-Schwei\u00dfkantenformer-Anfasmaschinen","article_modified_time":"2021-05-28T08:28:47+00:00","og_image":[{"url":"https:\/\/cms.indutech-seidl.de\/ahytchov\/elementor\/thumbs\/214-p7qvarv92jnltrxl3payu8faxpm6c07za9whfsdngg.png","type":"","width":"","height":""}],"twitter_card":"summary_large_image","twitter_misc":{"Gesch\u00e4tzte Lesezeit":"1\u00a0Minute"},"schema":{"@context":"https:\/\/schema.org","@graph":[{"@type":"WebPage","@id":"https:\/\/cms.indutech-seidl.de\/index.php\/rohranfasmaschinen\/","url":"https:\/\/cms.indutech-seidl.de\/index.php\/rohranfasmaschinen\/","name":"Rohranfasmaschinen - Industrietechnik Rudolf Seidl-Schwei\u00dfkantenformer-Anfasmaschinen","isPartOf":{"@id":"https:\/\/cms.indutech-seidl.de\/#website"},"primaryImageOfPage":{"@id":"https:\/\/cms.indutech-seidl.de\/index.php\/rohranfasmaschinen\/#primaryimage"},"image":{"@id":"https:\/\/cms.indutech-seidl.de\/index.php\/rohranfasmaschinen\/#primaryimage"},"thumbnailUrl":"https:\/\/cms.indutech-seidl.de\/ahytchov\/elementor\/thumbs\/214-p7qvarv92jnltrxl3payu8faxpm6c07za9whfsdngg.png","datePublished":"2021-05-20T09:00:50+00:00","dateModified":"2021-05-28T08:28:47+00:00","breadcrumb":{"@id":"https:\/\/cms.indutech-seidl.de\/index.php\/rohranfasmaschinen\/#breadcrumb"},"inLanguage":"de","potentialAction":[{"@type":"ReadAction","target":["https:\/\/cms.indutech-seidl.de\/index.php\/rohranfasmaschinen\/"]}]},{"@type":"ImageObject","inLanguage":"de","@id":"https:\/\/cms.indutech-seidl.de\/index.php\/rohranfasmaschinen\/#primaryimage","url":"https:\/\/cms.indutech-seidl.de\/ahytchov\/elementor\/thumbs\/214-p7qvarv92jnltrxl3payu8faxpm6c07za9whfsdngg.png","contentUrl":"https:\/\/cms.indutech-seidl.de\/ahytchov\/elementor\/thumbs\/214-p7qvarv92jnltrxl3payu8faxpm6c07za9whfsdngg.png"},{"@type":"BreadcrumbList","@id":"https:\/\/cms.indutech-seidl.de\/index.php\/rohranfasmaschinen\/#breadcrumb","itemListElement":[{"@type":"ListItem","position":1,"name":"Startseite","item":"https:\/\/cms.indutech-seidl.de\/"},{"@type":"ListItem","position":2,"name":"Rohranfasmaschinen"}]},{"@type":"WebSite","@id":"https:\/\/cms.indutech-seidl.de\/#website","url":"https:\/\/cms.indutech-seidl.de\/","name":"Industrietechnik Rudolf Seidl-Schwei\u00dfkantenformer-Anfasmaschinen","description":"Industrietechnik Rudolf Seidl","potentialAction":[{"@type":"SearchAction","target":{"@type":"EntryPoint","urlTemplate":"https:\/\/cms.indutech-seidl.de\/?s={search_term_string}"},"query-input":{"@type":"PropertyValueSpecification","valueRequired":true,"valueName":"search_term_string"}}],"inLanguage":"de"}]}},"_links":{"self":[{"href":"https:\/\/cms.indutech-seidl.de\/index.php\/wp-json\/wp\/v2\/pages\/516","targetHints":{"allow":["GET"]}}],"collection":[{"href":"https:\/\/cms.indutech-seidl.de\/index.php\/wp-json\/wp\/v2\/pages"}],"about":[{"href":"https:\/\/cms.indutech-seidl.de\/index.php\/wp-json\/wp\/v2\/types\/page"}],"author":[{"embeddable":true,"href":"https:\/\/cms.indutech-seidl.de\/index.php\/wp-json\/wp\/v2\/users\/1"}],"replies":[{"embeddable":true,"href":"https:\/\/cms.indutech-seidl.de\/index.php\/wp-json\/wp\/v2\/comments?post=516"}],"version-history":[{"count":13,"href":"https:\/\/cms.indutech-seidl.de\/index.php\/wp-json\/wp\/v2\/pages\/516\/revisions"}],"predecessor-version":[{"id":861,"href":"https:\/\/cms.indutech-seidl.de\/index.php\/wp-json\/wp\/v2\/pages\/516\/revisions\/861"}],"wp:attachment":[{"href":"https:\/\/cms.indutech-seidl.de\/index.php\/wp-json\/wp\/v2\/media?parent=516"}],"curies":[{"name":"wp","href":"https:\/\/api.w.org\/{rel}","templated":true}]}}