{"id":584,"date":"2021-05-20T13:28:38","date_gmt":"2021-05-20T13:28:38","guid":{"rendered":"https:\/\/cms.indutech-seidl.de\/?page_id=584"},"modified":"2026-02-17T16:31:31","modified_gmt":"2026-02-17T15:31:31","slug":"pro-5-pb-2","status":"publish","type":"page","link":"https:\/\/cms.indutech-seidl.de\/index.php\/pro-5-pb-2\/","title":{"rendered":"PRO-5 PB"},"content":{"rendered":"\t\t<div data-elementor-type=\"wp-page\" data-elementor-id=\"584\" class=\"elementor elementor-584\">\n\t\t\t\t\t\t<section class=\"elementor-section elementor-top-section elementor-element elementor-element-9d3f708 elementor-section-boxed elementor-section-height-default elementor-section-height-default\" data-id=\"9d3f708\" data-element_type=\"section\" data-e-type=\"section\">\n\t\t\t\t\t\t<div class=\"elementor-container elementor-column-gap-default\">\n\t\t\t\t\t<div class=\"elementor-column elementor-col-100 elementor-top-column elementor-element elementor-element-346d9e4\" data-id=\"346d9e4\" data-element_type=\"column\" data-e-type=\"column\" data-settings=\"{&quot;background_background&quot;:&quot;classic&quot;}\">\n\t\t\t<div class=\"elementor-widget-wrap elementor-element-populated\">\n\t\t\t\t\t\t<div class=\"elementor-element elementor-element-db850ae elementor-widget elementor-widget-heading\" data-id=\"db850ae\" data-element_type=\"widget\" data-e-type=\"widget\" data-widget_type=\"heading.default\">\n\t\t\t\t<div class=\"elementor-widget-container\">\n\t\t\t\t\t<h2 class=\"elementor-heading-title elementor-size-default\">PRO-5 PB<\/h2>\t\t\t\t<\/div>\n\t\t\t\t<\/div>\n\t\t\t\t<div class=\"elementor-element elementor-element-bb09fc5 elementor-widget elementor-widget-text-editor\" data-id=\"bb09fc5\" data-element_type=\"widget\" data-e-type=\"widget\" data-widget_type=\"text-editor.default\">\n\t\t\t\t<div class=\"elementor-widget-container\">\n\t\t\t\t\t\t\t\t\tTRAGBARE ROHRANFASMASCHINE MIT ELEKTRO- ODER DRUCKLUFTMOTOR\t\t\t\t\t\t\t\t<\/div>\n\t\t\t\t<\/div>\n\t\t\t\t<div class=\"elementor-element elementor-element-6a8415b elementor-widget elementor-widget-eael-adv-tabs\" data-id=\"6a8415b\" data-element_type=\"widget\" data-e-type=\"widget\" data-widget_type=\"eael-adv-tabs.default\">\n\t\t\t\t<div class=\"elementor-widget-container\">\n\t\t\t\t\t        <div data-scroll-on-click=\"no\" data-scroll-speed=\"300\" id=\"eael-advance-tabs-6a8415b\" class=\"eael-advance-tabs eael-tabs-horizontal eael-tab-auto-active \" data-tabid=\"6a8415b\">\n            <div class=\"eael-tabs-nav \">\n                <ul class=\"eael-tab-inline-icon\" role=\"tablist\">\n                                            <li id=\"daten\" class=\"inactive eael-tab-item-trigger eael-tab-nav-item\" aria-selected=\"true\" data-tab=\"1\" role=\"tab\" tabindex=\"0\" aria-controls=\"daten-tab\" aria-expanded=\"false\">\n                            \n                                                                                                                            \n                                                            <span class=\"eael-tab-title title-after-icon\" >Daten<\/span>                            \n                                                    <\/li>\n                                            <li id=\"video\" class=\"inactive eael-tab-item-trigger eael-tab-nav-item\" aria-selected=\"false\" data-tab=\"2\" role=\"tab\" tabindex=\"-1\" aria-controls=\"video-tab\" aria-expanded=\"false\">\n                            \n                                                                                                                            \n                                                            <span class=\"eael-tab-title title-after-icon\" >Video<\/span>                            \n                                                    <\/li>\n                    \n                                  <\/ul>\n            <\/div>\n            \n            <div class=\"eael-tabs-content\">\n\t\t        \n                    <div id=\"daten-tab\" class=\"clearfix eael-tab-content-item inactive\" data-title-link=\"daten-tab\">\n\t\t\t\t        <p>Die Rohranfasmaschinen sind erh\u00e4ltlich mit Elektro- oder Druckluftmotor.Ein breites Spektrum an Zubeh\u00f6r f\u00fcr verschiedenste Anwendungen.<\/p><table style=\"height: 234px\"><tbody><tr><td style=\"text-align: right\"><img decoding=\"async\" class=\"alignright wp-image-775\" src=\"https:\/\/cms.indutech-seidl.de\/ahytchov\/2021\/05\/S1.png\" alt=\"S1\" width=\"39\" height=\"30\" \/><\/td><td>max. Wandst\u00e4rke 8 mm<\/td><\/tr><tr><td style=\"text-align: right\"><img decoding=\"async\" class=\"alignright wp-image-783\" src=\"https:\/\/cms.indutech-seidl.de\/ahytchov\/2021\/05\/S13.png\" alt=\"S9\" width=\"39\" height=\"30\" \/><\/td><td>ID 32-107 mm<br \/>107-133 mm (Option)<\/td><\/tr><tr><td style=\"text-align: right\"><img decoding=\"async\" class=\"alignright wp-image-785\" src=\"https:\/\/cms.indutech-seidl.de\/ahytchov\/2021\/05\/S14.png\" alt=\"S11\" width=\"39\" height=\"30\" \/><\/td><td>Planen<\/td><\/tr><tr><td style=\"text-align: right\"><img loading=\"lazy\" decoding=\"async\" class=\"alignright wp-image-777\" src=\"https:\/\/cms.indutech-seidl.de\/ahytchov\/2021\/05\/S15.png\" alt=\"S3\" width=\"39\" height=\"30\" \/><\/td><td>Fasen von Rohraussenkanten<\/td><\/tr><tr><td style=\"text-align: right\"><img loading=\"lazy\" decoding=\"async\" class=\"alignright wp-image-777\" src=\"https:\/\/cms.indutech-seidl.de\/ahytchov\/2021\/05\/S16.png\" alt=\"S3\" width=\"39\" height=\"30\" \/><\/td><td>Fasen von Rohrinnenkanten<\/td><\/tr><tr><td style=\"text-align: right\"><img loading=\"lazy\" decoding=\"async\" class=\"alignright wp-image-777\" src=\"https:\/\/cms.indutech-seidl.de\/ahytchov\/2021\/05\/S6.png\" alt=\"S3\" width=\"39\" height=\"30\" \/><\/td><td>Fasen von Radien (Option)<\/td><\/tr><\/tbody><\/table><p><img loading=\"lazy\" decoding=\"async\" class=\"alignnone wp-image-63 \" src=\"https:\/\/cms.indutech-seidl.de\/ahytchov\/2021\/05\/Pro-5-Pb.png\" alt=\"\" width=\"438\" height=\"224\" srcset=\"https:\/\/cms.indutech-seidl.de\/ahytchov\/2021\/05\/Pro-5-Pb.png 834w, https:\/\/cms.indutech-seidl.de\/ahytchov\/2021\/05\/Pro-5-Pb-300x154.png 300w, https:\/\/cms.indutech-seidl.de\/ahytchov\/2021\/05\/Pro-5-Pb-768x393.png 768w\" sizes=\"(max-width: 438px) 100vw, 438px\" \/><\/p>                    <\/div>\n\t\t        \n                    <div id=\"video-tab\" class=\"clearfix eael-tab-content-item inactive\" data-title-link=\"video-tab\">\n\t\t\t\t        <center><iframe title=\"YouTube video player\" src=\"https:\/\/www.youtube.com\/embed\/5h483U2iBUA\" width=\"700\" height=\"394\" allowfullscreen=\"allowfullscreen\"><\/iframe><\/center>                    <\/div>\n\t\t                    <\/div>\n        <\/div>\n\t\t\t\t<\/div>\n\t\t\t\t<\/div>\n\t\t\t\t\t<\/div>\n\t\t<\/div>\n\t\t\t\t\t<\/div>\n\t\t<\/section>\n\t\t\t\t<\/div>\n\t\t","protected":false},"excerpt":{"rendered":"<p>PRO-5 PB TRAGBARE ROHRANFASMASCHINE MIT ELEKTRO- ODER DRUCKLUFTMOTOR Daten Video Die Rohranfasmaschinen sind erh\u00e4ltlich mit Elektro- oder Druckluftmotor.Ein breites Spektrum an Zubeh\u00f6r f\u00fcr verschiedenste Anwendungen. max. Wandst\u00e4rke 8 mm ID 32-107 mm107-133 mm (Option) Planen Fasen von Rohraussenkanten Fasen von Rohrinnenkanten Fasen von Radien (Option)<\/p>\n","protected":false},"author":1,"featured_media":0,"parent":0,"menu_order":0,"comment_status":"closed","ping_status":"closed","template":"","meta":{"ocean_post_layout":"","ocean_both_sidebars_style":"","ocean_both_sidebars_content_width":0,"ocean_both_sidebars_sidebars_width":0,"ocean_sidebar":"0","ocean_second_sidebar":"0","ocean_disable_margins":"enable","ocean_add_body_class":"","ocean_shortcode_before_top_bar":"","ocean_shortcode_after_top_bar":"","ocean_shortcode_before_header":"","ocean_shortcode_after_header":"","ocean_has_shortcode":"","ocean_shortcode_after_title":"","ocean_shortcode_before_footer_widgets":"","ocean_shortcode_after_footer_widgets":"","ocean_shortcode_before_footer_bottom":"","ocean_shortcode_after_footer_bottom":"","ocean_display_top_bar":"default","ocean_display_header":"default","ocean_header_style":"","ocean_center_header_left_menu":"0","ocean_custom_header_template":"0","ocean_custom_logo":0,"ocean_custom_retina_logo":0,"ocean_custom_logo_max_width":0,"ocean_custom_logo_tablet_max_width":0,"ocean_custom_logo_mobile_max_width":0,"ocean_custom_logo_max_height":0,"ocean_custom_logo_tablet_max_height":0,"ocean_custom_logo_mobile_max_height":0,"ocean_header_custom_menu":"0","ocean_menu_typo_font_family":"0","ocean_menu_typo_font_subset":"","ocean_menu_typo_font_size":0,"ocean_menu_typo_font_size_tablet":0,"ocean_menu_typo_font_size_mobile":0,"ocean_menu_typo_font_size_unit":"px","ocean_menu_typo_font_weight":"","ocean_menu_typo_font_weight_tablet":"","ocean_menu_typo_font_weight_mobile":"","ocean_menu_typo_transform":"","ocean_menu_typo_transform_tablet":"","ocean_menu_typo_transform_mobile":"","ocean_menu_typo_line_height":0,"ocean_menu_typo_line_height_tablet":0,"ocean_menu_typo_line_height_mobile":0,"ocean_menu_typo_line_height_unit":"","ocean_menu_typo_spacing":0,"ocean_menu_typo_spacing_tablet":0,"ocean_menu_typo_spacing_mobile":0,"ocean_menu_typo_spacing_unit":"","ocean_menu_link_color":"","ocean_menu_link_color_hover":"","ocean_menu_link_color_active":"","ocean_menu_link_background":"","ocean_menu_link_hover_background":"","ocean_menu_link_active_background":"","ocean_menu_social_links_bg":"","ocean_menu_social_hover_links_bg":"","ocean_menu_social_links_color":"","ocean_menu_social_hover_links_color":"","ocean_disable_title":"default","ocean_disable_heading":"default","ocean_post_title":"","ocean_post_subheading":"","ocean_post_title_style":"","ocean_post_title_background_color":"","ocean_post_title_background":0,"ocean_post_title_bg_image_position":"","ocean_post_title_bg_image_attachment":"","ocean_post_title_bg_image_repeat":"","ocean_post_title_bg_image_size":"","ocean_post_title_height":0,"ocean_post_title_bg_overlay":0.5,"ocean_post_title_bg_overlay_color":"","ocean_disable_breadcrumbs":"default","ocean_breadcrumbs_color":"","ocean_breadcrumbs_separator_color":"","ocean_breadcrumbs_links_color":"","ocean_breadcrumbs_links_hover_color":"","ocean_display_footer_widgets":"default","ocean_display_footer_bottom":"default","ocean_custom_footer_template":"0","footnotes":""},"class_list":["post-584","page","type-page","status-publish","hentry","entry"],"yoast_head":"\n<title>PRO-5 PB - Industrietechnik Rudolf Seidl-Schwei\u00dfkantenformer-Anfasmaschinen<\/title>\n<meta name=\"robots\" content=\"index, follow, max-snippet:-1, max-image-preview:large, max-video-preview:-1\" \/>\n<link rel=\"canonical\" href=\"https:\/\/cms.indutech-seidl.de\/index.php\/pro-5-pb-2\/\" \/>\n<meta property=\"og:locale\" content=\"de_DE\" \/>\n<meta property=\"og:type\" content=\"article\" \/>\n<meta property=\"og:title\" content=\"PRO-5 PB - Industrietechnik Rudolf Seidl-Schwei\u00dfkantenformer-Anfasmaschinen\" \/>\n<meta property=\"og:description\" content=\"PRO-5 PB TRAGBARE ROHRANFASMASCHINE MIT ELEKTRO- ODER DRUCKLUFTMOTOR Daten Video Die Rohranfasmaschinen sind erh\u00e4ltlich mit Elektro- oder Druckluftmotor.Ein breites Spektrum an Zubeh\u00f6r f\u00fcr verschiedenste Anwendungen. max. Wandst\u00e4rke 8 mm ID 32-107 mm107-133 mm (Option) Planen Fasen von Rohraussenkanten Fasen von Rohrinnenkanten Fasen von Radien (Option)\" \/>\n<meta property=\"og:url\" content=\"https:\/\/cms.indutech-seidl.de\/index.php\/pro-5-pb-2\/\" \/>\n<meta property=\"og:site_name\" content=\"Industrietechnik Rudolf Seidl-Schwei\u00dfkantenformer-Anfasmaschinen\" \/>\n<meta property=\"article:modified_time\" content=\"2026-02-17T15:31:31+00:00\" \/>\n<meta name=\"twitter:card\" content=\"summary_large_image\" \/>\n<meta name=\"twitter:label1\" content=\"Gesch\u00e4tzte Lesezeit\" \/>\n\t<meta name=\"twitter:data1\" content=\"2\u00a0Minuten\" \/>\n<script type=\"application\/ld+json\" class=\"yoast-schema-graph\">{\"@context\":\"https:\\\/\\\/schema.org\",\"@graph\":[{\"@type\":\"WebPage\",\"@id\":\"https:\\\/\\\/cms.indutech-seidl.de\\\/index.php\\\/pro-5-pb-2\\\/\",\"url\":\"https:\\\/\\\/cms.indutech-seidl.de\\\/index.php\\\/pro-5-pb-2\\\/\",\"name\":\"PRO-5 PB - Industrietechnik Rudolf Seidl-Schwei\u00dfkantenformer-Anfasmaschinen\",\"isPartOf\":{\"@id\":\"https:\\\/\\\/cms.indutech-seidl.de\\\/#website\"},\"primaryImageOfPage\":{\"@id\":\"https:\\\/\\\/cms.indutech-seidl.de\\\/index.php\\\/pro-5-pb-2\\\/#primaryimage\"},\"image\":{\"@id\":\"https:\\\/\\\/cms.indutech-seidl.de\\\/index.php\\\/pro-5-pb-2\\\/#primaryimage\"},\"thumbnailUrl\":\"https:\\\/\\\/cms.indutech-seidl.de\\\/wp-content\\\/uploads\\\/2021\\\/05\\\/S1.png\",\"datePublished\":\"2021-05-20T13:28:38+00:00\",\"dateModified\":\"2026-02-17T15:31:31+00:00\",\"breadcrumb\":{\"@id\":\"https:\\\/\\\/cms.indutech-seidl.de\\\/index.php\\\/pro-5-pb-2\\\/#breadcrumb\"},\"inLanguage\":\"de\",\"potentialAction\":[{\"@type\":\"ReadAction\",\"target\":[\"https:\\\/\\\/cms.indutech-seidl.de\\\/index.php\\\/pro-5-pb-2\\\/\"]}]},{\"@type\":\"ImageObject\",\"inLanguage\":\"de\",\"@id\":\"https:\\\/\\\/cms.indutech-seidl.de\\\/index.php\\\/pro-5-pb-2\\\/#primaryimage\",\"url\":\"https:\\\/\\\/cms.indutech-seidl.de\\\/wp-content\\\/uploads\\\/2021\\\/05\\\/S1.png\",\"contentUrl\":\"https:\\\/\\\/cms.indutech-seidl.de\\\/wp-content\\\/uploads\\\/2021\\\/05\\\/S1.png\",\"width\":159,\"height\":104},{\"@type\":\"BreadcrumbList\",\"@id\":\"https:\\\/\\\/cms.indutech-seidl.de\\\/index.php\\\/pro-5-pb-2\\\/#breadcrumb\",\"itemListElement\":[{\"@type\":\"ListItem\",\"position\":1,\"name\":\"Startseite\",\"item\":\"https:\\\/\\\/cms.indutech-seidl.de\\\/\"},{\"@type\":\"ListItem\",\"position\":2,\"name\":\"PRO-5 PB\"}]},{\"@type\":\"WebSite\",\"@id\":\"https:\\\/\\\/cms.indutech-seidl.de\\\/#website\",\"url\":\"https:\\\/\\\/cms.indutech-seidl.de\\\/\",\"name\":\"Industrietechnik Rudolf Seidl-Schwei\u00dfkantenformer-Anfasmaschinen\",\"description\":\"Industrietechnik Rudolf Seidl\",\"potentialAction\":[{\"@type\":\"SearchAction\",\"target\":{\"@type\":\"EntryPoint\",\"urlTemplate\":\"https:\\\/\\\/cms.indutech-seidl.de\\\/?s={search_term_string}\"},\"query-input\":{\"@type\":\"PropertyValueSpecification\",\"valueRequired\":true,\"valueName\":\"search_term_string\"}}],\"inLanguage\":\"de\"}]}<\/script>\n","yoast_head_json":{"title":"PRO-5 PB - Industrietechnik Rudolf Seidl-Schwei\u00dfkantenformer-Anfasmaschinen","robots":{"index":"index","follow":"follow","max-snippet":"max-snippet:-1","max-image-preview":"max-image-preview:large","max-video-preview":"max-video-preview:-1"},"canonical":"https:\/\/cms.indutech-seidl.de\/index.php\/pro-5-pb-2\/","og_locale":"de_DE","og_type":"article","og_title":"PRO-5 PB - Industrietechnik Rudolf Seidl-Schwei\u00dfkantenformer-Anfasmaschinen","og_description":"PRO-5 PB TRAGBARE ROHRANFASMASCHINE MIT ELEKTRO- ODER DRUCKLUFTMOTOR Daten Video Die Rohranfasmaschinen sind erh\u00e4ltlich mit Elektro- oder Druckluftmotor.Ein breites Spektrum an Zubeh\u00f6r f\u00fcr verschiedenste Anwendungen. max. Wandst\u00e4rke 8 mm ID 32-107 mm107-133 mm (Option) Planen Fasen von Rohraussenkanten Fasen von Rohrinnenkanten Fasen von Radien (Option)","og_url":"https:\/\/cms.indutech-seidl.de\/index.php\/pro-5-pb-2\/","og_site_name":"Industrietechnik Rudolf Seidl-Schwei\u00dfkantenformer-Anfasmaschinen","article_modified_time":"2026-02-17T15:31:31+00:00","twitter_card":"summary_large_image","twitter_misc":{"Gesch\u00e4tzte Lesezeit":"2\u00a0Minuten"},"schema":{"@context":"https:\/\/schema.org","@graph":[{"@type":"WebPage","@id":"https:\/\/cms.indutech-seidl.de\/index.php\/pro-5-pb-2\/","url":"https:\/\/cms.indutech-seidl.de\/index.php\/pro-5-pb-2\/","name":"PRO-5 PB - Industrietechnik Rudolf Seidl-Schwei\u00dfkantenformer-Anfasmaschinen","isPartOf":{"@id":"https:\/\/cms.indutech-seidl.de\/#website"},"primaryImageOfPage":{"@id":"https:\/\/cms.indutech-seidl.de\/index.php\/pro-5-pb-2\/#primaryimage"},"image":{"@id":"https:\/\/cms.indutech-seidl.de\/index.php\/pro-5-pb-2\/#primaryimage"},"thumbnailUrl":"https:\/\/cms.indutech-seidl.de\/ahytchov\/2021\/05\/S1.png","datePublished":"2021-05-20T13:28:38+00:00","dateModified":"2026-02-17T15:31:31+00:00","breadcrumb":{"@id":"https:\/\/cms.indutech-seidl.de\/index.php\/pro-5-pb-2\/#breadcrumb"},"inLanguage":"de","potentialAction":[{"@type":"ReadAction","target":["https:\/\/cms.indutech-seidl.de\/index.php\/pro-5-pb-2\/"]}]},{"@type":"ImageObject","inLanguage":"de","@id":"https:\/\/cms.indutech-seidl.de\/index.php\/pro-5-pb-2\/#primaryimage","url":"https:\/\/cms.indutech-seidl.de\/ahytchov\/2021\/05\/S1.png","contentUrl":"https:\/\/cms.indutech-seidl.de\/ahytchov\/2021\/05\/S1.png","width":159,"height":104},{"@type":"BreadcrumbList","@id":"https:\/\/cms.indutech-seidl.de\/index.php\/pro-5-pb-2\/#breadcrumb","itemListElement":[{"@type":"ListItem","position":1,"name":"Startseite","item":"https:\/\/cms.indutech-seidl.de\/"},{"@type":"ListItem","position":2,"name":"PRO-5 PB"}]},{"@type":"WebSite","@id":"https:\/\/cms.indutech-seidl.de\/#website","url":"https:\/\/cms.indutech-seidl.de\/","name":"Industrietechnik Rudolf Seidl-Schwei\u00dfkantenformer-Anfasmaschinen","description":"Industrietechnik Rudolf Seidl","potentialAction":[{"@type":"SearchAction","target":{"@type":"EntryPoint","urlTemplate":"https:\/\/cms.indutech-seidl.de\/?s={search_term_string}"},"query-input":{"@type":"PropertyValueSpecification","valueRequired":true,"valueName":"search_term_string"}}],"inLanguage":"de"}]}},"_links":{"self":[{"href":"https:\/\/cms.indutech-seidl.de\/index.php\/wp-json\/wp\/v2\/pages\/584","targetHints":{"allow":["GET"]}}],"collection":[{"href":"https:\/\/cms.indutech-seidl.de\/index.php\/wp-json\/wp\/v2\/pages"}],"about":[{"href":"https:\/\/cms.indutech-seidl.de\/index.php\/wp-json\/wp\/v2\/types\/page"}],"author":[{"embeddable":true,"href":"https:\/\/cms.indutech-seidl.de\/index.php\/wp-json\/wp\/v2\/users\/1"}],"replies":[{"embeddable":true,"href":"https:\/\/cms.indutech-seidl.de\/index.php\/wp-json\/wp\/v2\/comments?post=584"}],"version-history":[{"count":10,"href":"https:\/\/cms.indutech-seidl.de\/index.php\/wp-json\/wp\/v2\/pages\/584\/revisions"}],"predecessor-version":[{"id":1671,"href":"https:\/\/cms.indutech-seidl.de\/index.php\/wp-json\/wp\/v2\/pages\/584\/revisions\/1671"}],"wp:attachment":[{"href":"https:\/\/cms.indutech-seidl.de\/index.php\/wp-json\/wp\/v2\/media?parent=584"}],"curies":[{"name":"wp","href":"https:\/\/api.w.org\/{rel}","templated":true}]}}