{"id":680,"date":"2021-05-20T19:42:37","date_gmt":"2021-05-20T19:42:37","guid":{"rendered":"https:\/\/cms.indutech-seidl.de\/?page_id=680"},"modified":"2021-07-25T08:49:04","modified_gmt":"2021-07-25T08:49:04","slug":"impressum","status":"publish","type":"page","link":"https:\/\/cms.indutech-seidl.de\/index.php\/impressum\/","title":{"rendered":"Impressum"},"content":{"rendered":"\t\t<div data-elementor-type=\"wp-page\" data-elementor-id=\"680\" class=\"elementor elementor-680\">\n\t\t\t\t\t\t<section class=\"elementor-section elementor-top-section elementor-element elementor-element-b7631af elementor-section-boxed elementor-section-height-default elementor-section-height-default\" data-id=\"b7631af\" data-element_type=\"section\" data-e-type=\"section\">\n\t\t\t\t\t\t<div class=\"elementor-container elementor-column-gap-default\">\n\t\t\t\t\t<div class=\"elementor-column elementor-col-100 elementor-top-column elementor-element elementor-element-164aabe\" data-id=\"164aabe\" data-element_type=\"column\" data-e-type=\"column\" data-settings=\"{&quot;background_background&quot;:&quot;classic&quot;}\">\n\t\t\t<div class=\"elementor-widget-wrap elementor-element-populated\">\n\t\t\t\t\t\t<div class=\"elementor-element elementor-element-df25f77 elementor-widget elementor-widget-heading\" data-id=\"df25f77\" data-element_type=\"widget\" data-e-type=\"widget\" data-widget_type=\"heading.default\">\n\t\t\t\t<div class=\"elementor-widget-container\">\n\t\t\t\t\t<h2 class=\"elementor-heading-title elementor-size-default\">Impressum<\/h2>\t\t\t\t<\/div>\n\t\t\t\t<\/div>\n\t\t\t\t<section class=\"elementor-section elementor-inner-section elementor-element elementor-element-d0fba1e elementor-section-boxed elementor-section-height-default elementor-section-height-default\" data-id=\"d0fba1e\" data-element_type=\"section\" data-e-type=\"section\">\n\t\t\t\t\t\t<div class=\"elementor-container elementor-column-gap-default\">\n\t\t\t\t\t<div class=\"elementor-column elementor-col-50 elementor-inner-column elementor-element elementor-element-b37b053\" data-id=\"b37b053\" data-element_type=\"column\" data-e-type=\"column\">\n\t\t\t<div class=\"elementor-widget-wrap elementor-element-populated\">\n\t\t\t\t\t\t<div class=\"elementor-element elementor-element-eb51cc6 elementor-widget elementor-widget-text-editor\" data-id=\"eb51cc6\" data-element_type=\"widget\" data-e-type=\"widget\" data-widget_type=\"text-editor.default\">\n\t\t\t\t<div class=\"elementor-widget-container\">\n\t\t\t\t\t\t\t\t\t<h6><span style=\"color: #000000;\">Industrietechnik Rudolf Seidl<\/span><br \/><span style=\"color: #000000;\">Am J\u00e4gersteg 2<\/span><br \/><span style=\"color: #000000;\">DE-57629 M\u00fcschenbach<\/span><\/h6><h6><span style=\"color: #000000;\"> USt\/VAT-Nr: DE152748450<br \/><\/span><\/h6><h6><span style=\"color: #4f7816;\">&#8211; autorisierter Fachvertrieb DE \u0399 AT \u0399 CH &#8211;<\/span><\/h6><p>Tel.: +49-2662\u20132413<br \/>Fax: +49-2662\u201350606<br \/>Email: <a href=\"mailto:info@indutech-seidl.de\">info@indutech-seidl.de<\/a><\/p>\t\t\t\t\t\t\t\t<\/div>\n\t\t\t\t<\/div>\n\t\t\t\t<div class=\"elementor-element elementor-element-d3be533 elementor-widget elementor-widget-button\" data-id=\"d3be533\" data-element_type=\"widget\" data-e-type=\"widget\" data-widget_type=\"button.default\">\n\t\t\t\t<div class=\"elementor-widget-container\">\n\t\t\t\t\t\t\t\t\t<div class=\"elementor-button-wrapper\">\n\t\t\t\t\t<a class=\"elementor-button elementor-button-link elementor-size-sm\" href=\"tel:+4926622413\">\n\t\t\t\t\t\t<span class=\"elementor-button-content-wrapper\">\n\t\t\t\t\t\t\t\t\t<span class=\"elementor-button-text\">vom Smartphone anrufen<\/span>\n\t\t\t\t\t<\/span>\n\t\t\t\t\t<\/a>\n\t\t\t\t<\/div>\n\t\t\t\t\t\t\t\t<\/div>\n\t\t\t\t<\/div>\n\t\t\t\t\t<\/div>\n\t\t<\/div>\n\t\t\t\t<div class=\"elementor-column elementor-col-50 elementor-inner-column elementor-element elementor-element-1972c44\" data-id=\"1972c44\" data-element_type=\"column\" data-e-type=\"column\">\n\t\t\t<div class=\"elementor-widget-wrap elementor-element-populated\">\n\t\t\t\t\t\t<div class=\"elementor-element elementor-element-e8bae71 elementor-invisible elementor-widget elementor-widget-image\" data-id=\"e8bae71\" data-element_type=\"widget\" data-e-type=\"widget\" data-settings=\"{&quot;_animation&quot;:&quot;fadeIn&quot;}\" data-widget_type=\"image.default\">\n\t\t\t\t<div class=\"elementor-widget-container\">\n\t\t\t\t\t\t\t\t\t\t\t\t\t\t\t<img fetchpriority=\"high\" decoding=\"async\" width=\"1000\" height=\"288\" src=\"https:\/\/cms.indutech-seidl.de\/ahytchov\/2021\/05\/Logo_original.png\" class=\"attachment-large size-large wp-image-88\" alt=\"\" srcset=\"https:\/\/cms.indutech-seidl.de\/ahytchov\/2021\/05\/Logo_original.png 1000w, https:\/\/cms.indutech-seidl.de\/ahytchov\/2021\/05\/Logo_original-300x86.png 300w, https:\/\/cms.indutech-seidl.de\/ahytchov\/2021\/05\/Logo_original-768x221.png 768w\" sizes=\"(max-width: 1000px) 100vw, 1000px\" \/>\t\t\t\t\t\t\t\t\t\t\t\t\t\t\t<\/div>\n\t\t\t\t<\/div>\n\t\t\t\t\t<\/div>\n\t\t<\/div>\n\t\t\t\t\t<\/div>\n\t\t<\/section>\n\t\t\t\t<div class=\"elementor-element elementor-element-94107a5 elementor-widget elementor-widget-text-editor\" data-id=\"94107a5\" data-element_type=\"widget\" data-e-type=\"widget\" data-widget_type=\"text-editor.default\">\n\t\t\t\t<div class=\"elementor-widget-container\">\n\t\t\t\t\t\t\t\t\t<p>\u00a0<\/p><p>Haftungsausschluss<\/p><p>1. Inhalt des Onlineangebotes<\/p><p>Der Autor \u00fcbernimmt keinerlei Gew\u00e4hr f\u00fcr die Aktualit\u00e4t, Korrektheit, Vollst\u00e4ndigkeit oder Qualit\u00e4t der bereitgestellten Informationen. Haftungsanspr\u00fcche gegen den Autor, welche sich auf Sch\u00e4den materieller oder ideeller Art beziehen, die durch die Nutzung oder Nichtnutzung der dargebotenen Informationen bzw. durch die Nutzung fehlerhafter und unvollst\u00e4ndiger Informationen verursacht wurden, sind grunds\u00e4tzlich ausgeschlossen, sofern seitens des Autors kein nachweislich vors\u00e4tzliches oder grob fahrl\u00e4ssiges Verschulden vorliegt. Alle Angebote sind freibleibend und unverbindlich. Der Autor beh\u00e4lt es sich ausdr\u00fccklich vor, Teile der Seiten oder das gesamte Angebot ohne gesonderte Ank\u00fcndigung zu ver\u00e4ndern, zu erg\u00e4nzen, zu l\u00f6schen oder die Ver\u00f6ffentlichung zeitweise oder endg\u00fcltig einzustellen.<\/p><p>2. Verweise und Links<\/p><p>Bei direkten oder indirekten Verweisen auf fremde Internetseiten (\u201cLinks\u201d), die au\u00dferhalb des Verantwortungsbereiches des Autors liegen, w\u00fcrde eine Haftungsverpflichtung ausschlie\u00dflich in dem Fall in Kraft treten, in dem der Autor von den Inhalten Kenntnis hat und es ihm technisch m\u00f6glich und zumutbar w\u00e4re, die Nutzung im Falle rechtswidriger Inhalte zu verhindern. Der Autor erkl\u00e4rt hiermit ausdr\u00fccklich, dass zum Zeitpunkt der Linksetzung keine illegalen Inhalte auf den zu verlinkenden Seiten erkennbar waren. Auf die aktuelle und zuk\u00fcnftige Gestaltung, die Inhalte oder die Urheberschaft der gelinkten\/verkn\u00fcpften Seiten hat der Autor keinerlei Einfluss. Deshalb distanziert er sich hiermit ausdr\u00fccklich von allen Inhalten aller gelinkten \/verkn\u00fcpften Seiten, die nach der Linksetzung ver\u00e4ndert wurden. Diese Feststellung gilt f\u00fcr alle innerhalb des eigenen Internetangebotes gesetzten Links und Verweise sowie f\u00fcr Fremdeintr\u00e4ge in vom Autor eingerichteten G\u00e4steb\u00fcchern, Diskussionsforen und Mailinglisten. F\u00fcr illegale, fehlerhafte oder unvollst\u00e4ndige Inhalte und insbesondere f\u00fcr Sch\u00e4den, die aus der Nutzung oder Nichtnutzung solcherart dargebotener Informationen entstehen, haftet allein der Anbieter der Seite, auf welche verwiesen wurde, nicht derjenige, der \u00fcber Links auf die jeweilige Ver\u00f6ffentlichung lediglich verweist.<\/p><p>3. Urheber- und Kennzeichenrecht<\/p><p>Der Autor ist bestrebt, in allen Publikationen die Urheberrechte der verwendeten Grafiken, Tondokumente, Videosequenzen und Texte zu beachten, von ihm selbst erstellte Grafiken, Tondokumente, Videosequenzen und Texte zu nutzen oder auf lizenzfreie Grafiken, Tondokumente, Videosequenzen und Texte zur\u00fcckzugreifen. Alle innerhalb des Internetangebotes genannten und ggf. durch Dritte gesch\u00fctzten Marken- und Warenzeichen unterliegen uneingeschr\u00e4nkt den Bestimmungen des jeweils g\u00fcltigen Kennzeichenrechts und den Besitzrechten der jeweiligen eingetragenen Eigent\u00fcmer. Allein aufgrund der blo\u00dfen Nennung ist nicht der Schlu\u00df zu ziehen, dass Markenzeichen nicht durch Rechte Dritter gesch\u00fctzt sind ! Das Copyright f\u00fcr ver\u00f6ffentlichte, vom Autor selbst erstellte Objekte bleibt allein beim Autor der Seiten. Eine Vervielf\u00e4ltigung oder Verwendung solcher Grafiken, Tondokumente, Videosequenzen und Texte in anderen elektronischen oder gedruckten Publikationen ist ohne ausdr\u00fcckliche Zustimmung des Autors nicht gestattet.<\/p><p>4. Datenschutz<\/p><p>Sofern innerhalb des Internetangebotes die M\u00f6glichkeit zur Eingabe pers\u00f6nlicher oder gesch\u00e4ftlicher Daten (Emailadressen, Namen, Anschriften) besteht, so erfolgt die Preisgabe dieser Daten seitens des Nutzers auf ausdr\u00fccklich freiwilliger Basis. Die Inanspruchnahme und Bezahlung aller angebotenen Dienste ist \u2013 soweit technisch m\u00f6glich und zumutbar \u2013 auch ohne Angabe solcher Daten bzw. unter Angabe anonymisierter Daten oder eines Pseudonyms gestattet.<\/p><p><a href=\"https:\/\/cms.indutech-seidl.de\/index.php\/datenschutzerklaerung\/\">Datenschutzerkl\u00e4rung<\/a><\/p><p>5. Cookies<\/p><p>Diese Website erf\u00fcllt die Pflicht zum Hinweis auf den Einsatz von Cookies. Durch die Verwendung von Cookies k\u00f6nnen Internetseiten nutzerfreundlich, effektiv und sicherer gemacht werden. Dabei werden Textdateien mit Informationspunkten auf Basis von Nutzeraktivit\u00e4ten tempor\u00e4r im Browser des Benutzers abgelegt. Besuchs-Pr\u00e4ferenzen und Webseiten-Einstellungen k\u00f6nnen somit definiert und gespeichert werden. Die gespeicherten Cookies k\u00f6nnen f\u00fcr jede Website eingesehen und verwaltet werden: Chrome: Klicken Sie oben neben der Adresszeile auf das Schloss (bei SSL-zertifizierten Seiten) bzw. das Informations-Symbol (i). W\u00e4hlen Sie [Zahl] werden verwendet. Firefox: Klicken Sie links oben neben der Webadresse auf das Symbol. Folgen Sie dem Klickfeld nach rechts und w\u00e4hlen Sie \u201eWeitere Informationen\u201c. Die Cookie-Verwaltung befindet sich unter \u201eDatenschutz &amp; Chronik\u201c Internet-Explorer: W\u00e4hlen Sie hinter dem Zahnrad-Symbol die Schaltfl\u00e4che \u201eExtras\u201c &gt; \u201eInternetoptionen\u201c. Klicken Sie die Registerkarte \u201eDatenschutz\u201c. Unter Einstellungen finden Sie den Punkt \u201eErweitert\u201c mit den Verwaltungsoptionen f\u00fcr Cookies. Mit der Speicherung von Cookies erm\u00f6glichen Sie dieser Homepage inhaltliche und strukturelle Anpassung an die individuellen Besucherbed\u00fcrfnisse. Webseiteneinstellungen werden zeitlich befristet gespeichert und bei erneutem Besuch abgerufen. Diese Website folgt der Richtlinie (\u00a796.Abs.3.TKG.04) zum Nutzerhinweis auf die Verwendung von Cookies.<\/p><p>6. Rechtswirksamkeit dieses Haftungsausschlusses<\/p><p>Dieser Haftungsausschluss ist als Teil des Internetangebotes zu betrachten, von dem aus auf diese Seite verwiesen wurde. Sofern Teile oder einzelne Formulierungen dieses Textes der geltenden Rechtslage nicht, nicht mehr oder nicht vollst\u00e4ndig entsprechen sollten, bleiben die \u00fcbrigen Teile des Dokumentes in ihrem Inhalt und ihrer G\u00fcltigkeit davon unber\u00fchrt.<\/p>\t\t\t\t\t\t\t\t<\/div>\n\t\t\t\t<\/div>\n\t\t\t\t\t<\/div>\n\t\t<\/div>\n\t\t\t\t\t<\/div>\n\t\t<\/section>\n\t\t\t\t<\/div>\n\t\t","protected":false},"excerpt":{"rendered":"<p>Impressum Industrietechnik Rudolf SeidlAm J\u00e4gersteg 2DE-57629 M\u00fcschenbach USt\/VAT-Nr: DE152748450 &#8211; autorisierter Fachvertrieb DE \u0399 AT \u0399 CH &#8211; Tel.: +49-2662\u20132413Fax: +49-2662\u201350606Email: info@indutech-seidl.de vom Smartphone anrufen \u00a0 Haftungsausschluss 1. Inhalt des Onlineangebotes Der Autor \u00fcbernimmt keinerlei Gew\u00e4hr f\u00fcr die Aktualit\u00e4t, Korrektheit, Vollst\u00e4ndigkeit oder Qualit\u00e4t der bereitgestellten Informationen. Haftungsanspr\u00fcche gegen den Autor, welche sich auf Sch\u00e4den materieller [&hellip;]<\/p>\n","protected":false},"author":1,"featured_media":0,"parent":0,"menu_order":0,"comment_status":"closed","ping_status":"closed","template":"","meta":{"ocean_post_layout":"","ocean_both_sidebars_style":"","ocean_both_sidebars_content_width":0,"ocean_both_sidebars_sidebars_width":0,"ocean_sidebar":"0","ocean_second_sidebar":"0","ocean_disable_margins":"enable","ocean_add_body_class":"","ocean_shortcode_before_top_bar":"","ocean_shortcode_after_top_bar":"","ocean_shortcode_before_header":"","ocean_shortcode_after_header":"","ocean_has_shortcode":"","ocean_shortcode_after_title":"","ocean_shortcode_before_footer_widgets":"","ocean_shortcode_after_footer_widgets":"","ocean_shortcode_before_footer_bottom":"","ocean_shortcode_after_footer_bottom":"","ocean_display_top_bar":"default","ocean_display_header":"default","ocean_header_style":"","ocean_center_header_left_menu":"0","ocean_custom_header_template":"0","ocean_custom_logo":0,"ocean_custom_retina_logo":0,"ocean_custom_logo_max_width":0,"ocean_custom_logo_tablet_max_width":0,"ocean_custom_logo_mobile_max_width":0,"ocean_custom_logo_max_height":0,"ocean_custom_logo_tablet_max_height":0,"ocean_custom_logo_mobile_max_height":0,"ocean_header_custom_menu":"0","ocean_menu_typo_font_family":"0","ocean_menu_typo_font_subset":"","ocean_menu_typo_font_size":0,"ocean_menu_typo_font_size_tablet":0,"ocean_menu_typo_font_size_mobile":0,"ocean_menu_typo_font_size_unit":"px","ocean_menu_typo_font_weight":"","ocean_menu_typo_font_weight_tablet":"","ocean_menu_typo_font_weight_mobile":"","ocean_menu_typo_transform":"","ocean_menu_typo_transform_tablet":"","ocean_menu_typo_transform_mobile":"","ocean_menu_typo_line_height":0,"ocean_menu_typo_line_height_tablet":0,"ocean_menu_typo_line_height_mobile":0,"ocean_menu_typo_line_height_unit":"","ocean_menu_typo_spacing":0,"ocean_menu_typo_spacing_tablet":0,"ocean_menu_typo_spacing_mobile":0,"ocean_menu_typo_spacing_unit":"","ocean_menu_link_color":"","ocean_menu_link_color_hover":"","ocean_menu_link_color_active":"","ocean_menu_link_background":"","ocean_menu_link_hover_background":"","ocean_menu_link_active_background":"","ocean_menu_social_links_bg":"","ocean_menu_social_hover_links_bg":"","ocean_menu_social_links_color":"","ocean_menu_social_hover_links_color":"","ocean_disable_title":"default","ocean_disable_heading":"default","ocean_post_title":"","ocean_post_subheading":"","ocean_post_title_style":"","ocean_post_title_background_color":"","ocean_post_title_background":0,"ocean_post_title_bg_image_position":"","ocean_post_title_bg_image_attachment":"","ocean_post_title_bg_image_repeat":"","ocean_post_title_bg_image_size":"","ocean_post_title_height":0,"ocean_post_title_bg_overlay":0.5,"ocean_post_title_bg_overlay_color":"","ocean_disable_breadcrumbs":"default","ocean_breadcrumbs_color":"","ocean_breadcrumbs_separator_color":"","ocean_breadcrumbs_links_color":"","ocean_breadcrumbs_links_hover_color":"","ocean_display_footer_widgets":"default","ocean_display_footer_bottom":"default","ocean_custom_footer_template":"0","footnotes":""},"class_list":["post-680","page","type-page","status-publish","hentry","entry"],"yoast_head":"\n<title>Impressum - Industrietechnik Rudolf Seidl-Schwei\u00dfkantenformer-Anfasmaschinen<\/title>\n<meta name=\"robots\" content=\"index, follow, max-snippet:-1, max-image-preview:large, max-video-preview:-1\" \/>\n<link rel=\"canonical\" href=\"https:\/\/cms.indutech-seidl.de\/index.php\/impressum\/\" \/>\n<meta property=\"og:locale\" content=\"de_DE\" \/>\n<meta property=\"og:type\" content=\"article\" \/>\n<meta property=\"og:title\" content=\"Impressum - Industrietechnik Rudolf Seidl-Schwei\u00dfkantenformer-Anfasmaschinen\" \/>\n<meta property=\"og:description\" content=\"Impressum Industrietechnik Rudolf SeidlAm J\u00e4gersteg 2DE-57629 M\u00fcschenbach USt\/VAT-Nr: DE152748450 &#8211; autorisierter Fachvertrieb DE \u0399 AT \u0399 CH &#8211; Tel.: +49-2662\u20132413Fax: +49-2662\u201350606Email: info@indutech-seidl.de vom Smartphone anrufen \u00a0 Haftungsausschluss 1. Inhalt des Onlineangebotes Der Autor \u00fcbernimmt keinerlei Gew\u00e4hr f\u00fcr die Aktualit\u00e4t, Korrektheit, Vollst\u00e4ndigkeit oder Qualit\u00e4t der bereitgestellten Informationen. Haftungsanspr\u00fcche gegen den Autor, welche sich auf Sch\u00e4den materieller [&hellip;]\" \/>\n<meta property=\"og:url\" content=\"https:\/\/cms.indutech-seidl.de\/index.php\/impressum\/\" \/>\n<meta property=\"og:site_name\" content=\"Industrietechnik Rudolf Seidl-Schwei\u00dfkantenformer-Anfasmaschinen\" \/>\n<meta property=\"article:modified_time\" content=\"2021-07-25T08:49:04+00:00\" \/>\n<meta property=\"og:image\" content=\"https:\/\/cms.indutech-seidl.de\/ahytchov\/2021\/05\/Logo_original.png\" \/>\n<meta name=\"twitter:card\" content=\"summary_large_image\" \/>\n<meta name=\"twitter:label1\" content=\"Gesch\u00e4tzte Lesezeit\" \/>\n\t<meta name=\"twitter:data1\" content=\"4\u00a0Minuten\" \/>\n<script type=\"application\/ld+json\" class=\"yoast-schema-graph\">{\"@context\":\"https:\\\/\\\/schema.org\",\"@graph\":[{\"@type\":\"WebPage\",\"@id\":\"https:\\\/\\\/cms.indutech-seidl.de\\\/index.php\\\/impressum\\\/\",\"url\":\"https:\\\/\\\/cms.indutech-seidl.de\\\/index.php\\\/impressum\\\/\",\"name\":\"Impressum - Industrietechnik Rudolf Seidl-Schwei\u00dfkantenformer-Anfasmaschinen\",\"isPartOf\":{\"@id\":\"https:\\\/\\\/cms.indutech-seidl.de\\\/#website\"},\"primaryImageOfPage\":{\"@id\":\"https:\\\/\\\/cms.indutech-seidl.de\\\/index.php\\\/impressum\\\/#primaryimage\"},\"image\":{\"@id\":\"https:\\\/\\\/cms.indutech-seidl.de\\\/index.php\\\/impressum\\\/#primaryimage\"},\"thumbnailUrl\":\"https:\\\/\\\/cms.indutech-seidl.de\\\/wp-content\\\/uploads\\\/2021\\\/05\\\/Logo_original.png\",\"datePublished\":\"2021-05-20T19:42:37+00:00\",\"dateModified\":\"2021-07-25T08:49:04+00:00\",\"breadcrumb\":{\"@id\":\"https:\\\/\\\/cms.indutech-seidl.de\\\/index.php\\\/impressum\\\/#breadcrumb\"},\"inLanguage\":\"de\",\"potentialAction\":[{\"@type\":\"ReadAction\",\"target\":[\"https:\\\/\\\/cms.indutech-seidl.de\\\/index.php\\\/impressum\\\/\"]}]},{\"@type\":\"ImageObject\",\"inLanguage\":\"de\",\"@id\":\"https:\\\/\\\/cms.indutech-seidl.de\\\/index.php\\\/impressum\\\/#primaryimage\",\"url\":\"https:\\\/\\\/cms.indutech-seidl.de\\\/wp-content\\\/uploads\\\/2021\\\/05\\\/Logo_original.png\",\"contentUrl\":\"https:\\\/\\\/cms.indutech-seidl.de\\\/wp-content\\\/uploads\\\/2021\\\/05\\\/Logo_original.png\",\"width\":1000,\"height\":288},{\"@type\":\"BreadcrumbList\",\"@id\":\"https:\\\/\\\/cms.indutech-seidl.de\\\/index.php\\\/impressum\\\/#breadcrumb\",\"itemListElement\":[{\"@type\":\"ListItem\",\"position\":1,\"name\":\"Startseite\",\"item\":\"https:\\\/\\\/cms.indutech-seidl.de\\\/\"},{\"@type\":\"ListItem\",\"position\":2,\"name\":\"Impressum\"}]},{\"@type\":\"WebSite\",\"@id\":\"https:\\\/\\\/cms.indutech-seidl.de\\\/#website\",\"url\":\"https:\\\/\\\/cms.indutech-seidl.de\\\/\",\"name\":\"Industrietechnik Rudolf Seidl-Schwei\u00dfkantenformer-Anfasmaschinen\",\"description\":\"Industrietechnik Rudolf Seidl\",\"potentialAction\":[{\"@type\":\"SearchAction\",\"target\":{\"@type\":\"EntryPoint\",\"urlTemplate\":\"https:\\\/\\\/cms.indutech-seidl.de\\\/?s={search_term_string}\"},\"query-input\":{\"@type\":\"PropertyValueSpecification\",\"valueRequired\":true,\"valueName\":\"search_term_string\"}}],\"inLanguage\":\"de\"}]}<\/script>\n","yoast_head_json":{"title":"Impressum - Industrietechnik Rudolf Seidl-Schwei\u00dfkantenformer-Anfasmaschinen","robots":{"index":"index","follow":"follow","max-snippet":"max-snippet:-1","max-image-preview":"max-image-preview:large","max-video-preview":"max-video-preview:-1"},"canonical":"https:\/\/cms.indutech-seidl.de\/index.php\/impressum\/","og_locale":"de_DE","og_type":"article","og_title":"Impressum - Industrietechnik Rudolf Seidl-Schwei\u00dfkantenformer-Anfasmaschinen","og_description":"Impressum Industrietechnik Rudolf SeidlAm J\u00e4gersteg 2DE-57629 M\u00fcschenbach USt\/VAT-Nr: DE152748450 &#8211; autorisierter Fachvertrieb DE \u0399 AT \u0399 CH &#8211; Tel.: +49-2662\u20132413Fax: +49-2662\u201350606Email: info@indutech-seidl.de vom Smartphone anrufen \u00a0 Haftungsausschluss 1. Inhalt des Onlineangebotes Der Autor \u00fcbernimmt keinerlei Gew\u00e4hr f\u00fcr die Aktualit\u00e4t, Korrektheit, Vollst\u00e4ndigkeit oder Qualit\u00e4t der bereitgestellten Informationen. Haftungsanspr\u00fcche gegen den Autor, welche sich auf Sch\u00e4den materieller [&hellip;]","og_url":"https:\/\/cms.indutech-seidl.de\/index.php\/impressum\/","og_site_name":"Industrietechnik Rudolf Seidl-Schwei\u00dfkantenformer-Anfasmaschinen","article_modified_time":"2021-07-25T08:49:04+00:00","og_image":[{"url":"https:\/\/cms.indutech-seidl.de\/ahytchov\/2021\/05\/Logo_original.png","type":"","width":"","height":""}],"twitter_card":"summary_large_image","twitter_misc":{"Gesch\u00e4tzte Lesezeit":"4\u00a0Minuten"},"schema":{"@context":"https:\/\/schema.org","@graph":[{"@type":"WebPage","@id":"https:\/\/cms.indutech-seidl.de\/index.php\/impressum\/","url":"https:\/\/cms.indutech-seidl.de\/index.php\/impressum\/","name":"Impressum - Industrietechnik Rudolf Seidl-Schwei\u00dfkantenformer-Anfasmaschinen","isPartOf":{"@id":"https:\/\/cms.indutech-seidl.de\/#website"},"primaryImageOfPage":{"@id":"https:\/\/cms.indutech-seidl.de\/index.php\/impressum\/#primaryimage"},"image":{"@id":"https:\/\/cms.indutech-seidl.de\/index.php\/impressum\/#primaryimage"},"thumbnailUrl":"https:\/\/cms.indutech-seidl.de\/ahytchov\/2021\/05\/Logo_original.png","datePublished":"2021-05-20T19:42:37+00:00","dateModified":"2021-07-25T08:49:04+00:00","breadcrumb":{"@id":"https:\/\/cms.indutech-seidl.de\/index.php\/impressum\/#breadcrumb"},"inLanguage":"de","potentialAction":[{"@type":"ReadAction","target":["https:\/\/cms.indutech-seidl.de\/index.php\/impressum\/"]}]},{"@type":"ImageObject","inLanguage":"de","@id":"https:\/\/cms.indutech-seidl.de\/index.php\/impressum\/#primaryimage","url":"https:\/\/cms.indutech-seidl.de\/ahytchov\/2021\/05\/Logo_original.png","contentUrl":"https:\/\/cms.indutech-seidl.de\/ahytchov\/2021\/05\/Logo_original.png","width":1000,"height":288},{"@type":"BreadcrumbList","@id":"https:\/\/cms.indutech-seidl.de\/index.php\/impressum\/#breadcrumb","itemListElement":[{"@type":"ListItem","position":1,"name":"Startseite","item":"https:\/\/cms.indutech-seidl.de\/"},{"@type":"ListItem","position":2,"name":"Impressum"}]},{"@type":"WebSite","@id":"https:\/\/cms.indutech-seidl.de\/#website","url":"https:\/\/cms.indutech-seidl.de\/","name":"Industrietechnik Rudolf Seidl-Schwei\u00dfkantenformer-Anfasmaschinen","description":"Industrietechnik Rudolf Seidl","potentialAction":[{"@type":"SearchAction","target":{"@type":"EntryPoint","urlTemplate":"https:\/\/cms.indutech-seidl.de\/?s={search_term_string}"},"query-input":{"@type":"PropertyValueSpecification","valueRequired":true,"valueName":"search_term_string"}}],"inLanguage":"de"}]}},"_links":{"self":[{"href":"https:\/\/cms.indutech-seidl.de\/index.php\/wp-json\/wp\/v2\/pages\/680","targetHints":{"allow":["GET"]}}],"collection":[{"href":"https:\/\/cms.indutech-seidl.de\/index.php\/wp-json\/wp\/v2\/pages"}],"about":[{"href":"https:\/\/cms.indutech-seidl.de\/index.php\/wp-json\/wp\/v2\/types\/page"}],"author":[{"embeddable":true,"href":"https:\/\/cms.indutech-seidl.de\/index.php\/wp-json\/wp\/v2\/users\/1"}],"replies":[{"embeddable":true,"href":"https:\/\/cms.indutech-seidl.de\/index.php\/wp-json\/wp\/v2\/comments?post=680"}],"version-history":[{"count":37,"href":"https:\/\/cms.indutech-seidl.de\/index.php\/wp-json\/wp\/v2\/pages\/680\/revisions"}],"predecessor-version":[{"id":1478,"href":"https:\/\/cms.indutech-seidl.de\/index.php\/wp-json\/wp\/v2\/pages\/680\/revisions\/1478"}],"wp:attachment":[{"href":"https:\/\/cms.indutech-seidl.de\/index.php\/wp-json\/wp\/v2\/media?parent=680"}],"curies":[{"name":"wp","href":"https:\/\/api.w.org\/{rel}","templated":true}]}}